{"id":24065,"date":"2021-09-11T09:47:12","date_gmt":"2021-09-11T07:47:12","guid":{"rendered":"https:\/\/airpura.de\/produkt\/purificateur-dair-i-700-hepa-13-si\/"},"modified":"2021-09-11T09:47:12","modified_gmt":"2021-09-11T07:47:12","slug":"purificateur-dair-i-700-hepa-13-si","status":"publish","type":"product","link":"https:\/\/airpura.de\/fr\/produkt\/purificateur-dair-i-700-hepa-13-si\/","title":{"rendered":"Purificateur d&rsquo;air I 700 &#8211; HEPA 13 SI"},"content":{"rendered":"","protected":false},"excerpt":{"rendered":"<p>Qu&rsquo;il s&rsquo;agisse d&rsquo;allergies ou d&rsquo;a\u00e9rosols. Le purificateur d&rsquo;air Airpura I 700V &#8211; H13 filtre jusqu&rsquo;\u00e0<strong> 99,95 % des virus, bact\u00e9ries et allerg\u00e8nes<\/strong> de l&rsquo;air ambiant.<\/p>\n<p><strong>Points forts:<\/strong><\/p>\n<ul>\n<li>Faibles co\u00fbts d&rsquo;entretien<\/li>\n<li>Filtre extra large HEPA haute performance<\/li>\n<li>Bo\u00eetier robuste, de haute qualit\u00e9 et stable<\/li>\n<\/ul>\n<p>Le purificateur d&rsquo;air I 700V &#8211; H13 est livr\u00e9 pr\u00eat \u00e0 fonctionner avec des filtres HEPA.<\/p>\n<blockquote><p>Vous souhaitez avoir un aper\u00e7u des diff\u00e9rents mod\u00e8les ? Ajoutez vos mod\u00e8les \u00e0 la liste de comparaison en appuyant sur le bouton \u00ab <strong>Comparer<\/strong> \u00bb (sous le panier).<\/p><\/blockquote>\n","protected":false},"featured_media":23558,"comment_status":"open","ping_status":"closed","template":"","meta":{"_acf_changed":false},"product_brand":[],"product_cat":[303,307,312,299],"product_tag":[],"class_list":{"0":"post-24065","1":"product","2":"type-product","3":"status-publish","4":"has-post-thumbnail","6":"product_cat-filtre-hepa-13","7":"product_cat-pas-de-destruction-des-germes-uv","8":"product_cat-portable","9":"product_cat-sante-virus","11":"first","12":"instock","13":"taxable","14":"shipping-taxable","15":"purchasable","16":"product-type-variable"},"acf":[],"_links":{"self":[{"href":"https:\/\/airpura.de\/fr\/wp-json\/wp\/v2\/product\/24065","targetHints":{"allow":["GET"]}}],"collection":[{"href":"https:\/\/airpura.de\/fr\/wp-json\/wp\/v2\/product"}],"about":[{"href":"https:\/\/airpura.de\/fr\/wp-json\/wp\/v2\/types\/product"}],"replies":[{"embeddable":true,"href":"https:\/\/airpura.de\/fr\/wp-json\/wp\/v2\/comments?post=24065"}],"wp:featuredmedia":[{"embeddable":true,"href":"https:\/\/airpura.de\/fr\/wp-json\/wp\/v2\/media\/23558"}],"wp:attachment":[{"href":"https:\/\/airpura.de\/fr\/wp-json\/wp\/v2\/media?parent=24065"}],"wp:term":[{"taxonomy":"product_brand","embeddable":true,"href":"https:\/\/airpura.de\/fr\/wp-json\/wp\/v2\/product_brand?post=24065"},{"taxonomy":"product_cat","embeddable":true,"href":"https:\/\/airpura.de\/fr\/wp-json\/wp\/v2\/product_cat?post=24065"},{"taxonomy":"product_tag","embeddable":true,"href":"https:\/\/airpura.de\/fr\/wp-json\/wp\/v2\/product_tag?post=24065"}],"curies":[{"name":"wp","href":"https:\/\/api.w.org\/{rel}","templated":true}]}}