{"id":24005,"date":"2021-09-11T09:46:55","date_gmt":"2021-09-11T07:46:55","guid":{"rendered":"https:\/\/airpura.de\/produkt\/kit-de-connexion-pour-linstallation-de-lappareil-au-milieu-de-la-piece\/"},"modified":"2021-09-11T09:46:55","modified_gmt":"2021-09-11T07:46:55","slug":"kit-de-connexion-pour-installation-des-appareils-au-centre-de-la-chambre","status":"publish","type":"product","link":"https:\/\/airpura.de\/fr\/produkt\/kit-de-connexion-pour-installation-des-appareils-au-centre-de-la-chambre\/","title":{"rendered":"Kit de connexion pour l&rsquo;installation de l&rsquo;appareil au milieu de la pi\u00e8ce"},"content":{"rendered":"","protected":false},"excerpt":{"rendered":"<p>Contenu: goulotte de c\u00e2bles autocollante couleur signal 4m incl. C\u00e2ble de connexion de 5 m<\/p>\n","protected":false},"featured_media":23504,"comment_status":"open","ping_status":"closed","template":"","meta":{"_acf_changed":false},"product_brand":[],"product_cat":[298],"product_tag":[],"class_list":{"0":"post-24005","1":"product","2":"type-product","3":"status-publish","4":"has-post-thumbnail","6":"product_cat-pieces-de-rechange","8":"first","9":"instock","10":"taxable","11":"shipping-taxable","12":"purchasable","13":"product-type-simple"},"acf":[],"_links":{"self":[{"href":"https:\/\/airpura.de\/fr\/wp-json\/wp\/v2\/product\/24005","targetHints":{"allow":["GET"]}}],"collection":[{"href":"https:\/\/airpura.de\/fr\/wp-json\/wp\/v2\/product"}],"about":[{"href":"https:\/\/airpura.de\/fr\/wp-json\/wp\/v2\/types\/product"}],"replies":[{"embeddable":true,"href":"https:\/\/airpura.de\/fr\/wp-json\/wp\/v2\/comments?post=24005"}],"wp:featuredmedia":[{"embeddable":true,"href":"https:\/\/airpura.de\/fr\/wp-json\/wp\/v2\/media\/23504"}],"wp:attachment":[{"href":"https:\/\/airpura.de\/fr\/wp-json\/wp\/v2\/media?parent=24005"}],"wp:term":[{"taxonomy":"product_brand","embeddable":true,"href":"https:\/\/airpura.de\/fr\/wp-json\/wp\/v2\/product_brand?post=24005"},{"taxonomy":"product_cat","embeddable":true,"href":"https:\/\/airpura.de\/fr\/wp-json\/wp\/v2\/product_cat?post=24005"},{"taxonomy":"product_tag","embeddable":true,"href":"https:\/\/airpura.de\/fr\/wp-json\/wp\/v2\/product_tag?post=24005"}],"curies":[{"name":"wp","href":"https:\/\/api.w.org\/{rel}","templated":true}]}}