{"id":24200,"date":"2021-09-11T17:34:08","date_gmt":"2021-09-11T15:34:08","guid":{"rendered":"https:\/\/airpura.de\/guide-allergie-au-pollen\/"},"modified":"2022-06-08T14:28:15","modified_gmt":"2022-06-08T12:28:15","slug":"guide-allergie-au-pollen","status":"publish","type":"page","link":"https:\/\/airpura.de\/fr\/conseiller\/guide-allergie-au-pollen\/","title":{"rendered":"Guide &#8211; allergie au pollen"},"content":{"rendered":"<p><div class=\"fusion-fullwidth fullwidth-box fusion-builder-row-1 fusion-flex-container nonhundred-percent-fullwidth non-hundred-percent-height-scrolling\" style=\"--awb-border-radius-top-left:0px;--awb-border-radius-top-right:0px;--awb-border-radius-bottom-right:0px;--awb-border-radius-bottom-left:0px;--awb-flex-wrap:wrap;\" ><div class=\"fusion-builder-row fusion-row fusion-flex-align-items-flex-start fusion-flex-content-wrap\" style=\"max-width:1216.8px;margin-left: calc(-4% \/ 2 );margin-right: calc(-4% \/ 2 );\"><div class=\"fusion-layout-column fusion_builder_column fusion-builder-column-0 fusion_builder_column_1_2 1_2 fusion-flex-column\" style=\"--awb-bg-size:cover;--awb-width-large:50%;--awb-margin-top-large:0px;--awb-spacing-right-large:3.84%;--awb-margin-bottom-large:20px;--awb-spacing-left-large:3.84%;--awb-width-medium:100%;--awb-order-medium:0;--awb-spacing-right-medium:1.92%;--awb-spacing-left-medium:1.92%;--awb-width-small:100%;--awb-order-small:0;--awb-spacing-right-small:1.92%;--awb-spacing-left-small:1.92%;\"><div class=\"fusion-column-wrapper fusion-column-has-shadow fusion-flex-justify-content-flex-start fusion-content-layout-column\"><div class=\"fusion-title title fusion-title-1 fusion-title-text fusion-title-size-one\" style=\"--awb-margin-top-small:0px;--awb-margin-right-small:0px;--awb-margin-bottom-small:20px;--awb-margin-left-small:0px;\"><div class=\"title-sep-container title-sep-container-left fusion-no-large-visibility fusion-no-medium-visibility fusion-no-small-visibility\"><div class=\"title-sep sep- sep-solid\" style=\"border-color:#e2e2e2;\"><\/div><\/div><span class=\"awb-title-spacer fusion-no-large-visibility fusion-no-medium-visibility fusion-no-small-visibility\"><\/span><h1 class=\"fusion-title-heading title-heading-left fusion-responsive-typography-calculated\" style=\"margin:0;--fontSize:45;line-height:1.14;\">Une allergie au pollen frappe toujours quand il fait le plus beau dehors<\/h1><span class=\"awb-title-spacer\"><\/span><div class=\"title-sep-container title-sep-container-right\"><div class=\"title-sep sep- sep-solid\" style=\"border-color:#e2e2e2;\"><\/div><\/div><\/div><div class=\"fusion-text fusion-text-1\"><p>Le printemps et le d\u00e9but de l&rsquo;\u00e9t\u00e9 sont des mois difficiles pour les personnes allergiques au pollen &#8211; car avec le d\u00e9but de la saison chaude, il n&rsquo;y a pas de fuite de pollen de toutes sortes.Dans notre guide, vous apprendrez ce qui d\u00e9clenche une allergie au pollen, comment vous pouvez combattre avec succ\u00e8s les sympt\u00f4mes d&rsquo;une allergie au pollen et pourquoi <a href=\"https:\/\/airpura.de\/shop\/\">Le purificateur d&rsquo;air<\/a> est probablement le meilleur appareil pour une allergie au pollen.<\/p>\n<h2 class=\"fusion-responsive-typography-calculated\" style=\"--fontsize: 38; line-height: 1.29;\" data-fontsize=\"38\" data-lineheight=\"49px\">Qu&rsquo;est-ce que le pollen ?<\/h2>\n<p>Le terme pollen vient du latin et signifie \u00ab\u00a0poussi\u00e8re de farine\u00a0\u00bb ou \u00ab\u00a0farine tr\u00e8s fine\u00a0\u00bb. Et en effet, le pollen, un autre mot pour le pollen, est une substance semblable \u00e0 de la farine form\u00e9e dans les soi-disant \u00e9tamines des plantes \u00e0 graines. Le pollen aide la plante \u00e0 transporter les cellules germinales m\u00e2les, bien prot\u00e9g\u00e9es, vers les organes r\u00e9cepteurs femelles. Le pollen permet ainsi la f\u00e9condation des plantes.<\/p>\n<h3 class=\"fusion-responsive-typography-calculated\" style=\"--fontsize: 26; line-height: 1.27;\" data-fontsize=\"26\" data-lineheight=\"33px\">Qu&rsquo;est-ce que l&rsquo;allergie au pollen ?<\/h3>\n<p>D\u00e8s le d\u00e9but de la phase de floraison des arbres et arbustes, le pollen est dispers\u00e9 sur de grandes surfaces par le vent ou les insectes. Le pollen qui vole est microscopiquement petit &#8211; et nous, les humains, l&rsquo;absorbons donc aussi par le nez ou la bouche. Chez certaines personnes, le syst\u00e8me immunitaire r\u00e9agit au pollen comme s&rsquo;il s&rsquo;agissait d&rsquo;un germe. En tant que r\u00e9action de d\u00e9fense, la substance messag\u00e8re histamine est lib\u00e9r\u00e9e &#8211; qui est responsable des sympt\u00f4mes bien connus d&rsquo;une allergie au pollen tels que d\u00e9mangeaisons, \u00e9ternuements, \u00e9coulement nasal ou yeux rouges. Une allergie au pollen n&rsquo;est donc pas une maladie au sens propre du terme, mais plut\u00f4t une r\u00e9action excessive du syst\u00e8me immunitaire \u00e0 une substance en fait totalement inoffensive.<\/p>\n<h3 class=\"fusion-responsive-typography-calculated\" style=\"--fontsize: 26; line-height: 1.27;\" data-fontsize=\"26\" data-lineheight=\"33px\"><\/h3>\n<div><\/div>\n<div><\/div>\n<\/div><\/div><\/div><div class=\"fusion-layout-column fusion_builder_column fusion-builder-column-1 fusion_builder_column_1_2 1_2 fusion-flex-column\" style=\"--awb-padding-top:20px;--awb-padding-right:20px;--awb-padding-bottom:20px;--awb-padding-left:20px;--awb-bg-color:#f1f1f1;--awb-bg-color-hover:#f1f1f1;--awb-bg-size:cover;--awb-width-large:50%;--awb-margin-top-large:0px;--awb-spacing-right-large:3.84%;--awb-margin-bottom-large:20px;--awb-spacing-left-large:3.84%;--awb-width-medium:100%;--awb-order-medium:0;--awb-spacing-right-medium:1.92%;--awb-spacing-left-medium:1.92%;--awb-width-small:100%;--awb-order-small:0;--awb-spacing-right-small:1.92%;--awb-spacing-left-small:1.92%;\"><div class=\"fusion-column-wrapper fusion-column-has-shadow fusion-flex-justify-content-flex-start fusion-content-layout-column\"><div class=\"fusion-image-element \" style=\"--awb-margin-top:20px;--awb-caption-title-font-family:var(--h2_typography-font-family);--awb-caption-title-font-weight:var(--h2_typography-font-weight);--awb-caption-title-font-style:var(--h2_typography-font-style);--awb-caption-title-size:var(--h2_typography-font-size);--awb-caption-title-transform:var(--h2_typography-text-transform);--awb-caption-title-line-height:var(--h2_typography-line-height);--awb-caption-title-letter-spacing:var(--h2_typography-letter-spacing);\"><span class=\" fusion-imageframe imageframe-none imageframe-1 hover-type-none\"><img loading=\"lazy\" decoding=\"async\" width=\"1400\" height=\"928\" alt=\"Allergie au pollen - Guide du purificateur d&#039;air\" title=\"Airpura Luftreiniger gegen Pollen\" src=\"https:\/\/airpura.de\/wp-content\/uploads\/2021\/09\/Luftreiniger-gegen-Pollen.jpg\" class=\"img-responsive wp-image-23480\" srcset=\"https:\/\/airpura.de\/wp-content\/uploads\/2021\/09\/Luftreiniger-gegen-Pollen-200x133.jpg 200w, https:\/\/airpura.de\/wp-content\/uploads\/2021\/09\/Luftreiniger-gegen-Pollen-400x265.jpg 400w, https:\/\/airpura.de\/wp-content\/uploads\/2021\/09\/Luftreiniger-gegen-Pollen-600x398.jpg 600w, https:\/\/airpura.de\/wp-content\/uploads\/2021\/09\/Luftreiniger-gegen-Pollen-800x530.jpg 800w, https:\/\/airpura.de\/wp-content\/uploads\/2021\/09\/Luftreiniger-gegen-Pollen-1200x795.jpg 1200w, https:\/\/airpura.de\/wp-content\/uploads\/2021\/09\/Luftreiniger-gegen-Pollen.jpg 1400w\" sizes=\"auto, (max-width: 1024px) 100vw, (max-width: 640px) 100vw, 600px\" \/><\/span><\/div><\/div><\/div><\/div><\/div><div class=\"fusion-fullwidth fullwidth-box fusion-builder-row-2 fusion-flex-container nonhundred-percent-fullwidth non-hundred-percent-height-scrolling\" style=\"--awb-border-radius-top-left:0px;--awb-border-radius-top-right:0px;--awb-border-radius-bottom-right:0px;--awb-border-radius-bottom-left:0px;--awb-flex-wrap:wrap;\" ><div class=\"fusion-builder-row fusion-row fusion-flex-align-items-flex-start fusion-flex-content-wrap\" style=\"max-width:1216.8px;margin-left: calc(-4% \/ 2 );margin-right: calc(-4% \/ 2 );\"><div class=\"fusion-layout-column fusion_builder_column fusion-builder-column-2 fusion_builder_column_1_1 1_1 fusion-flex-column\" style=\"--awb-bg-size:cover;--awb-width-large:100%;--awb-margin-top-large:0px;--awb-spacing-right-large:1.92%;--awb-margin-bottom-large:20px;--awb-spacing-left-large:1.92%;--awb-width-medium:100%;--awb-order-medium:0;--awb-spacing-right-medium:1.92%;--awb-spacing-left-medium:1.92%;--awb-width-small:100%;--awb-order-small:0;--awb-spacing-right-small:1.92%;--awb-spacing-left-small:1.92%;\"><div class=\"fusion-column-wrapper fusion-column-has-shadow fusion-flex-justify-content-flex-start fusion-content-layout-column\"><div class=\"fusion-text fusion-text-2\"><h4 class=\"fusion-responsive-typography-calculated\" style=\"--fontsize: 28; line-height: 1.29;\" data-fontsize=\"28\" data-lineheight=\"36px\">Quels sont les sympt\u00f4mes d&rsquo;une allergie au pollen ?<\/h4>\n<p>Une allergie au pollen peut se manifester sous une grande vari\u00e9t\u00e9 de formes. Le pollen \u00e9tant principalement absorb\u00e9 par les organes respiratoires, c&rsquo;est aussi l\u00e0 que se produisent les r\u00e9actions de d\u00e9fense les plus violentes. Cependant, une allergie au pollen peut aussi toucher tout le corps !<\/p>\n<p><strong>Les sympt\u00f4mes typiques d&rsquo;une allergie au pollen comprennent&nbsp;:<\/strong><\/p>\n<ul>\n<li>Nez bouch\u00e9 \/ rhume des foins<\/li>\n<li>Envie persistante d&rsquo;\u00e9ternuer<\/li>\n<li>Nez et yeux qui piquent<\/li>\n<li>Nez qui coule<\/li>\n<li>Muqueuse nasale enflamm\u00e9e<\/li>\n<li>toux<\/li>\n<li>mal de t\u00eate<\/li>\n<li>essoufflement<\/li>\n<\/ul>\n<p><strong>Les autres r\u00e9actions de l&rsquo;organisme dans le cadre de l&rsquo;allergie au pollen sont :<\/strong><\/p>\n<ul>\n<li>\u00e9ruptions cutan\u00e9es<\/li>\n<li>gonflement<\/li>\n<li>probl\u00e8mes de concentration<\/li>\n<li>les troubles du sommeil<\/li>\n<li>n\u00e9vrodermite<\/li>\n<li>probl\u00e8mes circulatoires<\/li>\n<\/ul>\n<h4 class=\"fusion-responsive-typography-calculated\" style=\"--fontsize: 28; line-height: 1.29;\" data-fontsize=\"28\" data-lineheight=\"36px\">Une allergie au pollen peut-elle \u00eatre trait\u00e9e avec des m\u00e9dicaments ?<\/h4>\n<p>Comme pour toutes les allergies, l&rsquo;allergie au pollen peut \u00eatre trait\u00e9e efficacement. La pr\u00e9sence d&rsquo;une allergie au pollen doit toujours \u00eatre d\u00e9termin\u00e9e par un m\u00e9decin sp\u00e9cialiste. En cas d&rsquo;allergie au pollen confirm\u00e9e, le m\u00e9decin peut prescrire de la cortisone, des antihistaminiques ou des cromones. Chaque m\u00e9dicament a ses propres avantages et inconv\u00e9nients, que seul le m\u00e9decin peut clarifier de mani\u00e8re fiable. Important \u00e0 savoir : Une gu\u00e9rison compl\u00e8te d&rsquo;une allergie au pollen n&rsquo;est pas possible avec les m\u00e9dicaments disponibles, mais ils att\u00e9nuent les sympt\u00f4mes ou les suppriment compl\u00e8tement. Ainsi, le m\u00e9dicament contre l&rsquo;allergie au pollen contribue \u00e0 un bien-\u00eatre nettement am\u00e9lior\u00e9.<\/p>\n<h4 class=\"fusion-responsive-typography-calculated\" style=\"--fontsize: 28; line-height: 1.29;\" data-fontsize=\"28\" data-lineheight=\"36px\">Quelles plantes sont particuli\u00e8rement dangereuses en cas d&rsquo;allergie au pollen<\/h4>\n<p>Toutes les plantes qui se propagent par graines forment du pollen &#8211; donc en principe toutes les plantes \u00e0 graines sont dot\u00e9es d&rsquo;un potentiel allergisant. Parmi les plantes, cependant, certaines esp\u00e8ces se distinguent :<\/p>\n<ul>\n<li>Ambrosia : Cette plante, import\u00e9e d&rsquo;Am\u00e9rique du Nord, fleurit de la fin juin \u00e0 la fin octobre. L&rsquo;ambroisie est consid\u00e9r\u00e9e comme l&rsquo;une des plantes les plus allergisantes !<\/li>\n<li>Armoise : Cette herbe de cuisine populaire fleurit de la mi-mai \u00e0 la fin octobre. Malheureusement, le pouvoir allerg\u00e8ne de l&rsquo;armoise est tr\u00e8s \u00e9lev\u00e9.<\/li>\n<li>Bouleau: Les bouleaux sont r\u00e9pandus en Europe centrale. En raison de la forte proportion de pollen, les bouleaux font partie des arbres pr\u00e9sentant le potentiel allerg\u00e8ne le plus \u00e9lev\u00e9.<\/li>\n<li>Gramin\u00e9es : Nous avons une grande vari\u00e9t\u00e9 de gramin\u00e9es, de sorte que la phase qui peut d\u00e9clencher une allergie au pollen est d&rsquo;autant plus longue. Les gramin\u00e9es r\u00e9pandent leur pollen d&rsquo;avril \u00e0 fin novembre.<\/li>\n<\/ul>\n<h4 class=\"fusion-responsive-typography-calculated\" style=\"--fontsize: 28; line-height: 1.29;\" data-fontsize=\"28\" data-lineheight=\"36px\">Comment soulager une allergie au pollen ou ses sympt\u00f4mes ?<\/h4>\n<p>Avec quelques comportements, les sympt\u00f4mes caus\u00e9s par une allergie au pollen peuvent \u00eatre consid\u00e9rablement r\u00e9duits. En g\u00e9n\u00e9ral, les fen\u00eatres de la chambre ou les fen\u00eatres de la voiture doivent \u00eatre maintenues ferm\u00e9es pendant les \u00ab\u00a0heures principales de vol\u00a0\u00bb du pollen. La p\u00e9riode entre 18 heures et minuit est la meilleure pour l&rsquo;a\u00e9ration &#8211; ou directement apr\u00e8s de fortes averses. Si vous avez votre propre jardin, toute l&rsquo;herbe doit \u00eatre aussi courte que possible. Toutes les plantes susceptibles de provoquer une allergie au pollen doivent \u00eatre retir\u00e9es avant la floraison. Pour que le pollen ne s&rsquo;infiltre pas dans l&rsquo;appartement, une hygi\u00e8ne minutieuse est de mise ! Les v\u00eatements et les cheveux sont particuli\u00e8rement souvent contamin\u00e9s par le pollen. Par cons\u00e9quent, enlevez vos v\u00eatements de ville d\u00e8s que vous entrez dans vos quatre murs. Vous devez garder vos cheveux tr\u00e8s courts et les rincer r\u00e9guli\u00e8rement. C&rsquo;est ainsi que vous enlevez le pollen adh\u00e9rent avant qu&rsquo;il ne puisse d\u00e9clencher une allergie au pollen. En tant qu&rsquo;aide technique, vous devriez certainement envisager un <a href=\"https:\/\/airpura.de\/shop\/\">purificateur d&rsquo;air<\/a> &#8211; plus \u00e0 ce sujet dans le paragraphe suivant !<\/p>\n<h4 class=\"fusion-responsive-typography-calculated\" style=\"--fontsize: 28; line-height: 1.29;\" data-fontsize=\"28\" data-lineheight=\"36px\">Purificateur d&rsquo;air pour allergie au pollen<\/h4>\n<p>Un <a href=\"https:\/\/airpura.de\/shop\/\">purificateur d&rsquo;air<\/a> est un appareil technique qui permet de filtrer tout l&rsquo;air d&rsquo;une pi\u00e8ce en peu de temps. A cet effet, le purificateur d&rsquo;air dispose d&rsquo;un ventilateur \u00e0 fonctionnement lent qui aspire l&rsquo;air ambiant \u00e0 l&rsquo;int\u00e9rieur du bo\u00eetier. L\u00e0, l&rsquo;air traverse un ou plusieurs filtres et est ainsi d\u00e9barrass\u00e9 des particules de toutes sortes, dont le pollen. L&rsquo;air pur est \u00e0 nouveau expuls\u00e9 de l&rsquo;autre c\u00f4t\u00e9 de l&rsquo;appareil &#8211; le pollen et la poussi\u00e8re sont ainsi \u00e9limin\u00e9s de l&rsquo;air.<\/p>\n<p>Les purificateurs d&rsquo;air destin\u00e9s \u00e0 \u00eatre utilis\u00e9s contre les allergies au pollen doivent \u00eatre \u00e9quip\u00e9s de filtres puissants. La norme minimale pour un purificateur d&rsquo;air contre les allergies au pollen devrait \u00eatre un filtre HEPA. Les filtres HEPA ont des mailles particuli\u00e8rement fines, de sorte que m\u00eame les plus petites particules y adh\u00e8rent. Les purificateurs d&rsquo;air avec filtres \u00e0 charbon actif ont une performance de filtrage encore meilleure. Le charbon actif peut \u00eatre imagin\u00e9 comme une \u00e9ponge tr\u00e8s poreuse dont les innombrables pores absorbent et retiennent en permanence les petites et tr\u00e8s petites particules.<\/p>\n<\/div><\/div><\/div><\/div><\/div><\/p>\n","protected":false},"excerpt":{"rendered":"","protected":false},"author":1,"featured_media":0,"parent":24385,"menu_order":0,"comment_status":"closed","ping_status":"closed","template":"","meta":{"_acf_changed":false,"footnotes":""},"class_list":["post-24200","page","type-page","status-publish","hentry"],"acf":[],"_links":{"self":[{"href":"https:\/\/airpura.de\/fr\/wp-json\/wp\/v2\/pages\/24200","targetHints":{"allow":["GET"]}}],"collection":[{"href":"https:\/\/airpura.de\/fr\/wp-json\/wp\/v2\/pages"}],"about":[{"href":"https:\/\/airpura.de\/fr\/wp-json\/wp\/v2\/types\/page"}],"author":[{"embeddable":true,"href":"https:\/\/airpura.de\/fr\/wp-json\/wp\/v2\/users\/1"}],"replies":[{"embeddable":true,"href":"https:\/\/airpura.de\/fr\/wp-json\/wp\/v2\/comments?post=24200"}],"version-history":[{"count":2,"href":"https:\/\/airpura.de\/fr\/wp-json\/wp\/v2\/pages\/24200\/revisions"}],"predecessor-version":[{"id":24737,"href":"https:\/\/airpura.de\/fr\/wp-json\/wp\/v2\/pages\/24200\/revisions\/24737"}],"up":[{"embeddable":true,"href":"https:\/\/airpura.de\/fr\/wp-json\/wp\/v2\/pages\/24385"}],"wp:attachment":[{"href":"https:\/\/airpura.de\/fr\/wp-json\/wp\/v2\/media?parent=24200"}],"curies":[{"name":"wp","href":"https:\/\/api.w.org\/{rel}","templated":true}]}}