{"id":24180,"date":"2021-09-12T10:36:45","date_gmt":"2021-09-12T08:36:45","guid":{"rendered":"https:\/\/airpura.de\/guide-moisissure-dans-lappartement\/"},"modified":"2022-06-08T14:28:14","modified_gmt":"2022-06-08T12:28:14","slug":"guide-moisissure-dans-lappartement","status":"publish","type":"page","link":"https:\/\/airpura.de\/fr\/conseiller\/guide-moisissure-dans-lappartement\/","title":{"rendered":"Guide &#8211; moisissure dans l&rsquo;appartement"},"content":{"rendered":"<p><div class=\"fusion-fullwidth fullwidth-box fusion-builder-row-1 fusion-flex-container nonhundred-percent-fullwidth non-hundred-percent-height-scrolling\" style=\"--awb-border-radius-top-left:0px;--awb-border-radius-top-right:0px;--awb-border-radius-bottom-right:0px;--awb-border-radius-bottom-left:0px;--awb-flex-wrap:wrap;\" ><div class=\"fusion-builder-row fusion-row fusion-flex-align-items-flex-start fusion-flex-content-wrap\" style=\"max-width:1216.8px;margin-left: calc(-4% \/ 2 );margin-right: calc(-4% \/ 2 );\"><div class=\"fusion-layout-column fusion_builder_column fusion-builder-column-0 fusion_builder_column_1_2 1_2 fusion-flex-column\" style=\"--awb-bg-size:cover;--awb-width-large:50%;--awb-margin-top-large:0px;--awb-spacing-right-large:3.84%;--awb-margin-bottom-large:20px;--awb-spacing-left-large:3.84%;--awb-width-medium:100%;--awb-order-medium:0;--awb-spacing-right-medium:1.92%;--awb-spacing-left-medium:1.92%;--awb-width-small:100%;--awb-order-small:0;--awb-spacing-right-small:1.92%;--awb-spacing-left-small:1.92%;\"><div class=\"fusion-column-wrapper fusion-column-has-shadow fusion-flex-justify-content-flex-start fusion-content-layout-column\"><div class=\"fusion-title title fusion-title-1 fusion-title-text fusion-title-size-one\" style=\"--awb-margin-bottom:10px;--awb-margin-top-small:0px;--awb-margin-right-small:0px;--awb-margin-bottom-small:20px;--awb-margin-left-small:0px;\"><div class=\"title-sep-container title-sep-container-left fusion-no-large-visibility fusion-no-medium-visibility fusion-no-small-visibility\"><div class=\"title-sep sep- sep-solid\" style=\"border-color:#e2e2e2;\"><\/div><\/div><span class=\"awb-title-spacer fusion-no-large-visibility fusion-no-medium-visibility fusion-no-small-visibility\"><\/span><h1 class=\"fusion-title-heading title-heading-left fusion-responsive-typography-calculated\" style=\"margin:0;--fontSize:45;line-height:1.14;\">Moisissure dans l&rsquo;appartement &#8211; Le grand guide<\/h1><span class=\"awb-title-spacer\"><\/span><div class=\"title-sep-container title-sep-container-right\"><div class=\"title-sep sep- sep-solid\" style=\"border-color:#e2e2e2;\"><\/div><\/div><\/div><div class=\"fusion-text fusion-text-1\"><p>La moisissure dans la maison est non seulement d\u00e9go\u00fbtante, mais peut \u00e9galement \u00eatre le d\u00e9clencheur d&rsquo;une grande vari\u00e9t\u00e9 de maladies. La moisissure dans l&rsquo;appartement n&rsquo;est g\u00e9n\u00e9ralement remarqu\u00e9e que lorsqu&rsquo;elle s&rsquo;est d\u00e9j\u00e0 propag\u00e9e. Les premiers signes de moisissure dans l&rsquo;appartement sont une odeur d\u00e9sagr\u00e9able de \u00ab\u00a0moisi\u00a0\u00bb et des taches sombres sur les murs. Dans ce guide, vous d\u00e9couvrirez les causes possibles de la moisissure dans la maison, les maladies que la moisissure peut d\u00e9clencher et, bien s\u00fbr, comment vous pouvez vous d\u00e9barrasser \u00e0 long terme de la moisissure dans la maison. Un petit conseil pour commencer : Un <a href=\"https:\/\/airpura.de\/shop\/\">purificateur d&rsquo;air<\/a> devient une arme puissante si vous voulez d\u00e9clarer la guerre aux moisissures chez vous !<\/p>\n<h2 class=\"fusion-responsive-typography-calculated\" style=\"--fontsize: 38; line-height: 1.29;\" data-fontsize=\"38\" data-lineheight=\"49px\">Qu&rsquo;est-ce que la moisissure et pourquoi habite-t-elle mon appartement&nbsp;?<\/h2>\n<p>Scientifiquement, la moisissure est un champignon, plus pr\u00e9cis\u00e9ment la moisissure est un groupe syst\u00e9matiquement h\u00e9t\u00e9rog\u00e8ne de champignons filamenteux du groupe des Ascomyc\u00e8tes et des Zygomyc\u00e8tes. En termes moins scientifiques, la moisissure est une construction compos\u00e9e d&rsquo;innombrables petits fils fins appel\u00e9s myc\u00e9lium. Ces myc\u00e9liums sont en grande partie invisibles \u00e0 l&rsquo;\u0153il humain. Ce que vous percevez comme de la moisissure dans votre maison, ce sont plut\u00f4t les \u00ab\u00a0organes g\u00e9nitaux\u00a0\u00bb du champignon, les sporanges.<\/p>\n<div><\/div>\n<div><\/div>\n<\/div><\/div><\/div><div class=\"fusion-layout-column fusion_builder_column fusion-builder-column-1 fusion_builder_column_1_2 1_2 fusion-flex-column\" style=\"--awb-padding-top:20px;--awb-padding-right:20px;--awb-padding-bottom:20px;--awb-padding-left:20px;--awb-bg-color:#f1f1f1;--awb-bg-color-hover:#f1f1f1;--awb-bg-size:cover;--awb-width-large:50%;--awb-margin-top-large:0px;--awb-spacing-right-large:3.84%;--awb-margin-bottom-large:20px;--awb-spacing-left-large:3.84%;--awb-width-medium:100%;--awb-order-medium:0;--awb-spacing-right-medium:1.92%;--awb-spacing-left-medium:1.92%;--awb-width-small:100%;--awb-order-small:0;--awb-spacing-right-small:1.92%;--awb-spacing-left-small:1.92%;\"><div class=\"fusion-column-wrapper fusion-column-has-shadow fusion-flex-justify-content-flex-start fusion-content-layout-column\"><div class=\"fusion-image-element \" style=\"--awb-margin-top:20px;--awb-caption-title-font-family:var(--h2_typography-font-family);--awb-caption-title-font-weight:var(--h2_typography-font-weight);--awb-caption-title-font-style:var(--h2_typography-font-style);--awb-caption-title-size:var(--h2_typography-font-size);--awb-caption-title-transform:var(--h2_typography-text-transform);--awb-caption-title-line-height:var(--h2_typography-line-height);--awb-caption-title-letter-spacing:var(--h2_typography-letter-spacing);\"><span class=\" fusion-imageframe imageframe-none imageframe-1 hover-type-none\"><img loading=\"lazy\" decoding=\"async\" width=\"1800\" height=\"1200\" alt=\"Purificateur d&#039;air contre les moisissures dans l&#039;appartement - le grand guide\" title=\"Luftreiniger gegen Schimmel in der Wohnung \u2013 Der gro\u00dfe Ratgeber\" src=\"https:\/\/airpura.de\/wp-content\/uploads\/2021\/09\/Schimmel-in-der-Wohnung.jpg\" class=\"img-responsive wp-image-23573\" srcset=\"https:\/\/airpura.de\/wp-content\/uploads\/2021\/09\/Schimmel-in-der-Wohnung-200x133.jpg 200w, https:\/\/airpura.de\/wp-content\/uploads\/2021\/09\/Schimmel-in-der-Wohnung-400x267.jpg 400w, https:\/\/airpura.de\/wp-content\/uploads\/2021\/09\/Schimmel-in-der-Wohnung-600x400.jpg 600w, https:\/\/airpura.de\/wp-content\/uploads\/2021\/09\/Schimmel-in-der-Wohnung-800x533.jpg 800w, https:\/\/airpura.de\/wp-content\/uploads\/2021\/09\/Schimmel-in-der-Wohnung-1200x800.jpg 1200w, https:\/\/airpura.de\/wp-content\/uploads\/2021\/09\/Schimmel-in-der-Wohnung.jpg 1800w\" sizes=\"auto, (max-width: 1024px) 100vw, (max-width: 640px) 100vw, 600px\" \/><\/span><\/div><\/div><\/div><\/div><\/div><div class=\"fusion-fullwidth fullwidth-box fusion-builder-row-2 fusion-flex-container nonhundred-percent-fullwidth non-hundred-percent-height-scrolling\" style=\"--awb-border-radius-top-left:0px;--awb-border-radius-top-right:0px;--awb-border-radius-bottom-right:0px;--awb-border-radius-bottom-left:0px;--awb-flex-wrap:wrap;\" ><div class=\"fusion-builder-row fusion-row fusion-flex-align-items-flex-start fusion-flex-content-wrap\" style=\"max-width:1216.8px;margin-left: calc(-4% \/ 2 );margin-right: calc(-4% \/ 2 );\"><div class=\"fusion-layout-column fusion_builder_column fusion-builder-column-2 fusion_builder_column_1_1 1_1 fusion-flex-column\" style=\"--awb-bg-size:cover;--awb-width-large:100%;--awb-margin-top-large:0px;--awb-spacing-right-large:1.92%;--awb-margin-bottom-large:20px;--awb-spacing-left-large:1.92%;--awb-width-medium:100%;--awb-order-medium:0;--awb-spacing-right-medium:1.92%;--awb-spacing-left-medium:1.92%;--awb-width-small:100%;--awb-order-small:0;--awb-spacing-right-small:1.92%;--awb-spacing-left-small:1.92%;\"><div class=\"fusion-column-wrapper fusion-column-has-shadow fusion-flex-justify-content-flex-start fusion-content-layout-column\"><div class=\"fusion-text fusion-text-2\"><h3 class=\"fusion-responsive-typography-calculated\" style=\"--fontsize: 26; line-height: 1.27;\" data-fontsize=\"26\" data-lineheight=\"33px\">Bon moule, mauvais moule<\/h3>\n<p>La moisissure ne se trouve pas seulement dans votre maison, mais partout dans la nature. En cons\u00e9quence, les spores de moisissures sont toujours pr\u00e9sentes dans l&rsquo;air. \u00c0 moins que ces spores ne soient pr\u00e9sentes en grand nombre, elles sont inoffensives pour l&rsquo;homme, mais peuvent provoquer des allergies. Dans certains cas, les spores de moisissures entra\u00eenent des maladies graves, en particulier chez les personnes dont le syst\u00e8me immunitaire est affaibli.<\/p>\n<p>Environ 130 000 types de champignons diff\u00e9rents sont connus, dont certains peuvent \u00eatre utilis\u00e9s dans l&rsquo;industrie laiti\u00e8re. On pense ici \u00e0 la moisissure noble sur le fromage ou le saucisson. Les substituts de viande v\u00e9g\u00e9tariens sont fabriqu\u00e9s \u00e0 partir de la moisissure Fusarium venenatum et Botrytis cinerea est responsable de la pourriture dite noble en viticulture. La moisissure peut aussi sauver des vies ! La p\u00e9nicilline, un antibiotique, est produite comme m\u00e9tabolite de la moisissure. Et puis il y a Aspergillus niger, qui est utilis\u00e9 dans l&rsquo;industrie pour produire de l&rsquo;acide citrique. Cette moisissure provoque simultan\u00e9ment diverses maladies chez l&rsquo;homme.<\/p>\n<h4 class=\"fusion-responsive-typography-calculated\" style=\"--fontsize: 28; line-height: 1.29;\" data-fontsize=\"28\" data-lineheight=\"36px\">Comment la moisissure nuit-elle aux gens?<\/h4>\n<p>La moisissure peut non seulement affecter une maison, mais aussi endommager directement les gens par ses produits m\u00e9taboliques, ses composants cellulaires et ses spores. En plus des r\u00e9actions allergiques, une intoxication mortelle peut \u00e9galement \u00eatre caus\u00e9e par la moisissure. Aspergillus fumigatus en particulier attaque et d\u00e9truit les tissus corporels et peut ainsi entra\u00eener la mort.<\/p>\n<h4 class=\"fusion-responsive-typography-calculated\" style=\"--fontsize: 28; line-height: 1.29;\" data-fontsize=\"28\" data-lineheight=\"36px\">Comment la moisissure p\u00e9n\u00e8tre-t-elle dans l&rsquo;appartement?<\/h4>\n<p>Les spores de moisissures sont transport\u00e9es par voie a\u00e9rienne et sont donc vos \u00ab colocataires \u00bb permanents. Ce n&rsquo;est pas un probl\u00e8me jusqu&rsquo;\u00e0 ce que la moisissure trouve des conditions de vie id\u00e9ales avec vous et s&rsquo;installe \u00e0 la maison. Pour que la moisissure se d\u00e9veloppe, elle a besoin de nourriture, d&rsquo;une temp\u00e9rature confortable et d&rsquo;une humidit\u00e9 ad\u00e9quate. Les aliments trouvent des moisissures dans le pl\u00e2tre, la peinture murale, le papier peint ou la colle \u00e0 papier peint, mais aussi sur les meubles ou les v\u00eatements. Les moisissures aiment une humidit\u00e9 \u00e9lev\u00e9e de 80% ou plus. Si cette humidit\u00e9 est donn\u00e9e pendant une p\u00e9riode d&rsquo;environ cinq jours, la croissance commence.<\/p>\n<p><strong>Les causes courantes de moisissures dans la maison sont&nbsp;:<\/strong><\/p>\n<ul>\n<li>Air ambiant chauff\u00e9 enrichi en humidit\u00e9, qui se condense sous forme de vapeur d&rsquo;eau sur les murs ou les meubles les plus froids.<\/li>\n<li>Augmentation de l&rsquo;humidit\u00e9 qui n&rsquo;est pas compl\u00e8tement \u00ab\u00a0a\u00e9r\u00e9e\u00a0\u00bb et donc l&rsquo;humidit\u00e9 sur les murs et les meubles ne peut pas s\u00e9cher.<\/li>\n<li>Isolation thermique qui est tremp\u00e9e en permanence par des fissures capillaires ou de fortes pluies et qui ne peut pas ass\u00e9cher l&rsquo;humidit\u00e9 qui a p\u00e9n\u00e9tr\u00e9.<\/li>\n<li>Conduites d&rsquo;eau d\u00e9fectueuses, \u00e9vacuations bouch\u00e9es ou tuyaux de raccordement qui d\u00e9gouttent des machines \u00e0 laver ou des lave-vaisselle.<\/li>\n<li>entr\u00e9e d&rsquo;eau de pluie.<\/li>\n<\/ul>\n<h4 class=\"fusion-responsive-typography-calculated\" style=\"--fontsize: 28; line-height: 1.29;\" data-fontsize=\"28\" data-lineheight=\"36px\">Quels sont les sympt\u00f4mes de la moisissure dans la maison ?<\/h4>\n<p>La moisissure dans la maison peut parfois se propager sans qu&rsquo;on s&rsquo;en aper\u00e7oive. Malheureusement, les sympt\u00f4mes que la moisissure peut provoquer dans la maison ne sont pas clairs et ne sont donc pas un indicateur ad\u00e9quat d&rsquo;une \u00e9ventuelle infestation de moisissure. Les sympt\u00f4mes comprennent&nbsp;:<\/p>\n<ul>\n<li>mal de t\u00eate<\/li>\n<li>Fatigue s\u00e9v\u00e8re<\/li>\n<li>Yeux br\u00fblants<\/li>\n<li>\u00e9ruptions cutan\u00e9es<\/li>\n<li>difficult\u00e9 \u00e0 respirer<\/li>\n<li>Toux<\/li>\n<li>Douleur d&rsquo;estomac<\/li>\n<\/ul>\n<h4 class=\"fusion-responsive-typography-calculated\" style=\"--fontsize: 28; line-height: 1.29;\" data-fontsize=\"28\" data-lineheight=\"36px\">Quelles maladies la moisissure peut-elle provoquer \u00e0 la maison ?<\/h4>\n<p>En plus d&rsquo;une allergie, de nombreuses autres maladies, dont certaines tr\u00e8s dangereuses, peuvent se d\u00e9velopper si la moisissure dans la maison n&rsquo;est pas combattue t\u00f4t et en profondeur. En plus des maladies cardiaques et pulmonaires, l&rsquo;asthme, la bronchite ou encore des maladies infectieuses graves telles que l&rsquo;histoplasmose, la sporotrichose ou les zygomycoses peuvent \u00e9galement survenir.<\/p>\n<h4 class=\"fusion-responsive-typography-calculated\" style=\"--fontsize: 28; line-height: 1.29;\" data-fontsize=\"28\" data-lineheight=\"36px\">Pouvez-vous lutter seul contre la moisissure dans l&rsquo;appartement ou avez-vous besoin d&rsquo;un professionnel pour cela ?<\/h4>\n<p>La moisissure dans la maison peut \u00eatre un grave danger. Il faut donc toujours peser au cas par cas si vous pouvez lutter vous-m\u00eame contre la moisissure dans l&rsquo;appartement ou s&rsquo;il vaut mieux faire appel \u00e0 une entreprise sp\u00e9cialis\u00e9e. Pour les petites zones touch\u00e9es par la moisissure, vous pouvez essayer d&rsquo;arr\u00eater le champignon avec un produit anti-moisissure. Dans le cas d&rsquo;une infestation plus importante, qui attaque \u00e9galement le tissu b\u00e2ti de l&rsquo;appartement, une entreprise sp\u00e9cialis\u00e9e est indispensable. \u00c9tant donn\u00e9 que les entreprises sp\u00e9cialis\u00e9es ne sont pas disponibles du jour au lendemain pour \u00e9liminer les moisissures, vous devez vous assurer que le champignon ne se propage pas davantage pendant que vous attendez. Avec un <a href=\"https:\/\/airpura.de\/shop\/\">purificateur d&rsquo;air<\/a> , vous pouvez contr\u00f4ler les spores jusqu&rsquo;\u00e0 ce que les zones infest\u00e9es puissent \u00eatre nettoy\u00e9es.<\/p>\n<h4 class=\"fusion-responsive-typography-calculated\" style=\"--fontsize: 28; line-height: 1.29;\" data-fontsize=\"28\" data-lineheight=\"36px\">Voici comment un purificateur d&rsquo;air aide \u00e0 lutter contre la moisissure dans l&rsquo;appartement<\/h4>\n<p>L&rsquo;humidit\u00e9 excessive est le principal d\u00e9clencheur de la croissance des moisissures. Il est donc important de r\u00e9gler en permanence l&rsquo;humidit\u00e9 sur une valeur de 40 \u00e0 60 %. Vous pouvez y parvenir en a\u00e9rant la pi\u00e8ce plusieurs fois par jour &#8211; avec les fen\u00eatres grandes ouvertes et de pr\u00e9f\u00e9rence avec un courant d&rsquo;air. Dans les pi\u00e8ces difficiles \u00e0 ventiler, vous devez utiliser un d\u00e9shumidificateur d&rsquo;air en plus d&rsquo;un <a href=\"https:\/\/airpura.de\/shop\/\">purificateur d&rsquo;air<\/a> . Les purificateurs d&rsquo;air sont des appareils techniques capables de filtrer tout l&rsquo;air d&rsquo;une pi\u00e8ce en quelques heures. Les purificateurs d&rsquo;air doivent avoir des syst\u00e8mes de filtrage pour cela, tels que des filtres HEPA, des filtres \u00e0 charbon actif et un syst\u00e8me de destruction des germes. Toute la technologie Airpura UVC est recommand\u00e9e ici. Ces filtres \u00e0 mailles fines ou tr\u00e8s poreux pi\u00e8gent les spores de moisissures afin qu&rsquo;elles ne puissent plus flotter dans l&rsquo;air. Le purificateur d&rsquo;air lib\u00e8re ainsi l&rsquo;air de votre maison des moisissures ou des spores de moisissures &#8211; et supprime ainsi efficacement la propagation du champignon. Les purificateurs d&rsquo;air ne sont pas seulement efficaces contre les spores de moisissures ! Le pollen, la poussi\u00e8re, les poils d&rsquo;animaux et, dans le cas des purificateurs d&rsquo;air de haute qualit\u00e9, les bact\u00e9ries et les virus sont \u00e9galement captur\u00e9s dans les filtres. Le purificateur d&rsquo;air est donc une arme polyvalente pour un air pur &#8211; et est donc un investissement qui en vaut toujours la peine !<\/p>\n<\/div><\/div><\/div><\/div><\/div><\/p>\n","protected":false},"excerpt":{"rendered":"","protected":false},"author":1,"featured_media":0,"parent":24385,"menu_order":0,"comment_status":"closed","ping_status":"closed","template":"","meta":{"_acf_changed":false,"footnotes":""},"class_list":["post-24180","page","type-page","status-publish","hentry"],"acf":[],"_links":{"self":[{"href":"https:\/\/airpura.de\/fr\/wp-json\/wp\/v2\/pages\/24180","targetHints":{"allow":["GET"]}}],"collection":[{"href":"https:\/\/airpura.de\/fr\/wp-json\/wp\/v2\/pages"}],"about":[{"href":"https:\/\/airpura.de\/fr\/wp-json\/wp\/v2\/types\/page"}],"author":[{"embeddable":true,"href":"https:\/\/airpura.de\/fr\/wp-json\/wp\/v2\/users\/1"}],"replies":[{"embeddable":true,"href":"https:\/\/airpura.de\/fr\/wp-json\/wp\/v2\/comments?post=24180"}],"version-history":[{"count":7,"href":"https:\/\/airpura.de\/fr\/wp-json\/wp\/v2\/pages\/24180\/revisions"}],"predecessor-version":[{"id":24751,"href":"https:\/\/airpura.de\/fr\/wp-json\/wp\/v2\/pages\/24180\/revisions\/24751"}],"up":[{"embeddable":true,"href":"https:\/\/airpura.de\/fr\/wp-json\/wp\/v2\/pages\/24385"}],"wp:attachment":[{"href":"https:\/\/airpura.de\/fr\/wp-json\/wp\/v2\/media?parent=24180"}],"curies":[{"name":"wp","href":"https:\/\/api.w.org\/{rel}","templated":true}]}}