{"id":24160,"date":"2021-09-11T16:48:49","date_gmt":"2021-09-11T14:48:49","guid":{"rendered":"https:\/\/airpura.de\/guide-allergie-a-la-poussiere-domestique\/"},"modified":"2022-06-08T14:28:15","modified_gmt":"2022-06-08T12:28:15","slug":"guide-allergie-a-la-poussiere-domestique","status":"publish","type":"page","link":"https:\/\/airpura.de\/fr\/conseiller\/guide-allergie-a-la-poussiere-domestique\/","title":{"rendered":"Guide &#8211; allergie \u00e0 la poussi\u00e8re domestique"},"content":{"rendered":"<p><div class=\"fusion-fullwidth fullwidth-box fusion-builder-row-1 fusion-flex-container nonhundred-percent-fullwidth non-hundred-percent-height-scrolling\" style=\"--awb-border-radius-top-left:0px;--awb-border-radius-top-right:0px;--awb-border-radius-bottom-right:0px;--awb-border-radius-bottom-left:0px;--awb-flex-wrap:wrap;\" ><div class=\"fusion-builder-row fusion-row fusion-flex-align-items-flex-start fusion-flex-content-wrap\" style=\"max-width:1216.8px;margin-left: calc(-4% \/ 2 );margin-right: calc(-4% \/ 2 );\"><div class=\"fusion-layout-column fusion_builder_column fusion-builder-column-0 fusion_builder_column_1_2 1_2 fusion-flex-column\" style=\"--awb-bg-size:cover;--awb-width-large:50%;--awb-margin-top-large:0px;--awb-spacing-right-large:3.84%;--awb-margin-bottom-large:20px;--awb-spacing-left-large:3.84%;--awb-width-medium:100%;--awb-order-medium:0;--awb-spacing-right-medium:1.92%;--awb-spacing-left-medium:1.92%;--awb-width-small:100%;--awb-order-small:0;--awb-spacing-right-small:1.92%;--awb-spacing-left-small:1.92%;\"><div class=\"fusion-column-wrapper fusion-column-has-shadow fusion-flex-justify-content-flex-start fusion-content-layout-column\"><div class=\"fusion-title title fusion-title-1 fusion-title-text fusion-title-size-one\" style=\"--awb-margin-top-small:0px;--awb-margin-right-small:0px;--awb-margin-bottom-small:20px;--awb-margin-left-small:0px;\"><div class=\"title-sep-container title-sep-container-left fusion-no-large-visibility fusion-no-medium-visibility fusion-no-small-visibility\"><div class=\"title-sep sep- sep-solid\" style=\"border-color:#e2e2e2;\"><\/div><\/div><span class=\"awb-title-spacer fusion-no-large-visibility fusion-no-medium-visibility fusion-no-small-visibility\"><\/span><h1 class=\"fusion-title-heading title-heading-left fusion-responsive-typography-calculated\" style=\"margin:0;--fontSize:45;line-height:1.14;\">Allergie \u00e0 la poussi\u00e8re domestique \u2013<br \/>\nLe conseiller<\/h1><span class=\"awb-title-spacer\"><\/span><div class=\"title-sep-container title-sep-container-right\"><div class=\"title-sep sep- sep-solid\" style=\"border-color:#e2e2e2;\"><\/div><\/div><\/div><div class=\"fusion-text fusion-text-1\"><p>Une allergie \u00e0 la poussi\u00e8re domestique est une r\u00e9action excessive du corps aux prot\u00e9ines contenues dans les excr\u00e9ments d&rsquo;acariens. Les sympt\u00f4mes de l&rsquo;allergie \u00e0 la poussi\u00e8re domestique comprennent un nez bouch\u00e9, des yeux larmoyants ou une forte envie de tousser. Un m\u00e9decin peut d\u00e9terminer si vous avez une allergie \u00e0 la poussi\u00e8re domestique \u00e0 l&rsquo;aide d&rsquo;un test dit de piq\u00fbre. Dans ce guide, vous d\u00e9couvrirez ce que vous pouvez faire contre une allergie \u00e0 la poussi\u00e8re domestique, comment exactement <a href=\"https:\/\/airpura.de\/shop\/\">les purificateurs d&rsquo;air<\/a> peuvent vous aider et aussi si vous pouvez vous d\u00e9barrasser d&rsquo;une allergie \u00e0 la poussi\u00e8re domestique de mani\u00e8re permanente et durable.<\/p>\n<h2 class=\"fusion-responsive-typography-calculated\" style=\"--fontsize: 38; line-height: 1.29;\" data-fontsize=\"38\" data-lineheight=\"49px\">Poussi\u00e8re domestique : Notre compagnon quotidien<\/h2>\n<p>La poussi\u00e8re domestique fait partie de chaque appartement &#8211; et avec environ 6 milligrammes par m\u00e8tre carr\u00e9 de poussi\u00e8re domestique produite chaque jour, il y en a aussi beaucoup. La poussi\u00e8re domestique est le nom de petites et tr\u00e8s petites particules d&rsquo;origine organique et inorganique. Dans la poussi\u00e8re domestique, les squames, les poussi\u00e8res fines et le pollen rencontrent les acariens, les bact\u00e9ries et les virus. Les fibres des textiles et l&rsquo;abrasion des surfaces des meubles rejoignent la danse color\u00e9e que nous percevons vraiment comme des peluches ou des \u00ab\u00a0souris de poussi\u00e8re\u00a0\u00bb. La poussi\u00e8re n&rsquo;est pas dangereuse en soi, au contraire : la poussi\u00e8re est une partie \u00e9l\u00e9mentaire et in\u00e9vitable de notre air. La poussi\u00e8re domestique ne devient un probl\u00e8me que lorsque notre corps d\u00e9veloppe une allergie.<\/p>\n<div><\/div>\n<div><\/div>\n<\/div><\/div><\/div><div class=\"fusion-layout-column fusion_builder_column fusion-builder-column-1 fusion_builder_column_1_2 1_2 fusion-flex-column\" style=\"--awb-padding-top:20px;--awb-padding-right:20px;--awb-padding-bottom:20px;--awb-padding-left:20px;--awb-bg-color:#f1f1f1;--awb-bg-color-hover:#f1f1f1;--awb-bg-size:cover;--awb-width-large:50%;--awb-margin-top-large:0px;--awb-spacing-right-large:3.84%;--awb-margin-bottom-large:20px;--awb-spacing-left-large:3.84%;--awb-width-medium:100%;--awb-order-medium:0;--awb-spacing-right-medium:1.92%;--awb-spacing-left-medium:1.92%;--awb-width-small:100%;--awb-order-small:0;--awb-spacing-right-small:1.92%;--awb-spacing-left-small:1.92%;\"><div class=\"fusion-column-wrapper fusion-column-has-shadow fusion-flex-justify-content-flex-start fusion-content-layout-column\"><div class=\"fusion-image-element \" style=\"--awb-margin-top:20px;--awb-caption-title-font-family:var(--h2_typography-font-family);--awb-caption-title-font-weight:var(--h2_typography-font-weight);--awb-caption-title-font-style:var(--h2_typography-font-style);--awb-caption-title-size:var(--h2_typography-font-size);--awb-caption-title-transform:var(--h2_typography-text-transform);--awb-caption-title-line-height:var(--h2_typography-line-height);--awb-caption-title-letter-spacing:var(--h2_typography-letter-spacing);\"><span class=\" fusion-imageframe imageframe-none imageframe-1 hover-type-none\"><img loading=\"lazy\" decoding=\"async\" width=\"1400\" height=\"928\" alt=\"Allergie \u00e0 la poussi\u00e8re domestique : le guide\" title=\"Airpura Luftreiniger gegen Staub und Milben\" src=\"https:\/\/airpura.de\/wp-content\/uploads\/2021\/09\/Luftreiniger-gegen-Staub-und-Milben.jpg\" class=\"img-responsive wp-image-23483\" srcset=\"https:\/\/airpura.de\/wp-content\/uploads\/2021\/09\/Luftreiniger-gegen-Staub-und-Milben-200x133.jpg 200w, https:\/\/airpura.de\/wp-content\/uploads\/2021\/09\/Luftreiniger-gegen-Staub-und-Milben-400x265.jpg 400w, https:\/\/airpura.de\/wp-content\/uploads\/2021\/09\/Luftreiniger-gegen-Staub-und-Milben-600x398.jpg 600w, https:\/\/airpura.de\/wp-content\/uploads\/2021\/09\/Luftreiniger-gegen-Staub-und-Milben-800x530.jpg 800w, https:\/\/airpura.de\/wp-content\/uploads\/2021\/09\/Luftreiniger-gegen-Staub-und-Milben-1200x795.jpg 1200w, https:\/\/airpura.de\/wp-content\/uploads\/2021\/09\/Luftreiniger-gegen-Staub-und-Milben.jpg 1400w\" sizes=\"auto, (max-width: 1024px) 100vw, (max-width: 640px) 100vw, 600px\" \/><\/span><\/div><\/div><\/div><\/div><\/div><div class=\"fusion-fullwidth fullwidth-box fusion-builder-row-2 fusion-flex-container nonhundred-percent-fullwidth non-hundred-percent-height-scrolling\" style=\"--awb-border-radius-top-left:0px;--awb-border-radius-top-right:0px;--awb-border-radius-bottom-right:0px;--awb-border-radius-bottom-left:0px;--awb-flex-wrap:wrap;\" ><div class=\"fusion-builder-row fusion-row fusion-flex-align-items-flex-start fusion-flex-content-wrap\" style=\"max-width:1216.8px;margin-left: calc(-4% \/ 2 );margin-right: calc(-4% \/ 2 );\"><div class=\"fusion-layout-column fusion_builder_column fusion-builder-column-2 fusion_builder_column_1_1 1_1 fusion-flex-column\" style=\"--awb-bg-size:cover;--awb-width-large:100%;--awb-margin-top-large:0px;--awb-spacing-right-large:1.92%;--awb-margin-bottom-large:20px;--awb-spacing-left-large:1.92%;--awb-width-medium:100%;--awb-order-medium:0;--awb-spacing-right-medium:1.92%;--awb-spacing-left-medium:1.92%;--awb-width-small:100%;--awb-order-small:0;--awb-spacing-right-small:1.92%;--awb-spacing-left-small:1.92%;\"><div class=\"fusion-column-wrapper fusion-column-has-shadow fusion-flex-justify-content-flex-start fusion-content-layout-column\"><div class=\"fusion-text fusion-text-2\"><h3 class=\"fusion-responsive-typography-calculated\" style=\"--fontsize: 26; line-height: 1.27;\" data-fontsize=\"26\" data-lineheight=\"33px\">Qu&rsquo;est-ce que l&rsquo;allergie \u00e0 la poussi\u00e8re domestique et est-ce une maladie ?<\/h3>\n<p>Si vous souffrez d&rsquo;une allergie \u00e0 la poussi\u00e8re domestique, cela peut devenir tr\u00e8s grave. Une gorge irrit\u00e9e, une toux persistante, des yeux rouges et larmoyants, une fatigue persistante ou des d\u00e9mangeaisons peuvent indiquer une allergie \u00e0 la poussi\u00e8re domestique &#8211; mais ce n&rsquo;est pas obligatoire&nbsp;! Par cons\u00e9quent, une visite chez le m\u00e9decin est essentielle pour diagnostiquer une allergie \u00e0 la poussi\u00e8re domestique ! Une allergie \u00e0 la poussi\u00e8re domestique n&rsquo;est pas une maladie, mais plut\u00f4t une r\u00e9action excessive du corps humain aux prot\u00e9ines contenues dans les mati\u00e8res f\u00e9cales de l&rsquo;acarien. Le syst\u00e8me immunitaire peut classer ces prot\u00e9ines comme un danger et les combattre vigoureusement en cons\u00e9quence. Lorsque le corps passe en mode de d\u00e9fense, de grandes quantit\u00e9s d&rsquo;histamine, entre autres, sont lib\u00e9r\u00e9es &#8211; une hormone tissulaire et un neurotransmetteur qui, entre autres, agit comme une substance messag\u00e8re dans une r\u00e9action inflammatoire et fait gonfler les tissus. L&rsquo;histamine est \u00e9galement responsable des d\u00e9mangeaisons, des douleurs et des contractions des \u00ab\u00a0muscles lisses\u00a0\u00bb (par exemple dans les bronches). Alors que le corps combat l&rsquo;ennemi suppos\u00e9 sous la forme de prot\u00e9ines d&rsquo;excr\u00e9ments d&rsquo;acariens, les sympt\u00f4mes bien connus d&rsquo;une allergie \u00e0 la poussi\u00e8re domestique se produisent.<\/p>\n<h4 class=\"fusion-responsive-typography-calculated\" style=\"--fontsize: 28; line-height: 1.29;\" data-fontsize=\"28\" data-lineheight=\"36px\">Comment reconna\u00eetre une allergie \u00e0 la poussi\u00e8re domestique ?<\/h4>\n<p>Les indications possibles d&rsquo;une allergie \u00e0 la poussi\u00e8re domestique existante peuvent inclure&nbsp;:<\/p>\n<ul>\n<li>Saison. On peut observer que la plupart des personnes allergiques se plaignent principalement de sympt\u00f4mes s\u00e9v\u00e8res pendant la saison froide, de la fin de l&rsquo;automne \u00e0 l&rsquo;hiver. La raison : quand il fait froid dehors, on aime rester dans des int\u00e9rieurs chaleureux et cosy. L&rsquo;air chaud soul\u00e8ve beaucoup de poussi\u00e8re &#8211; les meilleures conditions pour les allergies \u00e0 la poussi\u00e8re domestique !<\/li>\n<li>moment de la journ\u00e9e. Non seulement nous, les humains, aimons notre lit doux et confortable. L&rsquo;acarien aime aussi s&rsquo;installer dans et sur les matelas, les oreillers ou les couettes. La plupart des sympt\u00f4mes apparaissent la nuit ou apr\u00e8s le r\u00e9veil le matin. Bien s\u00fbr, ici la proximit\u00e9 avec les acariens et leurs h\u00e9ritages est tout simplement la plus faible.<\/li>\n<li>Travaux m\u00e9nagers. Les sympt\u00f4mes d&rsquo;une allergie \u00e0 la poussi\u00e8re domestique surviennent plus fr\u00e9quemment lors du nettoyage de la maison. \u00c9pousseter, passer l&rsquo;aspirateur sur les sols et faire en sorte que les lits rejettent une \u00e9norme quantit\u00e9 de particules de poussi\u00e8re. Si une personne allergique se trouve maintenant dans ce nuage &#8211; eh bien, le r\u00e9sultat est connu.<\/li>\n<\/ul>\n<h4 class=\"fusion-responsive-typography-calculated\" style=\"--fontsize: 28; line-height: 1.29;\" data-fontsize=\"28\" data-lineheight=\"36px\">Quels sont les sympt\u00f4mes d&rsquo;une allergie \u00e0 la poussi\u00e8re domestique ?<\/h4>\n<p>Les sympt\u00f4mes les plus courants sont les yeux rouges qui piquent, le nez bouch\u00e9, des maux de t\u00eate et une toux profonde et persistante. Certaines personnes allergiques souffrent \u00e9galement d&rsquo;\u00e9ruptions cutan\u00e9es et\/ou de fortes d\u00e9mangeaisons. Dans les cas graves, une allergie \u00e0 la poussi\u00e8re domestique peut \u00e9galement entra\u00eener un essoufflement !<\/p>\n<h4 class=\"fusion-responsive-typography-calculated\" style=\"--fontsize: 28; line-height: 1.29;\" data-fontsize=\"28\" data-lineheight=\"36px\">Que faire contre une allergie \u00e0 la poussi\u00e8re domestique ?<\/h4>\n<p>La mauvaise nouvelle d&rsquo;abord : une fois que votre corps s&rsquo;est \u00ab adapt\u00e9 \u00bb \u00e0 la poussi\u00e8re domestique comme d\u00e9clencheur d&rsquo;allergie, c&rsquo;est un vrai d\u00e9fi de se d\u00e9barrasser de cette allergie. Un succ\u00e8s durable peut \u00eatre obtenu dans le cadre d&rsquo;une hyposensibilisation, mais celle-ci est g\u00e9n\u00e9ralement associ\u00e9e \u00e0 une phase de traitement de plusieurs ann\u00e9es. Par cons\u00e9quent, dans le cas d&rsquo;une allergie \u00e0 la poussi\u00e8re domestique, ce qui suit doit toujours s&rsquo;appliquer : mieux vaut pr\u00e9venir que gu\u00e9rir !<\/p>\n<h4 class=\"fusion-responsive-typography-calculated\" style=\"--fontsize: 28; line-height: 1.29;\" data-fontsize=\"28\" data-lineheight=\"36px\">Les meilleures mesures pr\u00e9ventives contre l&rsquo;allergie \u00e0 la poussi\u00e8re domestique comprennent :<\/h4>\n<ul>\n<li>Ventilation r\u00e9guli\u00e8re et approfondie, de pr\u00e9f\u00e9rence avec des fen\u00eatres grandes ouvertes dans toutes les pi\u00e8ces. De cette mani\u00e8re, la charge de particules, c&rsquo;est-\u00e0-dire le nombre de particules de poussi\u00e8re dans l&rsquo;air, peut \u00eatre consid\u00e9rablement r\u00e9duite.<\/li>\n<li>Les purificateurs d&rsquo;air modernes peuvent \u00e9galement r\u00e9duire la charge de particules, et dans la plupart des cas m\u00eame mieux qu&rsquo;avec une ventilation pure.<\/li>\n<li>Le lit, le linge de lit et bien s\u00fbr les oreillers peuvent \u00eatre \u00e9quip\u00e9s de housses sp\u00e9ciales. Ces couvertures emp\u00eachent de mani\u00e8re fiable les acariens de s&rsquo;installer dans leurs dortoirs. Pas d&rsquo;acariens, pas d&rsquo;excr\u00e9ments d&rsquo;acariens &#8211; et enfin une bonne nuit de sommeil \u00e0 nouveau&nbsp;!<\/li>\n<li>Minimiser les surfaces textiles n&rsquo;est pas toujours possible, mais c&rsquo;est quand m\u00eame l&rsquo;une des meilleures armes dans la lutte contre la poussi\u00e8re domestique ! Les tapis, les canap\u00e9s en tissu ou les rideaux sont tout aussi appr\u00e9ci\u00e9s des acariens que le lit.<\/li>\n<li>cong\u00e9lation et lavage. Les acariens meurent lorsque les temp\u00e9ratures sont trop basses ou trop \u00e9lev\u00e9es. Bien que des temp\u00e9ratures excessivement \u00e9lev\u00e9es ne soient pas recommand\u00e9es pour les textiles, aucun acarien ne survit \u00e0 un passage au cong\u00e9lateur. Cependant, les acariens meurent ici &#8211; mais leurs excr\u00e9ments restent. Les textiles doivent donc \u00eatre lav\u00e9s r\u00e9guli\u00e8rement et \u00e9galement apr\u00e8s le cong\u00e9lateur pour \u00e9liminer les particules d&rsquo;acariens des fibres.<\/li>\n<\/ul>\n<h4 class=\"fusion-responsive-typography-calculated\" style=\"--fontsize: 28; line-height: 1.29;\" data-fontsize=\"28\" data-lineheight=\"36px\">Comment un purificateur d&rsquo;air aide-t-il contre les allergies \u00e0 la poussi\u00e8re domestique ?<\/h4>\n<p>Un <a href=\"https:\/\/airpura.de\/shop\/\">purificateur d&rsquo;air<\/a> est un appareil technique qui permet de filtrer tout l&rsquo;air ambiant en tr\u00e8s peu de temps. \u00c0 cette fin, le filtre \u00e0 air est \u00e9quip\u00e9 d&rsquo;un ventilateur \u00e0 rotation lente qui aspire l&rsquo;air ext\u00e9rieur dans le bo\u00eetier du filtre \u00e0 air. Selon l&rsquo;\u00e9quipement du purificateur d&rsquo;air, l&rsquo;air est filtr\u00e9 plusieurs fois, irradi\u00e9 avec de la lumi\u00e8re UV ou ionis\u00e9. L&rsquo;\u00e9quipement minimum pour un purificateur d&rsquo;air contre l&rsquo;allergie \u00e0 la poussi\u00e8re domestique devrait \u00eatre un filtre HEPA. HEPA signifie \u00ab\u00a0High Efficient Particulate Air\u00a0\u00bb, ce qui se traduit approximativement par \u00ab\u00a0filtre \u00e0 particules hautement efficace\u00a0\u00bb. Les filtres HEPA dans un purificateur d&rsquo;air sont constitu\u00e9s de nattes de fibre de verre avec un diam\u00e8tre de fibre extr\u00eamement petit. Les petites et minuscules particules sont pi\u00e9g\u00e9es dans les filtres HEPA \u00e0 mailles serr\u00e9es et ne peuvent donc plus p\u00e9n\u00e9trer dans l&rsquo;air. Si non seulement la poussi\u00e8re domestique doit \u00eatre combattue avec un purificateur d&rsquo;air, mais que le purificateur d&rsquo;air doit \u00e9galement aider \u00e0 lutter contre les virus et les bact\u00e9ries en m\u00eame temps, des filtres \u00e0 charbon actif suppl\u00e9mentaires conviennent. Ces filtres ont une surface poreuse qui peut capturer et retenir m\u00eame de minuscules particules. Enfin, les virus et les bact\u00e9ries sont \u00e9galement tu\u00e9s avec un appareil \u00e0 lumi\u00e8re UV. Et gr\u00e2ce \u00e0 l&rsquo;ionisation, les particules peuvent \u00eatre alourdies de telle sorte qu&rsquo;elles ne flottent plus dans l&rsquo;air &#8211; mais tombent au sol compl\u00e8tement inactives. Un purificateur d&rsquo;air est donc fortement recommand\u00e9 lorsqu&rsquo;il s&rsquo;agit d&rsquo;\u00e9liminer la poussi\u00e8re domestique de vos quatre murs de mani\u00e8re durable et permanente.<\/p>\n<\/div><\/div><\/div><\/div><\/div><\/p>\n","protected":false},"excerpt":{"rendered":"","protected":false},"author":1,"featured_media":0,"parent":24385,"menu_order":0,"comment_status":"closed","ping_status":"closed","template":"","meta":{"_acf_changed":false,"footnotes":""},"class_list":["post-24160","page","type-page","status-publish","hentry"],"acf":[],"_links":{"self":[{"href":"https:\/\/airpura.de\/fr\/wp-json\/wp\/v2\/pages\/24160","targetHints":{"allow":["GET"]}}],"collection":[{"href":"https:\/\/airpura.de\/fr\/wp-json\/wp\/v2\/pages"}],"about":[{"href":"https:\/\/airpura.de\/fr\/wp-json\/wp\/v2\/types\/page"}],"author":[{"embeddable":true,"href":"https:\/\/airpura.de\/fr\/wp-json\/wp\/v2\/users\/1"}],"replies":[{"embeddable":true,"href":"https:\/\/airpura.de\/fr\/wp-json\/wp\/v2\/comments?post=24160"}],"version-history":[{"count":9,"href":"https:\/\/airpura.de\/fr\/wp-json\/wp\/v2\/pages\/24160\/revisions"}],"predecessor-version":[{"id":24721,"href":"https:\/\/airpura.de\/fr\/wp-json\/wp\/v2\/pages\/24160\/revisions\/24721"}],"up":[{"embeddable":true,"href":"https:\/\/airpura.de\/fr\/wp-json\/wp\/v2\/pages\/24385"}],"wp:attachment":[{"href":"https:\/\/airpura.de\/fr\/wp-json\/wp\/v2\/media?parent=24160"}],"curies":[{"name":"wp","href":"https:\/\/api.w.org\/{rel}","templated":true}]}}