{"id":24125,"date":"2021-09-11T17:24:52","date_gmt":"2021-09-11T15:24:52","guid":{"rendered":"https:\/\/airpura.de\/guide-enlever-lodeur-de-fumee\/"},"modified":"2022-06-08T14:28:14","modified_gmt":"2022-06-08T12:28:14","slug":"guide-enlever-lodeur-de-fumee","status":"publish","type":"page","link":"https:\/\/airpura.de\/fr\/conseiller\/guide-enlever-lodeur-de-fumee\/","title":{"rendered":"Guide &#8211; Enlever l&rsquo;odeur de fum\u00e9e"},"content":{"rendered":"<p><div class=\"fusion-fullwidth fullwidth-box fusion-builder-row-1 fusion-flex-container nonhundred-percent-fullwidth non-hundred-percent-height-scrolling\" style=\"--awb-border-radius-top-left:0px;--awb-border-radius-top-right:0px;--awb-border-radius-bottom-right:0px;--awb-border-radius-bottom-left:0px;--awb-flex-wrap:wrap;\" ><div class=\"fusion-builder-row fusion-row fusion-flex-align-items-flex-start fusion-flex-content-wrap\" style=\"max-width:1216.8px;margin-left: calc(-4% \/ 2 );margin-right: calc(-4% \/ 2 );\"><div class=\"fusion-layout-column fusion_builder_column fusion-builder-column-0 fusion_builder_column_1_2 1_2 fusion-flex-column\" style=\"--awb-bg-size:cover;--awb-width-large:50%;--awb-margin-top-large:0px;--awb-spacing-right-large:3.84%;--awb-margin-bottom-large:20px;--awb-spacing-left-large:3.84%;--awb-width-medium:100%;--awb-order-medium:0;--awb-spacing-right-medium:1.92%;--awb-spacing-left-medium:1.92%;--awb-width-small:100%;--awb-order-small:0;--awb-spacing-right-small:1.92%;--awb-spacing-left-small:1.92%;\"><div class=\"fusion-column-wrapper fusion-column-has-shadow fusion-flex-justify-content-flex-start fusion-content-layout-column\"><div class=\"fusion-title title fusion-title-1 fusion-title-text fusion-title-size-one\" style=\"--awb-margin-top-small:0px;--awb-margin-right-small:0px;--awb-margin-bottom-small:20px;--awb-margin-left-small:0px;\"><div class=\"title-sep-container title-sep-container-left fusion-no-large-visibility fusion-no-medium-visibility fusion-no-small-visibility\"><div class=\"title-sep sep- sep-solid\" style=\"border-color:#e2e2e2;\"><\/div><\/div><span class=\"awb-title-spacer fusion-no-large-visibility fusion-no-medium-visibility fusion-no-small-visibility\"><\/span><h1 class=\"fusion-title-heading title-heading-left fusion-responsive-typography-calculated\" style=\"margin:0;--fontSize:45;line-height:1.14;\">D\u00e9barrassez-vous de l&rsquo;odeur de fum\u00e9e : comment \u00e9liminer l&rsquo;odeur de fum\u00e9e naus\u00e9abonde de votre maison<\/h1><span class=\"awb-title-spacer\"><\/span><div class=\"title-sep-container title-sep-container-right\"><div class=\"title-sep sep- sep-solid\" style=\"border-color:#e2e2e2;\"><\/div><\/div><\/div><div class=\"fusion-text fusion-text-1\"><p>L&rsquo;odeur de la fum\u00e9e, c&rsquo;est-\u00e0-dire le \u00ab\u00a0parfum\u00a0\u00bb typique des cigarettes, n&rsquo;est pas seulement difficile pour les non-fumeurs. M\u00eame les fumeurs actifs sont d\u00e9go\u00fbt\u00e9s par l&rsquo;odeur froide et fade de la fum\u00e9e. Que ce soit dans l&rsquo;appartement ou dans la voiture&nbsp;: l&rsquo;odeur p\u00e9n\u00e9trante de la fum\u00e9e s&rsquo;installe profond\u00e9ment dans les fibres de tous les types de textiles. Et pas seulement&nbsp;: des \u00e9tudes cliniques ont montr\u00e9 que des toxines secondaires hautement canc\u00e9rig\u00e8nes sont produites \u00e0 partir de la poussi\u00e8re r\u00e9siduelle de la fum\u00e9e de tabac. r\u00e9sultat de r\u00e9actions chimiques. Jusqu&rsquo;\u00e0 pr\u00e9sent, des substances \u00ab\u00a0d\u00e9licieuses\u00a0\u00bb telles que les nitrosamines, les ph\u00e9nols, les cr\u00e9sols, le naphtal\u00e8ne ou le formald\u00e9hyde ont \u00e9t\u00e9 d\u00e9tect\u00e9es ici. Pas \u00e9tonnant que les fumeurs et les non-fumeurs souhaitent \u00e9liminer l&rsquo;odeur de fum\u00e9e de l&rsquo;environnement aussi rapidement et durablement que possible. Dans ce guide, nous vous montrons comment vous pouvez vous d\u00e9barrasser de l&rsquo;odeur de fum\u00e9e avec toutes sortes de rem\u00e8des maison &#8211; et pourquoi un <a href=\"https:\/\/airpura.de\/shop\/\">purificateur d&rsquo;air<\/a> est indispensable dans certains cas.<\/p>\n<h2 class=\"fusion-responsive-typography-calculated\" style=\"--fontsize: 38; line-height: 1.29;\" data-fontsize=\"38\" data-lineheight=\"49px\">Comment enlever l&rsquo;odeur de fum\u00e9e de l&rsquo;appartement ?<\/h2>\n<p>L&rsquo;odeur de fum\u00e9e est l&rsquo;effet secondaire typique des appartements dans lesquels les gens fument constamment. La nicotine des cigarettes se d\u00e9pose sur les murs, les meubles et les tapis et les d\u00e9colore de fa\u00e7on permanente en un vilain ton brun-jaune. L&rsquo;odeur de fum\u00e9e s&rsquo;accumule \u00e9galement dans les v\u00eatements \u2013 et est vraiment persistante. Pour vous d\u00e9barrasser de cette odeur de fum\u00e9e, vous pouvez utiliser une grande vari\u00e9t\u00e9 \u00ab\u00a0d&rsquo;armes\u00a0\u00bb (que nous vous montrerons bien s\u00fbr \u00e9galement dans un instant). Cependant, il existe le conseil le plus efficace contre l&rsquo;odeur de fum\u00e9e dans l&rsquo;appartement d\u00e8s le d\u00e9but :<\/p>\n<\/div><\/div><\/div><div class=\"fusion-layout-column fusion_builder_column fusion-builder-column-1 fusion_builder_column_1_2 1_2 fusion-flex-column\" style=\"--awb-padding-top:20px;--awb-padding-right:20px;--awb-padding-bottom:20px;--awb-padding-left:20px;--awb-bg-color:#f1f1f1;--awb-bg-color-hover:#f1f1f1;--awb-bg-size:cover;--awb-width-large:50%;--awb-margin-top-large:0px;--awb-spacing-right-large:3.84%;--awb-margin-bottom-large:20px;--awb-spacing-left-large:3.84%;--awb-width-medium:100%;--awb-order-medium:0;--awb-spacing-right-medium:1.92%;--awb-spacing-left-medium:1.92%;--awb-width-small:100%;--awb-order-small:0;--awb-spacing-right-small:1.92%;--awb-spacing-left-small:1.92%;\"><div class=\"fusion-column-wrapper fusion-column-has-shadow fusion-flex-justify-content-flex-start fusion-content-layout-column\"><div class=\"fusion-image-element \" style=\"--awb-margin-top:20px;--awb-caption-title-font-family:var(--h2_typography-font-family);--awb-caption-title-font-weight:var(--h2_typography-font-weight);--awb-caption-title-font-style:var(--h2_typography-font-style);--awb-caption-title-size:var(--h2_typography-font-size);--awb-caption-title-transform:var(--h2_typography-text-transform);--awb-caption-title-line-height:var(--h2_typography-line-height);--awb-caption-title-letter-spacing:var(--h2_typography-letter-spacing);\"><span class=\" fusion-imageframe imageframe-none imageframe-1 hover-type-none\"><img loading=\"lazy\" decoding=\"async\" width=\"1800\" height=\"1202\" title=\"Luftreiniger gegen Zigarettenrauch\" src=\"https:\/\/airpura.de\/wp-content\/uploads\/2021\/09\/Luftreiniger-gegen-Zigarettenrauch.jpg\" alt class=\"img-responsive wp-image-23564\" srcset=\"https:\/\/airpura.de\/wp-content\/uploads\/2021\/09\/Luftreiniger-gegen-Zigarettenrauch-200x134.jpg 200w, https:\/\/airpura.de\/wp-content\/uploads\/2021\/09\/Luftreiniger-gegen-Zigarettenrauch-400x267.jpg 400w, https:\/\/airpura.de\/wp-content\/uploads\/2021\/09\/Luftreiniger-gegen-Zigarettenrauch-600x401.jpg 600w, https:\/\/airpura.de\/wp-content\/uploads\/2021\/09\/Luftreiniger-gegen-Zigarettenrauch-800x534.jpg 800w, https:\/\/airpura.de\/wp-content\/uploads\/2021\/09\/Luftreiniger-gegen-Zigarettenrauch-1200x801.jpg 1200w, https:\/\/airpura.de\/wp-content\/uploads\/2021\/09\/Luftreiniger-gegen-Zigarettenrauch.jpg 1800w\" sizes=\"auto, (max-width: 1024px) 100vw, (max-width: 640px) 100vw, 600px\" \/><\/span><\/div><\/div><\/div><\/div><\/div><div class=\"fusion-fullwidth fullwidth-box fusion-builder-row-2 fusion-flex-container nonhundred-percent-fullwidth non-hundred-percent-height-scrolling\" style=\"--awb-border-radius-top-left:0px;--awb-border-radius-top-right:0px;--awb-border-radius-bottom-right:0px;--awb-border-radius-bottom-left:0px;--awb-flex-wrap:wrap;\" ><div class=\"fusion-builder-row fusion-row fusion-flex-align-items-flex-start fusion-flex-content-wrap\" style=\"max-width:1216.8px;margin-left: calc(-4% \/ 2 );margin-right: calc(-4% \/ 2 );\"><div class=\"fusion-layout-column fusion_builder_column fusion-builder-column-2 fusion_builder_column_1_1 1_1 fusion-flex-column\" style=\"--awb-bg-size:cover;--awb-width-large:100%;--awb-margin-top-large:0px;--awb-spacing-right-large:1.92%;--awb-margin-bottom-large:20px;--awb-spacing-left-large:1.92%;--awb-width-medium:100%;--awb-order-medium:0;--awb-spacing-right-medium:1.92%;--awb-spacing-left-medium:1.92%;--awb-width-small:100%;--awb-order-small:0;--awb-spacing-right-small:1.92%;--awb-spacing-left-small:1.92%;\"><div class=\"fusion-column-wrapper fusion-column-has-shadow fusion-flex-justify-content-flex-start fusion-content-layout-column\"><div class=\"fusion-text fusion-text-2\"><h3 class=\"fusion-responsive-typography-calculated\" style=\"--fontsize: 26; line-height: 1.27;\" data-fontsize=\"26\" data-lineheight=\"33px\">Le meilleur rem\u00e8de contre l&rsquo;odeur de fum\u00e9e est de ne pas laisser la puanteur se d\u00e9velopper en premier lieu !<\/h3>\n<p>Les fumeurs qui utilisent le jardin ou le balcon pour fumer une cigarette ne transportent la fum\u00e9e qu&rsquo;\u00e0 l&rsquo;int\u00e9rieur avec leurs v\u00eatements. M\u00eame si cette odeur de fum\u00e9e peut toujours \u00eatre g\u00eanante : elle ne persiste pas obstin\u00e9ment, mais dispara\u00eet au plus tard au prochain lavage. Fumer \u00e0 l&rsquo;ext\u00e9rieur peut ne pas sembler aussi confortable que de se blottir sur le canap\u00e9, mais cela signifie que vous n&rsquo;avez pas \u00e0 vous soucier de l&rsquo;achat d&rsquo;un <a href=\"https:\/\/airpura.de\/shop\/\">purificateur d&rsquo;air<\/a> ou d&rsquo;autres m\u00e9thodes pour \u00e9liminer les odeurs de fum\u00e9e.<\/p>\n<h4 class=\"fusion-responsive-typography-calculated\" style=\"--fontsize: 28; line-height: 1.29;\" data-fontsize=\"28\" data-lineheight=\"36px\">\u00c9liminer l&rsquo;odeur de fum\u00e9e de l&rsquo;appartement avec des rem\u00e8des maison<\/h4>\n<p>Le lendemain d&rsquo;une soir\u00e9e o\u00f9 les gens ont fum\u00e9, l&rsquo;odeur de fum\u00e9e est lourde dans l&rsquo;air. Des rem\u00e8des efficaces sont d\u00e9sormais n\u00e9cessaires pour \u00e9liminer la puanteur de vos quatre murs.<\/p>\n<p><strong>A\u00e9ration :<\/strong> Le classique parmi les astuces contre les odeurs de toutes sortes est la bien connue a\u00e9ration. M\u00eame avec l&rsquo;odeur de fum\u00e9e, les fen\u00eatres ouvertes font des merveilles. Cependant, vous ne devez pas incliner vos fen\u00eatres pour les a\u00e9rer, mais les ouvrir compl\u00e8tement. L&rsquo;\u00e9change d&rsquo;air fonctionne mieux si vous ouvrez plusieurs fen\u00eatres en m\u00eame temps. De cette fa\u00e7on, vous obtenez un tirage qui \u00ab\u00a0aspire\u00a0\u00bb l&rsquo;odeur de fum\u00e9e hors de l&rsquo;appartement.<\/p>\n<p><strong>Caf\u00e9 :<\/strong> Non seulement le caf\u00e9 est id\u00e9al pour se r\u00e9veiller t\u00f4t le matin, mais aussi pour se d\u00e9barrasser de cette mauvaise odeur de fum\u00e9e ! Pour cela, mettez de la poudre de caf\u00e9 frais (important : utilisez de la poudre, car l&#8217;embout ne marche pas avec des grains entiers !) dans des petits bols r\u00e9partis dans votre appartement. Le caf\u00e9 a la grande capacit\u00e9 de lier les odeurs. D\u00e9barrassez-vous compl\u00e8tement de l&rsquo;odeur de fum\u00e9e en quelques heures seulement. Bien s\u00fbr, vous pouvez \u00e9galement essayer cette astuce dans votre voiture !<\/p>\n<p><strong>Citrons :<\/strong> l&rsquo;aigre fait plaisir &#8211; ou l&rsquo;air frais ! Les citrons sont utilis\u00e9s dans de nombreux m\u00e9nages pour une grande vari\u00e9t\u00e9 de t\u00e2ches. Et maintenant de vous dans la lutte contre l&rsquo;odeur de fum\u00e9e ! Pour ce faire, tranchez un citron par pi\u00e8ce et placez-les dans des bols d&rsquo;eau bouillante. Distribuez maintenant les bols dans vos chambres et attendez un peu. Au bout de 24 heures au plus tard, vous ressentirez une nette am\u00e9lioration du climat int\u00e9rieur !<\/p>\n<p><strong>Vinaigre :<\/strong> Certes, l&rsquo;odeur du vinaigre n&rsquo;est en aucun cas l&rsquo;odeur la plus agr\u00e9able sur terre. Cependant, le vinaigre est l&rsquo;un des rem\u00e8des maison les plus efficaces contre les odeurs de tabac ! L&rsquo;application est tr\u00e8s simple : pr\u00e9parez un bol d&rsquo;eau chaude, ajoutez quelques gouttes de vinaigre et attendez quelques jours. Au fil du temps, le vinaigre lie l&rsquo;odeur de fum\u00e9e et votre maison sent \u00e0 nouveau agr\u00e9ablement fra\u00eeche. Si vous \u00eates un gros fumeur ou si vous avez organis\u00e9 une soir\u00e9e anim\u00e9e avec de nombreux fumeurs, pr\u00e9parez plusieurs bols d&rsquo;eau vinaigr\u00e9e. Cela ne fait pas de mal non plus si vous essuyez \u00e9galement vos meubles avec le m\u00e9lange vinaigre-eau.<\/p>\n<h4 class=\"fusion-responsive-typography-calculated\" style=\"--fontsize: 28; line-height: 1.29;\" data-fontsize=\"28\" data-lineheight=\"36px\">Couvrez facilement l&rsquo;odeur de fum\u00e9e<\/h4>\n<p>Si vous souhaitez couvrir l&rsquo;odeur de fum\u00e9e pendant une courte p\u00e9riode, nous vous recommandons d&rsquo;utiliser des huiles parfum\u00e9es et des bougies parfum\u00e9es. Les deux variantes remplacent l&rsquo;odeur de fum\u00e9e froide par des odeurs agr\u00e9ables &#8211; mais attention : elles ne font que la couvrir ! Privil\u00e9giez surtout des senteurs fra\u00eeches comme le citron ou l&rsquo;orange. Parce que les parfums lourds tels que le patchouli peuvent \u00ab\u00a0se combiner\u00a0\u00bb avec l&rsquo;odeur de la fum\u00e9e &#8211; avec pour r\u00e9sultat que votre maison pue encore plus qu&rsquo;avant d&rsquo;utiliser les bougies ou les huiles parfum\u00e9es.<\/p>\n<h4 class=\"fusion-responsive-typography-calculated\" style=\"--fontsize: 28; line-height: 1.29;\" data-fontsize=\"28\" data-lineheight=\"36px\">Purificateur d&rsquo;air contre les odeurs de fum\u00e9e<\/h4>\n<p>Vous connaissez <a href=\"https:\/\/airpura.de\/shop\/\">les purificateurs d&rsquo;air<\/a> depuis la pand\u00e9mie corona au plus tard &#8211; car dans de nombreux pays, les purificateurs d&rsquo;air sont utilis\u00e9s avec succ\u00e8s dans les \u00e9coles pour d\u00e9barrasser l&rsquo;air des virus corona. En Allemagne, les gens sont d&rsquo;avis que la ventilation est \u00ab\u00a0tout \u00e0 fait suffisante\u00a0\u00bb pour prot\u00e9ger les enfants, mais les purificateurs d&rsquo;air sont sans aucun doute tr\u00e8s efficaces lorsqu&rsquo;il s&rsquo;agit d&rsquo;\u00e9liminer les particules de l&rsquo;air. Et comme l&rsquo;odeur de fum\u00e9e n&rsquo;est finalement rien d&rsquo;autre qu&rsquo;une accumulation des plus petites particules, les purificateurs d&rsquo;air sont \u00e9galement id\u00e9aux pour lutter contre les mauvaises odeurs. Cependant, cela d\u00e9pend beaucoup du purificateur d&rsquo;air si vous gagnez ce combat aussi !<\/p>\n<h4 class=\"fusion-responsive-typography-calculated\" style=\"--fontsize: 28; line-height: 1.29;\" data-fontsize=\"28\" data-lineheight=\"36px\">Comment fonctionnent les purificateurs d&rsquo;air ?<\/h4>\n<p>Le fonctionnement des purificateurs d&rsquo;air est assez simple&nbsp;: un grand ventilateur \u00e0 fonctionnement lent aspire l&rsquo;air ext\u00e9rieur et le dirige \u00e0 travers diff\u00e9rents filtres. L&rsquo;air \u00e0 l&rsquo;int\u00e9rieur du purificateur d&rsquo;air est nettoy\u00e9 par les filtres et s&rsquo;\u00e9coule \u00e0 nouveau de l&rsquo;autre c\u00f4t\u00e9 du purificateur d&rsquo;air.<\/p>\n<h4 class=\"fusion-responsive-typography-calculated\" style=\"--fontsize: 28; line-height: 1.29;\" data-fontsize=\"28\" data-lineheight=\"36px\">Purificateurs d&rsquo;air avec syst\u00e8mes de filtration<\/h4>\n<p>De nombreux purificateurs d&rsquo;air courants sont \u00e9quip\u00e9s de syst\u00e8mes de filtres multicouches. Par exemple, un pr\u00e9filtre \u00e9limine les cheveux et les gros flocons de poussi\u00e8re, tandis qu&rsquo;un filtre HEPA \u00e9limine m\u00eame les plus petites particules (odeur de fum\u00e9e !) et m\u00eame les bact\u00e9ries et les virus de l&rsquo;air. Ces filtres purificateurs d&rsquo;air sont souvent compl\u00e9t\u00e9s par des filtres \u00e0 charbon actif. Ces filtres peuvent \u00eatre imagin\u00e9s comme une \u00e9ponge avec une \u00e9norme surface interne. L&rsquo;effet nettoyant de ces purificateurs d&rsquo;air est obtenu d&rsquo;une part par le fait que les particules adh\u00e8rent au charbon actif et d&rsquo;autre part par les propri\u00e9t\u00e9s catalytiques du charbon actif. Ces propri\u00e9t\u00e9s garantissent que certaines substances sont facilement d\u00e9compos\u00e9es.<\/p>\n<div><\/div>\n<div><\/div>\n<\/div><\/div><\/div><\/div><\/div><\/p>\n","protected":false},"excerpt":{"rendered":"","protected":false},"author":1,"featured_media":0,"parent":24385,"menu_order":0,"comment_status":"closed","ping_status":"closed","template":"","meta":{"_acf_changed":false,"footnotes":""},"class_list":["post-24125","page","type-page","status-publish","hentry"],"acf":[],"_links":{"self":[{"href":"https:\/\/airpura.de\/fr\/wp-json\/wp\/v2\/pages\/24125","targetHints":{"allow":["GET"]}}],"collection":[{"href":"https:\/\/airpura.de\/fr\/wp-json\/wp\/v2\/pages"}],"about":[{"href":"https:\/\/airpura.de\/fr\/wp-json\/wp\/v2\/types\/page"}],"author":[{"embeddable":true,"href":"https:\/\/airpura.de\/fr\/wp-json\/wp\/v2\/users\/1"}],"replies":[{"embeddable":true,"href":"https:\/\/airpura.de\/fr\/wp-json\/wp\/v2\/comments?post=24125"}],"version-history":[{"count":20,"href":"https:\/\/airpura.de\/fr\/wp-json\/wp\/v2\/pages\/24125\/revisions"}],"predecessor-version":[{"id":24753,"href":"https:\/\/airpura.de\/fr\/wp-json\/wp\/v2\/pages\/24125\/revisions\/24753"}],"up":[{"embeddable":true,"href":"https:\/\/airpura.de\/fr\/wp-json\/wp\/v2\/pages\/24385"}],"wp:attachment":[{"href":"https:\/\/airpura.de\/fr\/wp-json\/wp\/v2\/media?parent=24125"}],"curies":[{"name":"wp","href":"https:\/\/api.w.org\/{rel}","templated":true}]}}