{"id":24358,"date":"2022-02-23T14:36:39","date_gmt":"2022-02-23T13:36:39","guid":{"rendered":"https:\/\/airpura.de\/produkt\/purificador-de-aire-i-700-hepa-13-si-duo\/"},"modified":"2022-02-23T14:36:39","modified_gmt":"2022-02-23T13:36:39","slug":"purificador-de-aire-i-700-hepa-13-si-duo","status":"publish","type":"product","link":"https:\/\/airpura.de\/es\/produkt\/purificador-de-aire-i-700-hepa-13-si-duo\/","title":{"rendered":"Purificador de aire I 700 &#8211; HEPA 13 SI DUO"},"content":{"rendered":"","protected":false},"excerpt":{"rendered":"<p>Independientemente de si se trata de alergias o aerosoles. El purificador de aire Airpura I 700 &#8211; HEPA 13 SI DUO filtra hasta el <strong>99,95% de virus, bacterias y al\u00e9rgenos<\/strong> del aire ambiente.<\/p>\n<p><strong>Reflejos:<\/strong><\/p>\n<ul>\n<li>Bajos costos de mantenimiento.<\/li>\n<li>Filtro HEPA EXTRA grande de alto rendimiento<\/li>\n<li>Carcasa robusta, de alta calidad y estable<\/li>\n<\/ul>\n<p>El purificador de aire I 600 &#8211; H13 SOLO se entrega listo para usar con filtros HEPA.<\/p>\n<blockquote><p>\u00bfLe gustar\u00eda obtener una descripci\u00f3n general de los diferentes modelos? Agregue sus modelos a la lista de comparaci\u00f3n presionando el bot\u00f3n \u00bb <strong>Comparar<\/strong> \u00bb (debajo del carrito de compras).<\/p><\/blockquote>\n","protected":false},"featured_media":23649,"comment_status":"open","ping_status":"closed","template":"","meta":{"_acf_changed":false},"product_brand":[],"product_cat":[300,384,280,330],"product_tag":[],"class_list":{"0":"post-24358","1":"product","2":"type-product","3":"status-publish","4":"has-post-thumbnail","6":"product_cat-filtro-hepa-13","7":"product_cat-purificador-de-aire-duo","8":"product_cat-salud-virus","9":"product_cat-sin-matanza-de-germenes-uv","11":"first","12":"instock","13":"taxable","14":"shipping-taxable","15":"purchasable","16":"product-type-simple"},"acf":[],"_links":{"self":[{"href":"https:\/\/airpura.de\/es\/wp-json\/wp\/v2\/product\/24358","targetHints":{"allow":["GET"]}}],"collection":[{"href":"https:\/\/airpura.de\/es\/wp-json\/wp\/v2\/product"}],"about":[{"href":"https:\/\/airpura.de\/es\/wp-json\/wp\/v2\/types\/product"}],"replies":[{"embeddable":true,"href":"https:\/\/airpura.de\/es\/wp-json\/wp\/v2\/comments?post=24358"}],"wp:featuredmedia":[{"embeddable":true,"href":"https:\/\/airpura.de\/es\/wp-json\/wp\/v2\/media\/23649"}],"wp:attachment":[{"href":"https:\/\/airpura.de\/es\/wp-json\/wp\/v2\/media?parent=24358"}],"wp:term":[{"taxonomy":"product_brand","embeddable":true,"href":"https:\/\/airpura.de\/es\/wp-json\/wp\/v2\/product_brand?post=24358"},{"taxonomy":"product_cat","embeddable":true,"href":"https:\/\/airpura.de\/es\/wp-json\/wp\/v2\/product_cat?post=24358"},{"taxonomy":"product_tag","embeddable":true,"href":"https:\/\/airpura.de\/es\/wp-json\/wp\/v2\/product_tag?post=24358"}],"curies":[{"name":"wp","href":"https:\/\/api.w.org\/{rel}","templated":true}]}}