{"id":24117,"date":"2022-02-15T13:45:51","date_gmt":"2022-02-15T12:45:51","guid":{"rendered":"https:\/\/airpura.de\/produkt\/purificador-de-aire-i-600-uv-hepa-13-duo\/"},"modified":"2022-02-15T13:45:51","modified_gmt":"2022-02-15T12:45:51","slug":"purificador-de-aire-i-600-uv-hepa-13-duo","status":"publish","type":"product","link":"https:\/\/airpura.de\/es\/produkt\/purificador-de-aire-i-600-uv-hepa-13-duo\/","title":{"rendered":"Purificador de aire I 600 UV &#8211; HEPA 13 DUO"},"content":{"rendered":"","protected":false},"excerpt":{"rendered":"<p>Independientemente de si se trata de alergias o aerosoles. El purificador de aire Airpura I 600V &#8211; H13 DUO filtra hasta el <strong>99,95% de virus, bacterias y al\u00e9rgenos<\/strong> del aire ambiente.<\/p>\n<p><strong>Reflejos:<\/strong><\/p>\n<ul>\n<li>Bajos costos de mantenimiento.<\/li>\n<li>Filtro HEPA EXTRA grande de alto rendimiento<\/li>\n<li>Carcasa robusta, de alta calidad y estable<\/li>\n<\/ul>\n<p>El purificador de aire I 600 UV &#8211; H13 DUO se entrega listo para usar con filtros HEPA 13.<\/p>\n<blockquote><p>\u00bfLe gustar\u00eda obtener una descripci\u00f3n general de los diferentes modelos? Agregue sus modelos a la lista de comparaci\u00f3n presionando el bot\u00f3n \u00bb <strong>Comparar<\/strong> \u00bb (debajo del carrito de compras).<\/p><\/blockquote>\n","protected":false},"featured_media":23649,"comment_status":"open","ping_status":"closed","template":"","meta":{"_acf_changed":false},"product_brand":[],"product_cat":[304,300,384,383,280],"product_tag":[],"class_list":{"0":"post-24117","1":"product","2":"type-product","3":"status-publish","4":"has-post-thumbnail","6":"product_cat-eliminacion-de-germenes-uv","7":"product_cat-filtro-hepa-13","8":"product_cat-purificador-de-aire-duo","9":"product_cat-purificadores-de-aire-para-escuelas","10":"product_cat-salud-virus","12":"first","13":"instock","14":"taxable","15":"shipping-taxable","16":"purchasable","17":"product-type-simple"},"acf":[],"_links":{"self":[{"href":"https:\/\/airpura.de\/es\/wp-json\/wp\/v2\/product\/24117","targetHints":{"allow":["GET"]}}],"collection":[{"href":"https:\/\/airpura.de\/es\/wp-json\/wp\/v2\/product"}],"about":[{"href":"https:\/\/airpura.de\/es\/wp-json\/wp\/v2\/types\/product"}],"replies":[{"embeddable":true,"href":"https:\/\/airpura.de\/es\/wp-json\/wp\/v2\/comments?post=24117"}],"wp:featuredmedia":[{"embeddable":true,"href":"https:\/\/airpura.de\/es\/wp-json\/wp\/v2\/media\/23649"}],"wp:attachment":[{"href":"https:\/\/airpura.de\/es\/wp-json\/wp\/v2\/media?parent=24117"}],"wp:term":[{"taxonomy":"product_brand","embeddable":true,"href":"https:\/\/airpura.de\/es\/wp-json\/wp\/v2\/product_brand?post=24117"},{"taxonomy":"product_cat","embeddable":true,"href":"https:\/\/airpura.de\/es\/wp-json\/wp\/v2\/product_cat?post=24117"},{"taxonomy":"product_tag","embeddable":true,"href":"https:\/\/airpura.de\/es\/wp-json\/wp\/v2\/product_tag?post=24117"}],"curies":[{"name":"wp","href":"https:\/\/api.w.org\/{rel}","templated":true}]}}