{"id":24036,"date":"2022-02-10T15:26:34","date_gmt":"2022-02-10T14:26:34","guid":{"rendered":"https:\/\/airpura.de\/produkt\/purificador-de-aire-i-600-hepa-13-solo\/"},"modified":"2023-01-08T18:09:26","modified_gmt":"2023-01-08T17:09:26","slug":"purificador-de-aire-i-600-hepa-13-solo","status":"publish","type":"product","link":"https:\/\/airpura.de\/es\/produkt\/purificador-de-aire-i-600-hepa-13-solo\/","title":{"rendered":"Purificador de aire I 600 &#8211; HEPA 13 SOLO"},"content":{"rendered":"","protected":false},"excerpt":{"rendered":"<p>Independientemente de si se trata de alergias o aerosoles. El purificador de aire Airpura I 600 &#8211; H13 SOLO filtra hasta el <strong>99,95% de virus, bacterias y al\u00e9rgenos<\/strong> del aire ambiente.<\/p>\n<p><strong>Reflejos:<\/strong><\/p>\n<ul>\n<li>Bajos costos de mantenimiento.<\/li>\n<li>Filtro HEPA EXTRA grande de alto rendimiento<\/li>\n<li>Carcasa robusta, de alta calidad y estable<\/li>\n<\/ul>\n<p>El purificador de aire I 600 &#8211; H13 SOLO se entrega listo para usar con filtros HEPA.<\/p>\n<blockquote><p>\u00bfLe gustar\u00eda obtener una descripci\u00f3n general de los diferentes modelos? Agregue sus modelos a la lista de comparaci\u00f3n presionando el bot\u00f3n \u00bb <strong>Comparar<\/strong> \u00bb (debajo del carrito de compras).<\/p><\/blockquote>\n","protected":false},"featured_media":23652,"comment_status":"open","ping_status":"closed","template":"","meta":{"_acf_changed":false},"product_brand":[],"product_cat":[300,354,280,330],"product_tag":[],"class_list":{"0":"post-24036","1":"product","2":"type-product","3":"status-publish","4":"has-post-thumbnail","6":"product_cat-filtro-hepa-13","7":"product_cat-purificador-de-aire-solo","8":"product_cat-salud-virus","9":"product_cat-sin-matanza-de-germenes-uv","11":"first","12":"instock","13":"taxable","14":"shipping-taxable","15":"purchasable","16":"product-type-simple"},"acf":[],"_links":{"self":[{"href":"https:\/\/airpura.de\/es\/wp-json\/wp\/v2\/product\/24036","targetHints":{"allow":["GET"]}}],"collection":[{"href":"https:\/\/airpura.de\/es\/wp-json\/wp\/v2\/product"}],"about":[{"href":"https:\/\/airpura.de\/es\/wp-json\/wp\/v2\/types\/product"}],"replies":[{"embeddable":true,"href":"https:\/\/airpura.de\/es\/wp-json\/wp\/v2\/comments?post=24036"}],"wp:featuredmedia":[{"embeddable":true,"href":"https:\/\/airpura.de\/es\/wp-json\/wp\/v2\/media\/23652"}],"wp:attachment":[{"href":"https:\/\/airpura.de\/es\/wp-json\/wp\/v2\/media?parent=24036"}],"wp:term":[{"taxonomy":"product_brand","embeddable":true,"href":"https:\/\/airpura.de\/es\/wp-json\/wp\/v2\/product_brand?post=24036"},{"taxonomy":"product_cat","embeddable":true,"href":"https:\/\/airpura.de\/es\/wp-json\/wp\/v2\/product_cat?post=24036"},{"taxonomy":"product_tag","embeddable":true,"href":"https:\/\/airpura.de\/es\/wp-json\/wp\/v2\/product_tag?post=24036"}],"curies":[{"name":"wp","href":"https:\/\/api.w.org\/{rel}","templated":true}]}}