{"id":23991,"date":"2021-09-11T09:46:57","date_gmt":"2021-09-11T07:46:57","guid":{"rendered":"https:\/\/airpura.de\/produkt\/purificador-de-aire-r-700-hepa-13\/"},"modified":"2021-09-11T09:46:57","modified_gmt":"2021-09-11T07:46:57","slug":"purificador-de-aire-r-700-hepa-13","status":"publish","type":"product","link":"https:\/\/airpura.de\/es\/produkt\/purificador-de-aire-r-700-hepa-13\/","title":{"rendered":"Purificador de aire R 700 &#8211; HEPA 13"},"content":{"rendered":"","protected":false},"excerpt":{"rendered":"<p>Independientemente de si se trata de alergias, productos qu\u00edmicos o aerosoles. El purificador de aire Airpura R 700V &#8211; H13 filtra hasta<strong> 99,95% de virus, bacterias y al\u00e9rgenos<\/strong> del aire ambiente.<\/p>\n<p><strong>Reflejos:<\/strong><\/p>\n<ul>\n<li>Bajos costos de mantenimiento.<\/li>\n<li>Filtro HEPA grande de alto rendimiento<\/li>\n<li> Carcasa robusta, de alta calidad y estable<\/li>\n<\/ul>\n<p>El purificador de aire R 700V &#8211; H13 se entrega listo para funcionar con un filtro HEPA.<\/p>\n<blockquote><p>\u00bfLe gustar\u00eda obtener una descripci\u00f3n general de los diferentes modelos? Agregue sus modelos a la lista de comparaci\u00f3n presionando el bot\u00f3n \u00bb <strong>Comparar<\/strong> \u00bb (debajo del carrito de compras).<\/p><\/blockquote>\n","protected":false},"featured_media":23517,"comment_status":"open","ping_status":"closed","template":"","meta":{"_acf_changed":false},"product_brand":[],"product_cat":[300,308,276,280,330],"product_tag":[],"class_list":{"0":"post-23991","1":"product","2":"type-product","3":"status-publish","4":"has-post-thumbnail","6":"product_cat-filtro-hepa-13","7":"product_cat-movil","8":"product_cat-productos-quimicos","9":"product_cat-salud-virus","10":"product_cat-sin-matanza-de-germenes-uv","12":"first","13":"instock","14":"taxable","15":"shipping-taxable","16":"purchasable","17":"product-type-variable"},"acf":[],"_links":{"self":[{"href":"https:\/\/airpura.de\/es\/wp-json\/wp\/v2\/product\/23991","targetHints":{"allow":["GET"]}}],"collection":[{"href":"https:\/\/airpura.de\/es\/wp-json\/wp\/v2\/product"}],"about":[{"href":"https:\/\/airpura.de\/es\/wp-json\/wp\/v2\/types\/product"}],"replies":[{"embeddable":true,"href":"https:\/\/airpura.de\/es\/wp-json\/wp\/v2\/comments?post=23991"}],"wp:featuredmedia":[{"embeddable":true,"href":"https:\/\/airpura.de\/es\/wp-json\/wp\/v2\/media\/23517"}],"wp:attachment":[{"href":"https:\/\/airpura.de\/es\/wp-json\/wp\/v2\/media?parent=23991"}],"wp:term":[{"taxonomy":"product_brand","embeddable":true,"href":"https:\/\/airpura.de\/es\/wp-json\/wp\/v2\/product_brand?post=23991"},{"taxonomy":"product_cat","embeddable":true,"href":"https:\/\/airpura.de\/es\/wp-json\/wp\/v2\/product_cat?post=23991"},{"taxonomy":"product_tag","embeddable":true,"href":"https:\/\/airpura.de\/es\/wp-json\/wp\/v2\/product_tag?post=23991"}],"curies":[{"name":"wp","href":"https:\/\/api.w.org\/{rel}","templated":true}]}}