{"id":23933,"date":"2021-09-11T09:46:55","date_gmt":"2021-09-11T07:46:55","guid":{"rendered":"https:\/\/airpura.de\/produkt\/juego-de-conexion-para-la-instalacion-del-dispositivo-en-el-medio-de-la-habitacion\/"},"modified":"2021-09-11T09:46:55","modified_gmt":"2021-09-11T07:46:55","slug":"juego-de-conexion-para-dispositivo-instalacion-en-la-sala-centro","status":"publish","type":"product","link":"https:\/\/airpura.de\/es\/produkt\/juego-de-conexion-para-dispositivo-instalacion-en-la-sala-centro\/","title":{"rendered":"Juego de conexi\u00f3n para la instalaci\u00f3n del dispositivo en el medio de la habitaci\u00f3n"},"content":{"rendered":"","protected":false},"excerpt":{"rendered":"<p>Contenido: canal de cables autoadhesivo en color de se\u00f1alizaci\u00f3n 4 m incl. Cable de conexi\u00f3n de 5 m<\/p>\n","protected":false},"featured_media":23505,"comment_status":"open","ping_status":"closed","template":"","meta":{"_acf_changed":false},"product_brand":[],"product_cat":[281],"product_tag":[],"class_list":{"0":"post-23933","1":"product","2":"type-product","3":"status-publish","4":"has-post-thumbnail","6":"product_cat-piezas-de-repuesto","8":"first","9":"instock","10":"taxable","11":"shipping-taxable","12":"purchasable","13":"product-type-simple"},"acf":[],"_links":{"self":[{"href":"https:\/\/airpura.de\/es\/wp-json\/wp\/v2\/product\/23933","targetHints":{"allow":["GET"]}}],"collection":[{"href":"https:\/\/airpura.de\/es\/wp-json\/wp\/v2\/product"}],"about":[{"href":"https:\/\/airpura.de\/es\/wp-json\/wp\/v2\/types\/product"}],"replies":[{"embeddable":true,"href":"https:\/\/airpura.de\/es\/wp-json\/wp\/v2\/comments?post=23933"}],"wp:featuredmedia":[{"embeddable":true,"href":"https:\/\/airpura.de\/es\/wp-json\/wp\/v2\/media\/23505"}],"wp:attachment":[{"href":"https:\/\/airpura.de\/es\/wp-json\/wp\/v2\/media?parent=23933"}],"wp:term":[{"taxonomy":"product_brand","embeddable":true,"href":"https:\/\/airpura.de\/es\/wp-json\/wp\/v2\/product_brand?post=23933"},{"taxonomy":"product_cat","embeddable":true,"href":"https:\/\/airpura.de\/es\/wp-json\/wp\/v2\/product_cat?post=23933"},{"taxonomy":"product_tag","embeddable":true,"href":"https:\/\/airpura.de\/es\/wp-json\/wp\/v2\/product_tag?post=23933"}],"curies":[{"name":"wp","href":"https:\/\/api.w.org\/{rel}","templated":true}]}}