{"id":24290,"date":"2021-09-20T08:06:38","date_gmt":"2021-09-20T06:06:38","guid":{"rendered":"https:\/\/airpura.de\/consejero\/consejo-evitar-el-polvo\/"},"modified":"2022-06-08T14:28:15","modified_gmt":"2022-06-08T12:28:15","slug":"consejo-evitar-el-polvo","status":"publish","type":"page","link":"https:\/\/airpura.de\/es\/consejero\/consejo-evitar-el-polvo\/","title":{"rendered":"Consejo &#8211; evitar el polvo"},"content":{"rendered":"<p><div class=\"fusion-fullwidth fullwidth-box fusion-builder-row-1 fusion-flex-container nonhundred-percent-fullwidth non-hundred-percent-height-scrolling\" style=\"--awb-border-radius-top-left:0px;--awb-border-radius-top-right:0px;--awb-border-radius-bottom-right:0px;--awb-border-radius-bottom-left:0px;--awb-flex-wrap:wrap;\" ><div class=\"fusion-builder-row fusion-row fusion-flex-align-items-flex-start fusion-flex-content-wrap\" style=\"max-width:1216.8px;margin-left: calc(-4% \/ 2 );margin-right: calc(-4% \/ 2 );\"><div class=\"fusion-layout-column fusion_builder_column fusion-builder-column-0 fusion_builder_column_1_2 1_2 fusion-flex-column\" style=\"--awb-bg-size:cover;--awb-width-large:50%;--awb-margin-top-large:0px;--awb-spacing-right-large:3.84%;--awb-margin-bottom-large:20px;--awb-spacing-left-large:3.84%;--awb-width-medium:100%;--awb-order-medium:0;--awb-spacing-right-medium:1.92%;--awb-spacing-left-medium:1.92%;--awb-width-small:100%;--awb-order-small:0;--awb-spacing-right-small:1.92%;--awb-spacing-left-small:1.92%;\"><div class=\"fusion-column-wrapper fusion-column-has-shadow fusion-flex-justify-content-flex-start fusion-content-layout-column\"><div class=\"fusion-title title fusion-title-1 fusion-title-text fusion-title-size-one\" style=\"--awb-margin-top-small:0px;--awb-margin-right-small:0px;--awb-margin-bottom-small:20px;--awb-margin-left-small:0px;\"><div class=\"title-sep-container title-sep-container-left fusion-no-large-visibility fusion-no-medium-visibility fusion-no-small-visibility\"><div class=\"title-sep sep- sep-solid\" style=\"border-color:#e2e2e2;\"><\/div><\/div><span class=\"awb-title-spacer fusion-no-large-visibility fusion-no-medium-visibility fusion-no-small-visibility\"><\/span><h1 class=\"fusion-title-heading title-heading-left fusion-responsive-typography-calculated\" style=\"margin:0;--fontSize:45;line-height:1.14;\">Gu\u00eda &#8211; Evita el polvo con un purificador de aire<\/h1><span class=\"awb-title-spacer\"><\/span><div class=\"title-sep-container title-sep-container-right\"><div class=\"title-sep sep- sep-solid\" style=\"border-color:#e2e2e2;\"><\/div><\/div><\/div><div class=\"fusion-text fusion-text-1\"><p>El polvo es indeseable, simboliza la suciedad y las condiciones antihigi\u00e9nicas y, al mismo tiempo, el polvo es omnipresente. El polvo no solo ingresa a nuestros hogares a trav\u00e9s de ventanas y puertas abiertas, sino que lo \u201cproducimos\u201d todos los d\u00edas. C\u00e9lulas muertas de la piel, fibras textiles, mascotas: se forman alrededor de seis miligramos de polvo por metro cuadrado de espacio habitable todos los d\u00edas. \u00a1Para un espacio habitable promedio, esto corresponde a la friolera de 130 g de polvo dom\u00e9stico por a\u00f1o! Sin embargo, hay consejos y trucos muy efectivos sobre c\u00f3mo el polvo no se puede evitar por completo, pero a\u00fan as\u00ed se puede reducir de manera confiable. En esta gu\u00eda, aprender\u00e1 c\u00f3mo combatir el polvo y c\u00f3mo puede mejorar dr\u00e1sticamente la calidad del aire en su hogar con un <a href=\"https:\/\/airpura.de\/shop\/\">purificador de aire<\/a> .<\/p>\n<\/div><div class=\"fusion-title title fusion-title-2 fusion-title-text fusion-title-size-two\" style=\"--awb-margin-top-small:0px;--awb-margin-right-small:0px;--awb-margin-bottom-small:20px;--awb-margin-left-small:0px;\"><div class=\"title-sep-container title-sep-container-left fusion-no-large-visibility fusion-no-medium-visibility fusion-no-small-visibility\"><div class=\"title-sep sep- sep-solid\" style=\"border-color:#e2e2e2;\"><\/div><\/div><span class=\"awb-title-spacer fusion-no-large-visibility fusion-no-medium-visibility fusion-no-small-visibility\"><\/span><h2 class=\"fusion-title-heading title-heading-left fusion-responsive-typography-calculated\" style=\"margin:0;--fontSize:38;line-height:1.3;\">\u00bfQu\u00e9 es realmente el polvo?<\/h2><span class=\"awb-title-spacer\"><\/span><div class=\"title-sep-container title-sep-container-right\"><div class=\"title-sep sep- sep-solid\" style=\"border-color:#e2e2e2;\"><\/div><\/div><\/div><div class=\"fusion-text fusion-text-2\"><p>El polvo, tambi\u00e9n conocido como polvo dom\u00e9stico, es el nombre de mezclas fibrosas y de part\u00edculas microsc\u00f3picamente peque\u00f1as de sustancias org\u00e1nicas e inorg\u00e1nicas. El polvo se compone individualmente en funci\u00f3n de las respectivas condiciones de vida en un hogar. Por ejemplo, el polvo dom\u00e9stico puede consistir en escamas de piel, abrasi\u00f3n de la ropa, cabello, \u00e1caros del polvo dom\u00e9stico, bacterias y virus, restos de microorganismos y polvo fino. Esta deliciosa mezcla se complementa con contaminantes, incluidos conservantes de madera, plastificantes y metales pesados.<\/p>\n<\/div><\/div><\/div><div class=\"fusion-layout-column fusion_builder_column fusion-builder-column-1 fusion_builder_column_1_2 1_2 fusion-flex-column\" style=\"--awb-padding-top:20px;--awb-padding-right:20px;--awb-padding-bottom:20px;--awb-padding-left:20px;--awb-bg-color:#f1f1f1;--awb-bg-color-hover:#f1f1f1;--awb-bg-size:cover;--awb-width-large:50%;--awb-margin-top-large:0px;--awb-spacing-right-large:3.84%;--awb-margin-bottom-large:20px;--awb-spacing-left-large:3.84%;--awb-width-medium:100%;--awb-order-medium:0;--awb-spacing-right-medium:1.92%;--awb-spacing-left-medium:1.92%;--awb-width-small:100%;--awb-order-small:0;--awb-spacing-right-small:1.92%;--awb-spacing-left-small:1.92%;\"><div class=\"fusion-column-wrapper fusion-column-has-shadow fusion-flex-justify-content-flex-start fusion-content-layout-column\"><div class=\"fusion-image-element \" style=\"--awb-margin-top:20px;--awb-caption-title-font-family:var(--h2_typography-font-family);--awb-caption-title-font-weight:var(--h2_typography-font-weight);--awb-caption-title-font-style:var(--h2_typography-font-style);--awb-caption-title-size:var(--h2_typography-font-size);--awb-caption-title-transform:var(--h2_typography-text-transform);--awb-caption-title-line-height:var(--h2_typography-line-height);--awb-caption-title-letter-spacing:var(--h2_typography-letter-spacing);\"><span class=\" fusion-imageframe imageframe-none imageframe-1 hover-type-none\"><img loading=\"lazy\" decoding=\"async\" width=\"1800\" height=\"1200\" alt=\"Alergia al polen - Gu\u00eda de purificadores de aire\" title=\"Ratgeber &#8211; Staub vermeiden\" src=\"https:\/\/airpura.de\/wp-content\/uploads\/2021\/09\/Ratgeber-Staub-vermeiden.jpg\" class=\"img-responsive wp-image-23628\" srcset=\"https:\/\/airpura.de\/wp-content\/uploads\/2021\/09\/Ratgeber-Staub-vermeiden-200x133.jpg 200w, https:\/\/airpura.de\/wp-content\/uploads\/2021\/09\/Ratgeber-Staub-vermeiden-400x267.jpg 400w, https:\/\/airpura.de\/wp-content\/uploads\/2021\/09\/Ratgeber-Staub-vermeiden-600x400.jpg 600w, https:\/\/airpura.de\/wp-content\/uploads\/2021\/09\/Ratgeber-Staub-vermeiden-800x533.jpg 800w, https:\/\/airpura.de\/wp-content\/uploads\/2021\/09\/Ratgeber-Staub-vermeiden-1200x800.jpg 1200w, https:\/\/airpura.de\/wp-content\/uploads\/2021\/09\/Ratgeber-Staub-vermeiden.jpg 1800w\" sizes=\"auto, (max-width: 1024px) 100vw, (max-width: 640px) 100vw, 600px\" \/><\/span><\/div><\/div><\/div><\/div><\/div><div class=\"fusion-fullwidth fullwidth-box fusion-builder-row-2 fusion-flex-container nonhundred-percent-fullwidth non-hundred-percent-height-scrolling\" style=\"--awb-border-radius-top-left:0px;--awb-border-radius-top-right:0px;--awb-border-radius-bottom-right:0px;--awb-border-radius-bottom-left:0px;--awb-flex-wrap:wrap;\" ><div class=\"fusion-builder-row fusion-row fusion-flex-align-items-flex-start fusion-flex-content-wrap\" style=\"max-width:1216.8px;margin-left: calc(-4% \/ 2 );margin-right: calc(-4% \/ 2 );\"><div class=\"fusion-layout-column fusion_builder_column fusion-builder-column-2 fusion_builder_column_1_1 1_1 fusion-flex-column\" style=\"--awb-bg-size:cover;--awb-width-large:100%;--awb-margin-top-large:0px;--awb-spacing-right-large:1.92%;--awb-margin-bottom-large:20px;--awb-spacing-left-large:1.92%;--awb-width-medium:100%;--awb-order-medium:0;--awb-spacing-right-medium:1.92%;--awb-spacing-left-medium:1.92%;--awb-width-small:100%;--awb-order-small:0;--awb-spacing-right-small:1.92%;--awb-spacing-left-small:1.92%;\"><div class=\"fusion-column-wrapper fusion-column-has-shadow fusion-flex-justify-content-flex-start fusion-content-layout-column\"><div class=\"fusion-text fusion-text-3\"><h3>C\u00f3mo afecta la humedad al polvo<\/h3>\n<p>Cuanto m\u00e1s seco est\u00e9 el aire, m\u00e1s f\u00e1cil ser\u00e1 que se esparza el polvo. Especialmente durante el per\u00edodo de calefacci\u00f3n en invierno, los ratones de polvo casi nos invaden. Para no asfixiarse con el polvo a pesar de las salas de estar c\u00f3modamente calentadas, vale la pena aumentar la humedad en el interior. Esto es muy f\u00e1cil de hacer llenando tazones con agua y coloc\u00e1ndolos en el calentador. El calor de la calefacci\u00f3n permite que el agua se evapore para que el aire de la habitaci\u00f3n se enriquezca con humedad. La humedad, por otro lado, aglutina el polvo y lo hace m\u00e1s pesado, de modo que no puede extenderse sin obst\u00e1culos en las habitaciones. Sin embargo, los tazones de agua solo tienen un efecto limitado. Para aquellos que sufren de alergias al polvo dom\u00e9stico o luchan con el aire de la habitaci\u00f3n particularmente seco, <a href=\"https:\/\/airpura.de\/shop\/\">los purificadores de aire<\/a> con un humidificador integrado son el complemento perfecto. Estos <a href=\"https:\/\/airpura.de\/shop\/\">purificadores de aire<\/a> filtran el aire de la habitaci\u00f3n y al mismo tiempo lo enriquecen con humedad.<\/p>\n<h4>La ventilaci\u00f3n adecuada contra interiores polvorientos<\/h4>\n<p>Mucha gente tiende a dejar que entre aire fresco en las habitaciones a trav\u00e9s de ventanas permanentemente inclinadas. Sin embargo, \u00a1este enfoque no es efectivo! Por un lado, el intercambio de aire es demasiado peque\u00f1o para un efecto positivo, por otro lado, las ventanas inclinadas significan que puede penetrar m\u00e1s polvo en el apartamento. La ventilaci\u00f3n regular con las ventanas abiertas de par en par es mucho mejor, \u00a1incluso en invierno! Abra todas las ventanas tres veces al d\u00eda durante 10 minutos para garantizar una corriente de aire y cambiar de manera confiable el aire viciado y polvoriento de la habitaci\u00f3n.<\/p>\n<h4>Elimine los colectores de polvo m\u00e1s grandes.<\/h4>\n<p>Desafortunadamente, la mayor\u00eda de las cosas que hacen que nuestros hogares sean realmente acogedores tambi\u00e9n son los imanes de polvo m\u00e1s grandes. Alfombras, muebles tapizados, cortinas y cortinas, pero tambi\u00e9n cojines y mantas de lana atraen m\u00e1gicamente el polvo y lo producen al mismo tiempo. Si no quiere prescindir por completo de las superficies agradablemente suaves y esponjosas, al menos debe garantizar una limpieza regular y profunda. \u00a1La aspiraci\u00f3n diaria reduce significativamente la exposici\u00f3n al polvo! Incluso las superficies lisas tienden a cubrirse con una desagradable capa de polvo con el tiempo. Nuevamente, la limpieza regular es la clave del \u00e9xito en la lucha contra el polvo. Es importante asegurarse de que las superficies lisas se aspiren primero y luego se limpien con un pa\u00f1o h\u00famedo. Esto evita levantar polvo dom\u00e9stico.<\/p>\n<h4>Congelaci\u00f3n contra los \u00e1caros del polvo dom\u00e9stico<\/h4>\n<p>La cama y la ropa de cama no solo son populares entre los humanos, sino tambi\u00e9n entre nuestras \u00abmascotas\u00bb no queridas, los \u00e1caros del polvo dom\u00e9stico. Millones de diminutos ar\u00e1cnidos viven en nuestras camas y en nuestra caspa. Como cualquier criatura viva, los \u00e1caros convierten los alimentos que comen en heces, \u00a1el principal desencadenante de las alergias al polvo dom\u00e9stico! Si quieres dormir libre de \u00e1caros, te recomendamos encarecidamente ropa de cama especial para al\u00e9rgicos. Alternativamente, las fundas n\u00f3rdicas, las almohadas y las mantas tambi\u00e9n se pueden congelar durante varios d\u00edas. El fr\u00edo mata los \u00e1caros y, por lo tanto, permite un sue\u00f1o reparador sin demasiado polvo en el aire.<\/p>\n<h4>Purificador de aire contra el polvo<\/h4>\n<p>Los purificadores de aire son, sin duda, el arma m\u00e1s eficaz en la lucha contra el polvo. Los purificadores de aire son peque\u00f1os dispositivos t\u00e9cnicos que filtran a fondo el aire en interiores. Para ello, los purificadores de aire cuentan con diferentes sistemas de filtrado seg\u00fan el dise\u00f1o. Los purificadores de aire con los llamados filtros HEPA son comunes y al mismo tiempo muy efectivos. Los filtros HEPA consisten en un tejido de malla extremadamente tupida que atrapa incluso las part\u00edculas m\u00e1s peque\u00f1as. Los purificadores de aire con filtros de carb\u00f3n activado tambi\u00e9n son muy efectivos. El carb\u00f3n activado tiene una superficie altamente porosa en la que incluso los virus y bacterias m\u00e1s peque\u00f1os pueden quedar atrapados. Los purificadores de aire con filtros de carb\u00f3n activado se recomiendan especialmente para las personas al\u00e9rgicas. Los purificadores de aire con varios sistemas de filtrado integrados tambi\u00e9n son ideales para eliminar el polvo del aire.<\/p>\n<p>Como ya se mencion\u00f3, los purificadores de aire con humidificadores de aire integrados son doblemente efectivos. Por un lado, los dispositivos retienen el polvo de la casa, por otro lado, el aire enriquecido con humedad es un verdadero alivio, especialmente en invierno. \u00a1Los purificadores de aire con tecnolog\u00eda de ionizaci\u00f3n tambi\u00e9n pueden facilitar la vida de las personas con alergias! Estos purificadores de aire est\u00e1n equipados con un generador que carga negativamente las part\u00edculas moleculares del aire. Como resultado, las part\u00edculas act\u00faan como un im\u00e1n. Atraen el polvo, lo aglutinan y lo agrupan, asegurando que el polvo ya no pueda flotar libremente en la habitaci\u00f3n, sino que se hunda en el suelo.<br \/>\nSi no solo quiere combatir el polvo, sino tambi\u00e9n reducir la carga de virus en su espacio vital, le recomendamos purificadores de aire con luz ultravioleta. Con estos purificadores de aire, el aire dentro del dispositivo se irradia con luz ultravioleta, lo que en la mayor\u00eda de los casos hace que los virus sean inofensivos.<\/p>\n<blockquote>\n<p><strong>Conclusi\u00f3n<\/strong><br \/>\nEl polvo no se puede evitar. Pero el polvo se puede combatir de forma fiable con las puntas adecuadas. La ventilaci\u00f3n regular es esencial, al igual que pasar la aspiradora y trapear las superficies lisas. Los purificadores de aire son la respuesta tecnol\u00f3gica al polvo dom\u00e9stico. Seg\u00fan la variante, los purificadores de aire filtran el aire ambiente, lo enriquecen con humedad o minimizan la carga viral de los rayos UV. Cada purificador de aire ofrece sus propias ventajas especiales, que deben compararse con sus propias necesidades de control de polvo antes de comprarlos.<\/p>\n<\/blockquote>\n<\/div><\/div><\/div><\/div><\/div><\/p>\n","protected":false},"excerpt":{"rendered":"","protected":false},"author":1,"featured_media":0,"parent":24253,"menu_order":0,"comment_status":"closed","ping_status":"closed","template":"","meta":{"_acf_changed":false,"footnotes":""},"class_list":["post-24290","page","type-page","status-publish","hentry"],"acf":[],"_links":{"self":[{"href":"https:\/\/airpura.de\/es\/wp-json\/wp\/v2\/pages\/24290","targetHints":{"allow":["GET"]}}],"collection":[{"href":"https:\/\/airpura.de\/es\/wp-json\/wp\/v2\/pages"}],"about":[{"href":"https:\/\/airpura.de\/es\/wp-json\/wp\/v2\/types\/page"}],"author":[{"embeddable":true,"href":"https:\/\/airpura.de\/es\/wp-json\/wp\/v2\/users\/1"}],"replies":[{"embeddable":true,"href":"https:\/\/airpura.de\/es\/wp-json\/wp\/v2\/comments?post=24290"}],"version-history":[{"count":18,"href":"https:\/\/airpura.de\/es\/wp-json\/wp\/v2\/pages\/24290\/revisions"}],"predecessor-version":[{"id":24761,"href":"https:\/\/airpura.de\/es\/wp-json\/wp\/v2\/pages\/24290\/revisions\/24761"}],"up":[{"embeddable":true,"href":"https:\/\/airpura.de\/es\/wp-json\/wp\/v2\/pages\/24253"}],"wp:attachment":[{"href":"https:\/\/airpura.de\/es\/wp-json\/wp\/v2\/media?parent=24290"}],"curies":[{"name":"wp","href":"https:\/\/api.w.org\/{rel}","templated":true}]}}