{"id":23676,"date":"2021-09-10T17:31:07","date_gmt":"2021-09-10T15:31:07","guid":{"rendered":"https:\/\/airpura.de\/impresion\/"},"modified":"2021-09-10T17:31:07","modified_gmt":"2021-09-10T15:31:07","slug":"impresion","status":"publish","type":"page","link":"https:\/\/airpura.de\/es\/impresion\/","title":{"rendered":"Impresi\u00f3n"},"content":{"rendered":"<h2 class=\"fusion-responsive-typography-calculated\" data-fontsize=\"38\" data-lineheight=\"44px\">Informaci\u00f3n de acuerdo con la Secci\u00f3n 5 TMG:<\/h2>\n<p>Kleinfeldt GmbH<br \/>\nDietkircher Strasse 3<br \/>\n65552 Limburgo &#8211; Eschhofen<\/p>\n<h2 class=\"fusion-responsive-typography-calculated\" data-fontsize=\"38\" data-lineheight=\"44px\">Representado por:<\/h2>\n<p>Jefe de la empresa Torsten Kleinfeldt<\/p>\n<h2 class=\"fusion-responsive-typography-calculated\" data-fontsize=\"38\" data-lineheight=\"44px\">Contacto:<\/h2>\n<p>Tel\u00e9fono: +49 6128 60 50 30<br \/>\nFax: +49 6128 60 50 313<br \/>\nCorreo electr\u00f3nico: info@kleinfeldt-gmbh.de<\/p>\n<h2 class=\"fusion-responsive-typography-calculated\" data-fontsize=\"38\" data-lineheight=\"44px\">Registrar entrada:<\/h2>\n<p>Inscripci\u00f3n en el Registro Mercantil.<br \/>\nTribunal de registro:AG Wiesbaden<br \/>\nN\u00famero de registro: HRB-16782<\/p>\n<h2 class=\"fusion-responsive-typography-calculated\" data-fontsize=\"38\" data-lineheight=\"44px\">Iva:<\/h2>\n<p>N\u00famero de Identificaci\u00f3n del Impuesto sobre el Valor Agregado de conformidad con el Art\u00edculo 27 a de la Ley del Impuesto sobre el Valor Agregado:<br \/>\nDE 113 531 028<\/p>\n<h2 class=\"fusion-responsive-typography-calculated\" data-fontsize=\"38\" data-lineheight=\"44px\">Informaci\u00f3n sobre seguros profesionales insinuantes<\/h2>\n<p>Nombre y domicilio social de la aseguradora:<br \/>\nAlianza<\/p>\n<p>Alcance del seguro: Alemania<\/p>\n<h2 class=\"fusion-responsive-typography-calculated\" data-fontsize=\"38\" data-lineheight=\"44px\">Resoluci\u00f3n de disputas<\/h2>\n<p>La Comisi\u00f3n Europea proporciona una plataforma para la resoluci\u00f3n de litigios en l\u00ednea (ODR): <a href=\"https:\/\/ec.europa.eu\/consumers\/odr\" target=\"_blank\" rel=\"noopener noreferrer\">https:\/\/ec.europa.eu\/consumers\/odr<\/a>.<br \/>\nNuestra direcci\u00f3n de correo electr\u00f3nico se puede encontrar en la parte superior de la impresi\u00f3n.<\/p>\n<p>No estamos dispuestos ni obligados a participar en procedimientos de resoluci\u00f3n de disputas ante una junta de arbitraje de consumidores.<\/p>\n<h3 class=\"fusion-responsive-typography-calculated\" data-fontsize=\"22\" data-lineheight=\"25px\">Responsabilidad por contenido<\/h3>\n<p>Como proveedor de servicios, estamos obligados a cumplir con la Secci\u00f3n 7 (1) TMG es responsable de su propio contenido en estas p\u00e1ginas de acuerdo con las leyes generales. De conformidad con las Secciones 8 a 10 de la TMG, sin embargo, nosotros como proveedor de servicios no estamos obligados a monitorear la informaci\u00f3n transmitida o almacenada de terceros o a investigar circunstancias que indiquen actividad ilegal.<\/p>\n<p>Las obligaciones de eliminar o bloquear el uso de la informaci\u00f3n de acuerdo con las leyes generales no se ver\u00e1n afectadas. Sin embargo, la responsabilidad a este respecto s\u00f3lo es posible desde el momento del conocimiento de una infracci\u00f3n espec\u00edfica. Si nos damos cuenta de tales infracciones, eliminaremos este contenido inmediatamente.<\/p>\n<h3 class=\"fusion-responsive-typography-calculated\" data-fontsize=\"22\" data-lineheight=\"25px\">Responsabilidad por enlaces<\/h3>\n<p>Nuestra oferta contiene enlaces a sitios web externos de terceros, en cuyos contenidos no tenemos influencia. Por lo tanto, no podemos asumir ninguna responsabilidad por estos contenidos de terceros. El proveedor u operador respectivo de las p\u00e1ginas es siempre responsable del contenido de las p\u00e1ginas enlazadas. Las p\u00e1ginas enlazadas se comprobaron en busca de posibles infracciones legales en el momento de la vinculaci\u00f3n. Los contenidos ilegales no eran reconocibles en el momento de la vinculaci\u00f3n.<\/p>\n<p>Sin embargo, un control permanente del contenido de las p\u00e1ginas enlazadas no es razonable sin indicios concretos de una violaci\u00f3n de la ley. Si tenemos conocimiento de cualquier infracci\u00f3n de la ley, eliminaremos dichos enlaces inmediatamente.<\/p>\n<h3 class=\"fusion-responsive-typography-calculated\" data-fontsize=\"22\" data-lineheight=\"25px\">Copyright<\/h3>\n<p>El contenido y las obras creadas por los operadores del sitio en estas p\u00e1ginas est\u00e1n sujetos a la ley alemana de derechos de autor. La duplicaci\u00f3n, edici\u00f3n, distribuci\u00f3n y cualquier tipo de explotaci\u00f3n fuera de los l\u00edmites del derecho de autor requieren el consentimiento por escrito del autor o creador respectivo. Las descargas y copias de este sitio solo est\u00e1n permitidas para uso privado y no comercial.<\/p>\n<p>En la medida en que los contenidos de esta p\u00e1gina no fueron creados por el operador, se respetan los derechos de autor de terceros. En particular, el contenido de terceros se marca como tal. No obstante, si tiene conocimiento de una infracci\u00f3n de los derechos de autor, tenga en cuenta, en consecuencia. Si tenemos conocimiento de alguna infracci\u00f3n, eliminaremos dicho contenido inmediatamente.<\/p>\n","protected":false},"excerpt":{"rendered":"","protected":false},"author":1,"featured_media":0,"parent":0,"menu_order":0,"comment_status":"closed","ping_status":"closed","template":"","meta":{"_acf_changed":false,"footnotes":""},"class_list":["post-23676","page","type-page","status-publish","hentry"],"acf":[],"_links":{"self":[{"href":"https:\/\/airpura.de\/es\/wp-json\/wp\/v2\/pages\/23676","targetHints":{"allow":["GET"]}}],"collection":[{"href":"https:\/\/airpura.de\/es\/wp-json\/wp\/v2\/pages"}],"about":[{"href":"https:\/\/airpura.de\/es\/wp-json\/wp\/v2\/types\/page"}],"author":[{"embeddable":true,"href":"https:\/\/airpura.de\/es\/wp-json\/wp\/v2\/users\/1"}],"replies":[{"embeddable":true,"href":"https:\/\/airpura.de\/es\/wp-json\/wp\/v2\/comments?post=23676"}],"version-history":[{"count":0,"href":"https:\/\/airpura.de\/es\/wp-json\/wp\/v2\/pages\/23676\/revisions"}],"wp:attachment":[{"href":"https:\/\/airpura.de\/es\/wp-json\/wp\/v2\/media?parent=23676"}],"curies":[{"name":"wp","href":"https:\/\/api.w.org\/{rel}","templated":true}]}}