{"id":24112,"date":"2021-09-11T09:47:13","date_gmt":"2021-09-11T07:47:13","guid":{"rendered":"https:\/\/airpura.de\/produkt\/cisticka-vzduchu-r-700-uv-hepa-13-si\/"},"modified":"2021-09-11T09:47:13","modified_gmt":"2021-09-11T07:47:13","slug":"cisticka-vzduchu-r-700-uv-hepa-13-si","status":"publish","type":"product","link":"https:\/\/airpura.de\/cs\/produkt\/cisticka-vzduchu-r-700-uv-hepa-13-si\/","title":{"rendered":"\u010cisti\u010dka vzduchu R 700 UV &#8211; HEPA 13 SI"},"content":{"rendered":"","protected":false},"excerpt":{"rendered":"<p>Bez ohledu na to, zda se jedn\u00e1 o alergie nebo aerosoly. \u010cisti\u010dka vzduchu Airpura R 700 UV &#8211; H13 SI filtruje z okoln\u00edho vzduchu a\u017e <strong>99,95 % vir\u016f, bakteri\u00ed a alergen\u016f<\/strong> .<\/p>\n<p><strong>Hlavn\u00ed vlastnosti:<\/strong><\/p>\n<ul>\n<li>N\u00edzk\u00e9 n\u00e1klady na \u00fadr\u017ebu<\/li>\n<li>EXTRA velk\u00fd vysoce v\u00fdkonn\u00fd filtr HEPA<\/li>\n<li>Robustn\u00ed, vysoce kvalitn\u00ed a stabiln\u00ed pouzdro<\/li>\n<\/ul>\n<p>\u010cisti\u010dka vzduchu R 700 UV &#8211; H13 SI je dod\u00e1v\u00e1na p\u0159ipraven\u00e1 k pou\u017eit\u00ed s HEPA filtry.<\/p>\n<blockquote><p>Chcete z\u00edskat p\u0159ehled o r\u016fzn\u00fdch modelech? P\u0159idejte sv\u00e9 modely do porovn\u00e1vac\u00edho seznamu stisknut\u00edm tla\u010d\u00edtka &#8220; <strong>Porovnat<\/strong> &#8220; (pod n\u00e1kupn\u00edm ko\u0161\u00edkem).<\/p><\/blockquote>\n","protected":false},"featured_media":23548,"comment_status":"open","ping_status":"closed","template":"","meta":{"_acf_changed":false},"product_brand":[],"product_cat":[301,297,311,335],"product_tag":[],"class_list":{"0":"post-24112","1":"product","2":"type-product","3":"status-publish","4":"has-post-thumbnail","6":"product_cat-filtr-hepa-13","7":"product_cat-gesundheit-viren-cs","8":"product_cat-mobilni-pohyblivi","9":"product_cat-zabijeni-uv-zarodku","11":"first","12":"instock","13":"taxable","14":"shipping-taxable","15":"purchasable","16":"product-type-variable"},"acf":[],"_links":{"self":[{"href":"https:\/\/airpura.de\/cs\/wp-json\/wp\/v2\/product\/24112","targetHints":{"allow":["GET"]}}],"collection":[{"href":"https:\/\/airpura.de\/cs\/wp-json\/wp\/v2\/product"}],"about":[{"href":"https:\/\/airpura.de\/cs\/wp-json\/wp\/v2\/types\/product"}],"replies":[{"embeddable":true,"href":"https:\/\/airpura.de\/cs\/wp-json\/wp\/v2\/comments?post=24112"}],"wp:featuredmedia":[{"embeddable":true,"href":"https:\/\/airpura.de\/cs\/wp-json\/wp\/v2\/media\/23548"}],"wp:attachment":[{"href":"https:\/\/airpura.de\/cs\/wp-json\/wp\/v2\/media?parent=24112"}],"wp:term":[{"taxonomy":"product_brand","embeddable":true,"href":"https:\/\/airpura.de\/cs\/wp-json\/wp\/v2\/product_brand?post=24112"},{"taxonomy":"product_cat","embeddable":true,"href":"https:\/\/airpura.de\/cs\/wp-json\/wp\/v2\/product_cat?post=24112"},{"taxonomy":"product_tag","embeddable":true,"href":"https:\/\/airpura.de\/cs\/wp-json\/wp\/v2\/product_tag?post=24112"}],"curies":[{"name":"wp","href":"https:\/\/api.w.org\/{rel}","templated":true}]}}