{"id":23974,"date":"2021-09-11T09:46:56","date_gmt":"2021-09-11T07:46:56","guid":{"rendered":"https:\/\/airpura.de\/produkt\/inteligentni-monitor-vzduchu-airpura\/"},"modified":"2021-09-11T09:46:56","modified_gmt":"2021-09-11T07:46:56","slug":"chytry-vzduchovy-monitor-airpura","status":"publish","type":"product","link":"https:\/\/airpura.de\/cs\/produkt\/chytry-vzduchovy-monitor-airpura\/","title":{"rendered":"Inteligentn\u00ed monitor vzduchu Airpura"},"content":{"rendered":"","protected":false},"excerpt":{"rendered":"<p>Inteligentn\u00ed monitor kvality vzduchu Airpura detekuje \u0161kodliv\u00e9, neviditeln\u00e9 zne\u010di\u0161\u0165uj\u00edc\u00ed l\u00e1tky ve va\u0161em dom\u011b bez z\u00e1pachu a pomoc\u00ed jednoduch\u00e9ho barevn\u00e9ho LED displeje v\u00e1m uk\u00e1\u017ee, jak vysok\u00e1 je va\u0161e obecn\u00e1 kvalita vzduchu.<\/p>\n<p>Modr\u00e1 = kvalita vzduchu je dobr\u00e1<\/p>\n<p>Oran\u017eov\u00e1 = kvalita ovzdu\u0161\u00ed je zne\u010di\u0161t\u011bn\u00e1.<\/p>\n<p>V\u00fdkonn\u00fd senzor nep\u0159etr\u017eit\u011b sleduje:<\/p>\n<ul>\n<li>\u0160kodliv\u00e9 t\u011bkav\u00e9 organick\u00e9 l\u00e1tky, jako je formaldehyd, benzen, toluen a dal\u0161\u00ed<\/li>\n<li>PM2,5 a PM10<\/li>\n<li>teplota<\/li>\n<li>vlhkost vzduchu<\/li>\n<li>Zne\u010di\u0161t\u011bn\u00ed venku<\/li>\n<li>Historick\u00e1 data, abychom zjistili, zda se kvalita va\u0161eho ovzdu\u0161\u00ed zlep\u0161uje<\/li>\n<\/ul>\n","protected":false},"featured_media":23506,"comment_status":"open","ping_status":"closed","template":"","meta":{"_acf_changed":false},"product_brand":[],"product_cat":[320],"product_tag":[],"class_list":{"0":"post-23974","1":"product","2":"type-product","3":"status-publish","4":"has-post-thumbnail","6":"product_cat-zubehoer-cs","8":"first","9":"instock","10":"taxable","11":"shipping-taxable","12":"purchasable","13":"product-type-simple"},"acf":[],"_links":{"self":[{"href":"https:\/\/airpura.de\/cs\/wp-json\/wp\/v2\/product\/23974","targetHints":{"allow":["GET"]}}],"collection":[{"href":"https:\/\/airpura.de\/cs\/wp-json\/wp\/v2\/product"}],"about":[{"href":"https:\/\/airpura.de\/cs\/wp-json\/wp\/v2\/types\/product"}],"replies":[{"embeddable":true,"href":"https:\/\/airpura.de\/cs\/wp-json\/wp\/v2\/comments?post=23974"}],"wp:featuredmedia":[{"embeddable":true,"href":"https:\/\/airpura.de\/cs\/wp-json\/wp\/v2\/media\/23506"}],"wp:attachment":[{"href":"https:\/\/airpura.de\/cs\/wp-json\/wp\/v2\/media?parent=23974"}],"wp:term":[{"taxonomy":"product_brand","embeddable":true,"href":"https:\/\/airpura.de\/cs\/wp-json\/wp\/v2\/product_brand?post=23974"},{"taxonomy":"product_cat","embeddable":true,"href":"https:\/\/airpura.de\/cs\/wp-json\/wp\/v2\/product_cat?post=23974"},{"taxonomy":"product_tag","embeddable":true,"href":"https:\/\/airpura.de\/cs\/wp-json\/wp\/v2\/product_tag?post=23974"}],"curies":[{"name":"wp","href":"https:\/\/api.w.org\/{rel}","templated":true}]}}