{"id":23966,"date":"2021-09-11T09:46:55","date_gmt":"2021-09-11T07:46:55","guid":{"rendered":"https:\/\/airpura.de\/produkt\/filtr-ulpa-15-pro-cistice-vzduchu-od-spolecnosti-airpura\/"},"modified":"2021-09-11T09:46:55","modified_gmt":"2021-09-11T07:46:55","slug":"ulpa-15-filtr-pro-cisticky-vzduchu-z-airpury","status":"publish","type":"product","link":"https:\/\/airpura.de\/cs\/produkt\/ulpa-15-filtr-pro-cisticky-vzduchu-z-airpury\/","title":{"rendered":"Filtr ULPA-15 pro \u010disti\u010de vzduchu od spole\u010dnosti Airpura"},"content":{"rendered":"","protected":false},"excerpt":{"rendered":"<p>Interval v\u00fdm\u011bny ka\u017ed\u00fdch 36 m\u011bs\u00edc\u016f<\/p>\n","protected":false},"featured_media":23497,"comment_status":"open","ping_status":"closed","template":"","meta":{"_acf_changed":false},"product_brand":[],"product_cat":[263],"product_tag":[],"class_list":{"0":"post-23966","1":"product","2":"type-product","3":"status-publish","4":"has-post-thumbnail","6":"product_cat-ersatzteile-cs","8":"first","9":"instock","10":"taxable","11":"shipping-taxable","12":"purchasable","13":"product-type-simple"},"acf":[],"_links":{"self":[{"href":"https:\/\/airpura.de\/cs\/wp-json\/wp\/v2\/product\/23966","targetHints":{"allow":["GET"]}}],"collection":[{"href":"https:\/\/airpura.de\/cs\/wp-json\/wp\/v2\/product"}],"about":[{"href":"https:\/\/airpura.de\/cs\/wp-json\/wp\/v2\/types\/product"}],"replies":[{"embeddable":true,"href":"https:\/\/airpura.de\/cs\/wp-json\/wp\/v2\/comments?post=23966"}],"wp:featuredmedia":[{"embeddable":true,"href":"https:\/\/airpura.de\/cs\/wp-json\/wp\/v2\/media\/23497"}],"wp:attachment":[{"href":"https:\/\/airpura.de\/cs\/wp-json\/wp\/v2\/media?parent=23966"}],"wp:term":[{"taxonomy":"product_brand","embeddable":true,"href":"https:\/\/airpura.de\/cs\/wp-json\/wp\/v2\/product_brand?post=23966"},{"taxonomy":"product_cat","embeddable":true,"href":"https:\/\/airpura.de\/cs\/wp-json\/wp\/v2\/product_cat?post=23966"},{"taxonomy":"product_tag","embeddable":true,"href":"https:\/\/airpura.de\/cs\/wp-json\/wp\/v2\/product_tag?post=23966"}],"curies":[{"name":"wp","href":"https:\/\/api.w.org\/{rel}","templated":true}]}}