{"id":23957,"date":"2021-09-11T09:46:55","date_gmt":"2021-09-11T07:46:55","guid":{"rendered":"https:\/\/airpura.de\/produkt\/pripojovaci-sada-pro-instalaci-zarizeni-uprostred-mistnosti\/"},"modified":"2021-09-11T09:46:55","modified_gmt":"2021-09-11T07:46:55","slug":"sada-pripojeni-pro-zarizeni-instalace-v-mistnosti-stred","status":"publish","type":"product","link":"https:\/\/airpura.de\/cs\/produkt\/sada-pripojeni-pro-zarizeni-instalace-v-mistnosti-stred\/","title":{"rendered":"P\u0159ipojovac\u00ed sada pro instalaci za\u0159\u00edzen\u00ed uprost\u0159ed m\u00edstnosti"},"content":{"rendered":"","protected":false},"excerpt":{"rendered":"<p>Obsah: samolep\u00edc\u00ed kabelov\u00fd kan\u00e1l v sign\u00e1ln\u00ed barv\u011b 4m v\u010d. 5m p\u0159ipojovac\u00ed kabel<\/p>\n","protected":false},"featured_media":23503,"comment_status":"open","ping_status":"closed","template":"","meta":{"_acf_changed":false},"product_brand":[],"product_cat":[263],"product_tag":[],"class_list":{"0":"post-23957","1":"product","2":"type-product","3":"status-publish","4":"has-post-thumbnail","6":"product_cat-ersatzteile-cs","8":"first","9":"instock","10":"taxable","11":"shipping-taxable","12":"purchasable","13":"product-type-simple"},"acf":[],"_links":{"self":[{"href":"https:\/\/airpura.de\/cs\/wp-json\/wp\/v2\/product\/23957","targetHints":{"allow":["GET"]}}],"collection":[{"href":"https:\/\/airpura.de\/cs\/wp-json\/wp\/v2\/product"}],"about":[{"href":"https:\/\/airpura.de\/cs\/wp-json\/wp\/v2\/types\/product"}],"replies":[{"embeddable":true,"href":"https:\/\/airpura.de\/cs\/wp-json\/wp\/v2\/comments?post=23957"}],"wp:featuredmedia":[{"embeddable":true,"href":"https:\/\/airpura.de\/cs\/wp-json\/wp\/v2\/media\/23503"}],"wp:attachment":[{"href":"https:\/\/airpura.de\/cs\/wp-json\/wp\/v2\/media?parent=23957"}],"wp:term":[{"taxonomy":"product_brand","embeddable":true,"href":"https:\/\/airpura.de\/cs\/wp-json\/wp\/v2\/product_brand?post=23957"},{"taxonomy":"product_cat","embeddable":true,"href":"https:\/\/airpura.de\/cs\/wp-json\/wp\/v2\/product_cat?post=23957"},{"taxonomy":"product_tag","embeddable":true,"href":"https:\/\/airpura.de\/cs\/wp-json\/wp\/v2\/product_tag?post=23957"}],"curies":[{"name":"wp","href":"https:\/\/api.w.org\/{rel}","templated":true}]}}