{"id":24286,"date":"2021-09-11T11:57:15","date_gmt":"2021-09-11T09:57:15","guid":{"rendered":"https:\/\/airpura.de\/postovne-a-doruceni\/"},"modified":"2022-06-08T14:23:10","modified_gmt":"2022-06-08T12:23:10","slug":"postovne-a-doruceni","status":"publish","type":"page","link":"https:\/\/airpura.de\/cs\/postovne-a-doruceni\/","title":{"rendered":"Po\u0161tovn\u00e9 a doru\u010den\u00ed"},"content":{"rendered":"<div class=\"fusion-fullwidth fullwidth-box fusion-builder-row-1 nonhundred-percent-fullwidth non-hundred-percent-height-scrolling\" style=\"--awb-border-radius-top-left:0px;--awb-border-radius-top-right:0px;--awb-border-radius-bottom-right:0px;--awb-border-radius-bottom-left:0px;--awb-flex-wrap:wrap;\" ><div class=\"fusion-builder-row fusion-row\"><div class=\"fusion-layout-column fusion_builder_column fusion-builder-column-0 fusion_builder_column_1_1 1_1 fusion-one-full fusion-column-first fusion-column-last\" style=\"--awb-bg-size:cover;--awb-margin-bottom:0px;\"><div class=\"fusion-column-wrapper fusion-flex-column-wrapper-legacy\"><div class=\"fusion-text fusion-text-1\"><p><strong>Ceny, n\u00e1klady na dopravu a informace o doru\u010den\u00ed<\/strong><\/p>\n<p>Ceny uveden\u00e9 na produktov\u00fdch str\u00e1nk\u00e1ch nezahrnuj\u00ed z\u00e1konnou da\u0148 z p\u0159idan\u00e9 hodnoty a dal\u0161\u00ed slo\u017eky ceny.<\/p>\n<p>Dod\u00e1v\u00e1me pouze v N\u011bmecku a Rakousku.<\/p>\n<p>Krom\u011b uveden\u00fdch cen \u00fa\u010dtujeme pau\u0161\u00e1ln\u00ed sazbu ve v\u00fd\u0161i 100 EUR za objedn\u00e1vku na objedn\u00e1vku v N\u011bmecku a Rakousku. N\u00e1klady na dopravu v\u00e1m budou op\u011bt jasn\u011b sd\u011bleny v syst\u00e9mu n\u00e1kupn\u00edho ko\u0161\u00edku a na str\u00e1nce objedn\u00e1vky.<\/p>\n<p>Pokud plat\u00edte na dob\u00edrku, p\u0159\u00edplatek 22 EUR plus Splatn\u00e1 DPH, kterou dopravce vyb\u00edr\u00e1 na m\u00edst\u011b.<\/p>\n<p><span style=\"color: var(--body_typography-color); font-family: var(--body_typography-font-family); font-size: var(--body_typography-font-size); font-style: var(--body_typography-font-style,normal); letter-spacing: var(--body_typography-letter-spacing);\">Po\u0161tovn\u00e9 je 39, &#8211; Euro plus DPH. <\/span><\/p>\n<\/div><div class=\"fusion-clearfix\"><\/div><\/div><\/div><\/div><\/div>\n","protected":false},"excerpt":{"rendered":"","protected":false},"author":1,"featured_media":0,"parent":0,"menu_order":0,"comment_status":"closed","ping_status":"closed","template":"","meta":{"_acf_changed":false,"footnotes":""},"class_list":["post-24286","page","type-page","status-publish","hentry"],"acf":[],"_links":{"self":[{"href":"https:\/\/airpura.de\/cs\/wp-json\/wp\/v2\/pages\/24286","targetHints":{"allow":["GET"]}}],"collection":[{"href":"https:\/\/airpura.de\/cs\/wp-json\/wp\/v2\/pages"}],"about":[{"href":"https:\/\/airpura.de\/cs\/wp-json\/wp\/v2\/types\/page"}],"author":[{"embeddable":true,"href":"https:\/\/airpura.de\/cs\/wp-json\/wp\/v2\/users\/1"}],"replies":[{"embeddable":true,"href":"https:\/\/airpura.de\/cs\/wp-json\/wp\/v2\/comments?post=24286"}],"version-history":[{"count":2,"href":"https:\/\/airpura.de\/cs\/wp-json\/wp\/v2\/pages\/24286\/revisions"}],"predecessor-version":[{"id":24288,"href":"https:\/\/airpura.de\/cs\/wp-json\/wp\/v2\/pages\/24286\/revisions\/24288"}],"wp:attachment":[{"href":"https:\/\/airpura.de\/cs\/wp-json\/wp\/v2\/media?parent=24286"}],"curies":[{"name":"wp","href":"https:\/\/api.w.org\/{rel}","templated":true}]}}