{"id":24196,"date":"2021-09-11T11:57:16","date_gmt":"2021-09-11T09:57:16","guid":{"rendered":"https:\/\/airpura.de\/vseobecne-obchodni-podminky\/"},"modified":"2021-09-11T11:57:16","modified_gmt":"2021-09-11T09:57:16","slug":"vseobecne-obchodni-podminky","status":"publish","type":"page","link":"https:\/\/airpura.de\/cs\/vseobecne-obchodni-podminky\/","title":{"rendered":"V\u0161eobecn\u00e9 obchodn\u00ed podm\u00ednky"},"content":{"rendered":"<p><strong>V\u0161eobecn\u00e9 obchodn\u00ed podm\u00ednky s informacemi o z\u00e1kazn\u00edc\u00edch<\/strong><\/p>\n<ol>\n<li>Rozsah<br \/>\n2. Nab\u00eddky a popisy slu\u017eeb<br \/>\n3. Proces objedn\u00e1v\u00e1n\u00ed a uzav\u0159en\u00ed smlouvy<br \/>\n4. Ceny a n\u00e1klady na dopravu<br \/>\n5. Dod\u00e1vka, dostupnost zbo\u017e\u00ed<br \/>\n6. Platebn\u00ed podm\u00ednky<br \/>\n7. V\u00fdhrada vlastnictv\u00ed<br \/>\n8. Z\u00e1ruka a z\u00e1ruka na vady materi\u00e1lu<br \/>\n9. Odpov\u011bdnost<br \/>\n10.<br \/>\n11.<\/li>\n<li><em>Rozsah<\/em><br \/>\n1.1. Pro obchodn\u00ed vztahy mezi spole\u010dnost\u00ed Kleinfeldt GmbH, Dietkircher Stra\u00dfe 3, 65552 Limburg &#8211; Eschhofen (d\u00e1le jen &#8222;Prod\u00e1vaj\u00edc\u00ed&#8220;) a z\u00e1kazn\u00edkem (d\u00e1le jen &#8222;Z\u00e1kazn\u00edk&#8220;) plat\u00ed n\u00e1sleduj\u00edc\u00ed V\u0161eobecn\u00e9 obchodn\u00ed podm\u00ednky v\u00fdhradn\u011b v jejich verzi platn\u00e9 v dob\u011b objedn\u00e1n\u00ed.<\/li>\n<\/ol>\n<p>1.2. V p\u0159\u00edpad\u011b dotaz\u016f, st\u00ed\u017enost\u00ed a st\u00ed\u017enost\u00ed ve v\u0161edn\u00ed dny od 21:00 do 17:00 UHR na telefonn\u00edm \u010d\u00edsle +49 6128 60 50 30 a e-mailem na telefonn\u00edm \u010d\u00edsle +49 6128 60 50 30 a e-mailem na info@airpura.de.<\/p>\n<p>1.3. Pro \u00fa\u010dely t\u011bchto VOP je spot\u0159ebitelem ka\u017ed\u00e1 fyzick\u00e1 osoba, kter\u00e1 uzav\u0159e pr\u00e1vn\u00ed transakci za \u00fa\u010delem, kter\u00fd nelze p\u0159i\u010d\u00edst p\u0159edev\u0161\u00edm jej\u00ed obchodn\u00ed nebo nez\u00e1visl\u00e9 profesn\u00ed \u010dinnosti (\u00a7 13 n\u011bmeck\u00e9ho ob\u010dansk\u00e9ho z\u00e1kon\u00edku).<\/p>\n<p>1.4. Odchyln\u00e9 podm\u00ednky z\u00e1kazn\u00edka nejsou akceptov\u00e1ny, pokud prod\u00e1vaj\u00edc\u00ed v\u00fdslovn\u011b nesouhlas\u00ed s jejich platnost\u00ed.<\/p>\n<ol start=\"2\">\n<li><em>Nab\u00eddky a popisy slu\u017eeb<\/em><br \/>\nPrezentace v\u00fdrobk\u016f v internetov\u00e9m obchod\u011b nep\u0159edstavuje pr\u00e1vn\u011b z\u00e1vaznou nab\u00eddku, ale v\u00fdzvu k objedn\u00e1n\u00ed. Popisy slu\u017eeb v kataloz\u00edch a na webov\u00fdch str\u00e1nk\u00e1ch prod\u00e1vaj\u00edc\u00edho nemaj\u00ed povahu z\u00e1ruky nebo z\u00e1ruky.<br \/>\nV\u0161echny nab\u00eddky jsou platn\u00e9 &#8222;tak dlouho, jak populace trv\u00e1&#8220;, pokud nic jin\u00e9ho je uvedeno v produktech. Pro zbytek jsou vyhrazeny chyby.<\/li>\n<\/ol>\n<p><strong>Pozn\u00e1mka: N\u00ed\u017ee zadejte p\u0159\u00edslu\u0161n\u00e9 \u0161t\u00edtky tla\u010d\u00edtek.<\/strong><br \/>\n<strong>3. Proces objedn\u00e1v\u00e1n\u00ed a uzav\u0159en\u00ed smlouvy<\/strong><br \/>\n3.1. Z\u00e1kazn\u00edk si m\u016f\u017ee bez z\u00e1vazku vybrat v\u00fdrobky ze sortimentu prod\u00e1vaj\u00edc\u00edho a vyzvednout je pomoc\u00ed tla\u010d\u00edtka [in den Warenkorb] v takzvan\u00e9m n\u00e1kupn\u00edm ko\u0161\u00edku. V n\u00e1kupn\u00edm ko\u0161\u00edku lze zm\u011bnit v\u00fdb\u011br produktu, nap\u0159\u00edklad smaz\u00e1n\u00ed. Z\u00e1kazn\u00edk pak m\u016f\u017ee pomoc\u00ed tla\u010d\u00edtka dokon\u010dit proces objedn\u00e1v\u00e1n\u00ed v r\u00e1mci n\u00e1kupn\u00edho [Weiter zur Kasse] ko\u0161\u00edku.<\/p>\n<p>3.2. Prost\u0159ednictv\u00edm [zahlungspflichtig bestellen] tla\u010d\u00edtka z\u00e1kazn\u00edk pod\u00e1 z\u00e1vaznou \u017e\u00e1dost o n\u00e1kup zbo\u017e\u00ed v n\u00e1kupn\u00edm ko\u0161\u00edku. P\u0159ed odesl\u00e1n\u00edm objedn\u00e1vky m\u016f\u017ee z\u00e1kazn\u00edk kdykoli zm\u011bnit a zobrazit data, vr\u00e1tit se do n\u00e1kupn\u00edho ko\u0161\u00edku pomoc\u00ed funkce prohl\u00ed\u017ee\u010de &#8222;zp\u011bt&#8220; nebo zcela zru\u0161it proces objedn\u00e1vky. Pot\u0159ebn\u00e9 informace jsou ozna\u010deny hv\u011bzdi\u010dkou (*).<\/p>\n<p>3.3. Prod\u00e1vaj\u00edc\u00ed pak za\u0161le z\u00e1kazn\u00edkovi automatick\u00e9 potvrzen\u00ed o p\u0159ijet\u00ed e-mailem, ve kter\u00e9m je objedn\u00e1vka z\u00e1kazn\u00edka uvedena znovu a kterou si z\u00e1kazn\u00edk m\u016f\u017ee vytisknout pomoc\u00ed funkce &#8222;Tisk&#8220; (potvrzen\u00ed objedn\u00e1vky). Automatick\u00e9 potvrzen\u00ed o p\u0159ijet\u00ed pouze dokl\u00e1d\u00e1, \u017ee objedn\u00e1vka z\u00e1kazn\u00edka byla prod\u00e1vaj\u00edc\u00edm p\u0159ijata a nep\u0159edstavuje p\u0159ijet\u00ed \u017e\u00e1dosti. Kupn\u00ed smlouva je uzav\u0159ena pouze tehdy, kdy\u017e prod\u00e1vaj\u00edc\u00ed odeslal objednan\u00fd produkt z\u00e1kazn\u00edkovi do 2 dn\u016f, p\u0159edal jej nebo potvrdil z\u00e1kazn\u00edkovi do 2 dn\u016f s druh\u00fdm e-mailem, v\u00fdslovn\u00fdm potvrzen\u00edm objedn\u00e1vky nebo odesl\u00e1n\u00edm faktury.<\/p>\n<p>3.4. V p\u0159\u00edpad\u011b, \u017ee prod\u00e1vaj\u00edc\u00ed povol\u00ed z\u00e1lohu, je uzav\u0159ena smlouva s poskytnut\u00edm bankovn\u00edch \u00fadaj\u016f a \u017e\u00e1dosti o platbu. Pokud prod\u00e1vaj\u00edc\u00ed platbu neobdr\u017e\u00ed do 10 kalend\u00e1\u0159n\u00edch dn\u016f od odesl\u00e1n\u00ed potvrzen\u00ed objedn\u00e1vky, prod\u00e1vaj\u00edc\u00ed odstoup\u00ed od smlouvy s t\u00edm, \u017ee objedn\u00e1vka je neplatn\u00e1 a prod\u00e1vaj\u00edc\u00ed nen\u00ed povinen ji doru\u010dit. Objedn\u00e1vka je pak dokon\u010dena pro kupuj\u00edc\u00edho a prod\u00e1vaj\u00edc\u00edho bez dal\u0161\u00edch n\u00e1sledk\u016f. Rezervace polo\u017eky pro platbu z\u00e1lohy se proto prov\u00e1d\u00ed na dobu del\u0161\u00ed ne\u017e 10 kalend\u00e1\u0159n\u00edch dn\u016f.<\/p>\n<ol start=\"4\">\n<li><strong>Ceny a n\u00e1klady na dopravu<\/strong><br \/>\n4.1. V\u0161echny ceny uveden\u00e9 na webov\u00fdch str\u00e1nk\u00e1ch prod\u00e1vaj\u00edc\u00edho zahrnuj\u00ed p\u0159\u00edslu\u0161nou z\u00e1konnou da\u0148 z p\u0159idan\u00e9 hodnoty.<\/li>\n<\/ol>\n<p>4.2. Krom\u011b uveden\u00fdch cen, prod\u00e1vaj\u00edc\u00ed \u00fa\u010dtuje n\u00e1klady na dopravu za dod\u00e1n\u00ed. N\u00e1klady na dopravu budou kupuj\u00edc\u00edmu jasn\u011b sd\u011bleny na samostatn\u00e9 informa\u010dn\u00ed str\u00e1nce a v souvislosti s objedn\u00e1vkov\u00fdm procesem.<\/p>\n<ol start=\"5\">\n<li><strong>Dod\u00e1vka, dostupnost zbo\u017e\u00ed<\/strong><br \/>\n5.1. Pokud byla dohodnuta z\u00e1loha, dod\u00e1vka se uskute\u010dn\u00ed po obdr\u017een\u00ed fakturovan\u00e9 \u010d\u00e1stky.<\/li>\n<\/ol>\n<p>5.2. V p\u0159\u00edpad\u011b, \u017ee dod\u00e1vka zbo\u017e\u00ed sel\u017ee z d\u016fvodu zavin\u011bn\u00ed kupuj\u00edc\u00edho i p\u0159es t\u0159i pokusy o dod\u00e1n\u00ed, m\u016f\u017ee prod\u00e1vaj\u00edc\u00ed odstoupit od smlouvy. Ve\u0161ker\u00e9 proveden\u00e9 platby budou z\u00e1kazn\u00edkovi okam\u017eit\u011b vr\u00e1ceny.<\/p>\n<p>5.3. Nen\u00ed-li objednan\u00fd v\u00fdrobek k dispozici, proto\u017ee prod\u00e1vaj\u00edc\u00ed nen\u00ed dod\u00e1v\u00e1n s t\u00edmto produktem sv\u00fdm dodavatelem bez vlastn\u00edho zavin\u011bn\u00ed, m\u016f\u017ee prod\u00e1vaj\u00edc\u00ed od smlouvy odstoupit. V takov\u00e9m p\u0159\u00edpad\u011b prod\u00e1vaj\u00edc\u00ed z\u00e1kazn\u00edka neprodlen\u011b informuje a v p\u0159\u00edpad\u011b pot\u0159eby navrhne dod\u00e1vku srovnateln\u00e9ho v\u00fdrobku. Pokud nen\u00ed k dispozici \u017e\u00e1dn\u00fd srovnateln\u00fd produkt nebo z\u00e1kazn\u00edk nepo\u017eaduje dod\u00e1n\u00ed srovnateln\u00e9ho produktu, prod\u00e1vaj\u00edc\u00ed okam\u017eit\u011b vr\u00e1t\u00ed z\u00e1kazn\u00edkovi za ji\u017e poskytnutou protihodnotu.<\/p>\n<p>5.4. Z\u00e1kazn\u00edci budou informov\u00e1ni o dodac\u00edch lh\u016ft\u00e1ch a omezen\u00edch dod\u00e1vek (nap\u0159. omezen\u00ed dod\u00e1vek do ur\u010dit\u00fdch zem\u00ed) na samostatn\u00e9 informa\u010dn\u00ed str\u00e1nce nebo v r\u00e1mci p\u0159\u00edslu\u0161n\u00e9ho popisu produktu.<\/p>\n<ol start=\"6\">\n<li><strong>Platby<\/strong><br \/>\n6.1. Z\u00e1kazn\u00edk si m\u016f\u017ee vybrat z dostupn\u00fdch platebn\u00edch metod b\u011bhem a p\u0159ed dokon\u010den\u00edm objedn\u00e1vkov\u00e9ho procesu. Z\u00e1kazn\u00edci budou informov\u00e1ni o dostupn\u00fdch platebn\u00edch prost\u0159edc\u00edch na samostatn\u00e9 informa\u010dn\u00ed str\u00e1nce.<\/li>\n<\/ol>\n<p>6.2. Je-li platba fakturou mo\u017en\u00e1, mus\u00ed b\u00fdt platba provedena do 30 dn\u016f od p\u0159evzet\u00ed zbo\u017e\u00ed a faktury. U v\u0161ech ostatn\u00edch zp\u016fsob\u016f platby mus\u00ed b\u00fdt platba provedena p\u0159edem bez odpo\u010dtu.<\/p>\n<p>6.3. Pokud jsou t\u0159et\u00ed strany p\u0159i\u0159azeny ke zpracov\u00e1n\u00ed plateb, nap\u0159. jejich v\u0161eobecn\u00e9 obchodn\u00ed podm\u00ednky.<\/p>\n<p>6.4. Pokud je datum splatnosti platby ur\u010deno podle kalend\u00e1\u0159e, z\u00e1kazn\u00edk je ji\u017e v prodlen\u00ed t\u00edm, \u017ee datum chyb\u00ed. V takov\u00e9m p\u0159\u00edpad\u011b mus\u00ed z\u00e1kazn\u00edk zaplatit z\u00e1konn\u00fd \u00farok z prodlen\u00ed.<\/p>\n<p>6.5. Povinnost z\u00e1kazn\u00edka platit \u00faroky z prodlen\u00ed nebr\u00e1n\u00ed prod\u00e1vaj\u00edc\u00edmu po\u017eadovat dal\u0161\u00ed n\u00e1hradu \u0161kody za prodlen\u00ed.<\/p>\n<p>6.6. Z\u00e1kazn\u00edk je opr\u00e1vn\u011bn zapo\u010dten\u00ed pouze tehdy, pokud byly jeho protin\u00e1roky pr\u00e1vn\u011b stanoveny nebo uzn\u00e1ny prod\u00e1vaj\u00edc\u00edm. Z\u00e1kazn\u00edk m\u016f\u017ee uplatnit pr\u00e1vo na zadr\u017een\u00ed pouze v p\u0159\u00edpad\u011b, \u017ee pohled\u00e1vky vypl\u00fdvaj\u00ed ze stejn\u00e9ho smluvn\u00edho vztahu.<\/p>\n<ol start=\"7\">\n<li><strong>Vlastnictv\u00ed<\/strong><br \/>\nA\u017e do \u00fapln\u00e9ho zaplacen\u00ed z\u016fst\u00e1v\u00e1 dodan\u00e9 zbo\u017e\u00ed majetkem prod\u00e1vaj\u00edc\u00edho.<\/li>\n<li><strong>Z\u00e1ruka a z\u00e1ruka na vady<\/strong><br \/>\n8.1. Z\u00e1ruka je stanovena v souladu s pr\u00e1vn\u00edmi p\u0159edpisy.<\/li>\n<\/ol>\n<p>8.2. Z\u00e1ruka existuje pro zbo\u017e\u00ed dodan\u00e9 prod\u00e1vaj\u00edc\u00edm pouze tehdy, pokud bylo v\u00fdslovn\u011b dod\u00e1no. Z\u00e1kazn\u00edci budou informov\u00e1ni o z\u00e1ru\u010dn\u00edch podm\u00ednk\u00e1ch p\u0159ed zah\u00e1jen\u00edm objedn\u00e1vkov\u00e9ho procesu.<\/p>\n<ol start=\"9\">\n<li><strong>Odpov\u011bdnosti<\/strong><br \/>\n9.1. N\u00e1sleduj\u00edc\u00ed vylou\u010den\u00ed a omezen\u00ed odpov\u011bdnosti se vztahuj\u00ed na odpov\u011bdnost prod\u00e1vaj\u00edc\u00edho za \u0161kody, ani\u017e jsou dot\u010deny ostatn\u00ed z\u00e1konn\u00e9 podm\u00ednky n\u00e1roku.<\/li>\n<\/ol>\n<p>9.2. Prod\u00e1vaj\u00edc\u00ed je odpov\u011bdn\u00fd bez omezen\u00ed, pokud je p\u0159\u00ed\u010dina \u0161kody zalo\u017eena na \u00famyslu nebo hrub\u00e9 nedbalosti.<\/p>\n<p>9.3. D\u00e1le je prod\u00e1vaj\u00edc\u00ed odpov\u011bdn\u00fd za lehce nedbal\u00e9 poru\u0161en\u00ed z\u00e1kladn\u00edch povinnost\u00ed, jejich\u017e poru\u0161en\u00ed ohro\u017euje dosa\u017een\u00ed \u00fa\u010delu smlouvy, nebo za poru\u0161en\u00ed povinnost\u00ed, jejich\u017e pln\u011bn\u00ed umo\u017e\u0148uje \u0159\u00e1dn\u00e9 pln\u011bn\u00ed smlouvy v prvn\u00ed \u0159ad\u011b a na jeho\u017e dodr\u017eov\u00e1n\u00ed se z\u00e1kazn\u00edk pravideln\u011b spol\u00e9h\u00e1. V tomto p\u0159\u00edpad\u011b v\u0161ak prod\u00e1vaj\u00edc\u00ed odpov\u00edd\u00e1 pouze za p\u0159edv\u00eddatelnou \u0161kodu typickou pro smlouvu. Prod\u00e1vaj\u00edc\u00ed nenese odpov\u011bdnost za lehce nedbal\u00e9 poru\u0161en\u00ed jin\u00fdch povinnost\u00ed, ne\u017e kter\u00e9 jsou uvedeny v p\u0159edchoz\u00edch v\u011bt\u00e1ch.<\/p>\n<p>9.4. V\u00fd\u0161e uveden\u00e1 omezen\u00ed odpov\u011bdnosti neplat\u00ed v p\u0159\u00edpad\u011b zran\u011bn\u00ed \u017eivota, t\u011bla a zdrav\u00ed, v p\u0159\u00edpad\u011b z\u00e1vady po p\u0159evzet\u00ed z\u00e1ruky na kvalitu v\u00fdrobku a v p\u0159\u00edpad\u011b podvodn\u011b zatajen\u00fdch vad. Odpov\u011bdnost podle z\u00e1kona o odpov\u011bdnosti za v\u00fdrobek z\u016fst\u00e1v\u00e1 nedot\u010dena.<\/p>\n<p>9.5. Pokud je odpov\u011bdnost prod\u00e1vaj\u00edc\u00edho vylou\u010dena nebo omezena, vztahuje se to i na osobn\u00ed odpov\u011bdnost zam\u011bstnanc\u016f, z\u00e1stupc\u016f a z\u00e1stupc\u016f.<\/p>\n<ol start=\"10\">\n<li><strong>Ulo\u017een\u00ed textu smlouvy<\/strong><br \/>\n10.1. Z\u00e1kazn\u00edk si m\u016f\u017ee vytisknout text smlouvy p\u0159ed zad\u00e1n\u00edm objedn\u00e1vky prod\u00e1vaj\u00edc\u00edmu pomoc\u00ed tiskov\u00e9 funkce sv\u00e9ho prohl\u00ed\u017ee\u010de v posledn\u00edm kroku objedn\u00e1vky.<\/li>\n<\/ol>\n<p>10.2. Prod\u00e1vaj\u00edc\u00ed tak\u00e9 za\u0161le z\u00e1kazn\u00edkovi potvrzen\u00ed objedn\u00e1vky se v\u0161emi \u00fadaji o objedn\u00e1vce na e-mailovou adresu poskytnutou z\u00e1kazn\u00edkem. S potvrzen\u00edm objedn\u00e1vky, nejpozd\u011bji v\u0161ak v dob\u011b dod\u00e1n\u00ed zbo\u017e\u00ed, obdr\u017e\u00ed z\u00e1kazn\u00edk tak\u00e9 kopii VOP spolu s pokyny k odvol\u00e1n\u00ed a pokyny k n\u00e1klad\u016fm na dopravu, jako\u017e i dodac\u00ed a platebn\u00ed podm\u00ednky. Pokud jste se zaregistrovali v na\u0161em obchod\u011b, m\u016f\u017eete si prohl\u00e9dnout zadan\u00e9 objedn\u00e1vky ve sv\u00e9m profilu. Krom\u011b toho ukl\u00e1d\u00e1me text smlouvy, ale nezp\u0159\u00edstupn\u00edme jej na internetu. <strong>11.<\/strong><br \/>\n11.1. M\u00edstem soudn\u00ed p\u0159\u00edslu\u0161nosti a m\u00edstem pln\u011bn\u00ed je s\u00eddlo prod\u00e1vaj\u00edc\u00edho, pokud je z\u00e1kazn\u00edkem obchodn\u00edk, ve\u0159ejnopr\u00e1vn\u00ed pr\u00e1vnick\u00e1 osoba nebo zvl\u00e1\u0161tn\u00ed ve\u0159ejn\u00fd fond.<\/p>\n<p>11.2. Smluvn\u00ed jazyk je n\u011bm\u010dina.<\/p>\n<p>11.3. Platforma Evropsk\u00e9 komise pro \u0159e\u0161en\u00ed spor\u016f on-line (Os) pro spot\u0159ebitele: <a href=\"http:\/\/ec.europa.eu\/consumers\/odr\/\" target=\"_blank\" rel=\"noopener\">http:\/\/ec.europa.eu\/consumers\/odr\/<\/a>. Nejsme p\u0159ipraveni ani povinni \u00fa\u010dastnit se \u0159\u00edzen\u00ed o \u0159e\u0161en\u00ed spor\u016f p\u0159ed spot\u0159ebitelsk\u00fdm rozhod\u010d\u00edm soudem.<\/p>\n<p>&nbsp;<\/p>\n","protected":false},"excerpt":{"rendered":"","protected":false},"author":1,"featured_media":0,"parent":0,"menu_order":0,"comment_status":"closed","ping_status":"closed","template":"","meta":{"_acf_changed":false,"footnotes":""},"class_list":["post-24196","page","type-page","status-publish","hentry"],"acf":[],"_links":{"self":[{"href":"https:\/\/airpura.de\/cs\/wp-json\/wp\/v2\/pages\/24196","targetHints":{"allow":["GET"]}}],"collection":[{"href":"https:\/\/airpura.de\/cs\/wp-json\/wp\/v2\/pages"}],"about":[{"href":"https:\/\/airpura.de\/cs\/wp-json\/wp\/v2\/types\/page"}],"author":[{"embeddable":true,"href":"https:\/\/airpura.de\/cs\/wp-json\/wp\/v2\/users\/1"}],"replies":[{"embeddable":true,"href":"https:\/\/airpura.de\/cs\/wp-json\/wp\/v2\/comments?post=24196"}],"version-history":[{"count":0,"href":"https:\/\/airpura.de\/cs\/wp-json\/wp\/v2\/pages\/24196\/revisions"}],"wp:attachment":[{"href":"https:\/\/airpura.de\/cs\/wp-json\/wp\/v2\/media?parent=24196"}],"curies":[{"name":"wp","href":"https:\/\/api.w.org\/{rel}","templated":true}]}}