{"id":24139,"date":"2021-09-11T17:34:08","date_gmt":"2021-09-11T15:34:08","guid":{"rendered":"https:\/\/airpura.de\/pruvodce-pylova-alergie\/"},"modified":"2022-06-08T14:28:15","modified_gmt":"2022-06-08T12:28:15","slug":"pruvodce-pylova-alergie","status":"publish","type":"page","link":"https:\/\/airpura.de\/cs\/poradce\/pruvodce-pylova-alergie\/","title":{"rendered":"Pr\u016fvodce &#8211; pylov\u00e1 alergie"},"content":{"rendered":"<p><div class=\"fusion-fullwidth fullwidth-box fusion-builder-row-1 fusion-flex-container nonhundred-percent-fullwidth non-hundred-percent-height-scrolling\" style=\"--awb-border-radius-top-left:0px;--awb-border-radius-top-right:0px;--awb-border-radius-bottom-right:0px;--awb-border-radius-bottom-left:0px;--awb-flex-wrap:wrap;\" ><div class=\"fusion-builder-row fusion-row fusion-flex-align-items-flex-start fusion-flex-content-wrap\" style=\"max-width:1216.8px;margin-left: calc(-4% \/ 2 );margin-right: calc(-4% \/ 2 );\"><div class=\"fusion-layout-column fusion_builder_column fusion-builder-column-0 fusion_builder_column_1_2 1_2 fusion-flex-column\" style=\"--awb-bg-size:cover;--awb-width-large:50%;--awb-margin-top-large:0px;--awb-spacing-right-large:3.84%;--awb-margin-bottom-large:20px;--awb-spacing-left-large:3.84%;--awb-width-medium:100%;--awb-order-medium:0;--awb-spacing-right-medium:1.92%;--awb-spacing-left-medium:1.92%;--awb-width-small:100%;--awb-order-small:0;--awb-spacing-right-small:1.92%;--awb-spacing-left-small:1.92%;\"><div class=\"fusion-column-wrapper fusion-column-has-shadow fusion-flex-justify-content-flex-start fusion-content-layout-column\"><div class=\"fusion-title title fusion-title-1 fusion-title-text fusion-title-size-one\" style=\"--awb-margin-top-small:0px;--awb-margin-right-small:0px;--awb-margin-bottom-small:20px;--awb-margin-left-small:0px;\"><div class=\"title-sep-container title-sep-container-left fusion-no-large-visibility fusion-no-medium-visibility fusion-no-small-visibility\"><div class=\"title-sep sep- sep-solid\" style=\"border-color:#e2e2e2;\"><\/div><\/div><span class=\"awb-title-spacer fusion-no-large-visibility fusion-no-medium-visibility fusion-no-small-visibility\"><\/span><h1 class=\"fusion-title-heading title-heading-left fusion-responsive-typography-calculated\" style=\"margin:0;--fontSize:45;line-height:1.14;\">Alergie na pyly ude\u0159\u00ed v\u017edy, kdy\u017e je venku nejkr\u00e1sn\u011bji<\/h1><span class=\"awb-title-spacer\"><\/span><div class=\"title-sep-container title-sep-container-right\"><div class=\"title-sep sep- sep-solid\" style=\"border-color:#e2e2e2;\"><\/div><\/div><\/div><div class=\"fusion-text fusion-text-1\"><p>Jaro a za\u010d\u00e1tek l\u00e9ta jsou pro pylov\u00e9 alergiky t\u011b\u017ek\u00fdmi m\u011bs\u00edci \u2013 proto\u017ee s n\u00e1stupem tepl\u00e9ho obdob\u00ed nen\u00ed pylu v\u0161eho druhu uniknout.V na\u0161em pr\u016fvodci se dozv\u00edte, co spou\u0161t\u00ed pylovou alergii, jak \u00fasp\u011b\u0161n\u011b bojovat s p\u0159\u00edznaky pylov\u00e1 alergie a pro\u010d <a href=\"https:\/\/airpura.de\/shop\/\">\u010cisti\u010dka vzduchu<\/a> je pravd\u011bpodobn\u011b nejlep\u0161\u00ed za\u0159\u00edzen\u00ed pro alergii na pyl.<\/p>\n<h2 class=\"fusion-responsive-typography-calculated\" style=\"--fontsize: 38; line-height: 1.29;\" data-fontsize=\"38\" data-lineheight=\"49px\">Co je pyl?<\/h2>\n<p>Term\u00edn pyl poch\u00e1z\u00ed z latiny a znamen\u00e1 \u201epr\u00e1\u0161ek z mouky\u201c nebo \u201evelmi jemn\u00e1 mouka\u201c. A skute\u010dn\u011b pyl, jin\u00e9 slovo pro pyl, je moukou podobn\u00e1 l\u00e1tka, kter\u00e1 se tvo\u0159\u00ed v takzvan\u00fdch ty\u010dink\u00e1ch semenn\u00fdch rostlin. Pyl pom\u00e1h\u00e1 rostlin\u011b p\u0159en\u00e1\u0161et dob\u0159e chr\u00e1n\u011bn\u00e9 sam\u010d\u00ed z\u00e1rode\u010dn\u00e9 bu\u0148ky do \u017eensk\u00fdch receptivn\u00edch org\u00e1n\u016f. Pyl tak umo\u017e\u0148uje oplodn\u011bn\u00ed rostlin.<\/p>\n<h3 class=\"fusion-responsive-typography-calculated\" style=\"--fontsize: 26; line-height: 1.27;\" data-fontsize=\"26\" data-lineheight=\"33px\">Co je pylov\u00e1 alergie?<\/h3>\n<p>Jakmile za\u010dne f\u00e1ze kv\u011btu strom\u016f a ke\u0159\u016f, je pyl rozpr\u00e1\u0161en na velk\u00e9 plochy v\u011btrem nebo hmyzem. Kolem poletuj\u00edc\u00ed pyl je mikroskopicky mal\u00fd \u2013 a my lid\u00e9 ho proto p\u0159ij\u00edm\u00e1me tak\u00e9 nosem nebo \u00fasty. U n\u011bkter\u00fdch lid\u00ed imunitn\u00ed syst\u00e9m reaguje na pyl, jako by to byl z\u00e1rodek. Jako obrann\u00e1 reakce se uvol\u0148uje medi\u00e1torov\u00e1 l\u00e1tka histamin, kter\u00e1 je zodpov\u011bdn\u00e1 za zn\u00e1m\u00e9 p\u0159\u00edznaky pylov\u00e9 alergie, jako je sv\u011bd\u011bn\u00ed, k\u00fdch\u00e1n\u00ed, r\u00fdma nebo \u010derven\u00e9 o\u010di. Pylov\u00e1 alergie tedy nen\u00ed nemoc v prav\u00e9m slova smyslu, ale sp\u00ed\u0161e p\u0159ehnan\u00e1 reakce imunitn\u00edho syst\u00e9mu na skute\u010dn\u011b zcela ne\u0161kodnou l\u00e1tku.<\/p>\n<h3 class=\"fusion-responsive-typography-calculated\" style=\"--fontsize: 26; line-height: 1.27;\" data-fontsize=\"26\" data-lineheight=\"33px\"><\/h3>\n<div><\/div>\n<div><\/div>\n<\/div><\/div><\/div><div class=\"fusion-layout-column fusion_builder_column fusion-builder-column-1 fusion_builder_column_1_2 1_2 fusion-flex-column\" style=\"--awb-padding-top:20px;--awb-padding-right:20px;--awb-padding-bottom:20px;--awb-padding-left:20px;--awb-bg-color:#f1f1f1;--awb-bg-color-hover:#f1f1f1;--awb-bg-size:cover;--awb-width-large:50%;--awb-margin-top-large:0px;--awb-spacing-right-large:3.84%;--awb-margin-bottom-large:20px;--awb-spacing-left-large:3.84%;--awb-width-medium:100%;--awb-order-medium:0;--awb-spacing-right-medium:1.92%;--awb-spacing-left-medium:1.92%;--awb-width-small:100%;--awb-order-small:0;--awb-spacing-right-small:1.92%;--awb-spacing-left-small:1.92%;\"><div class=\"fusion-column-wrapper fusion-column-has-shadow fusion-flex-justify-content-flex-start fusion-content-layout-column\"><div class=\"fusion-image-element \" style=\"--awb-margin-top:20px;--awb-caption-title-font-family:var(--h2_typography-font-family);--awb-caption-title-font-weight:var(--h2_typography-font-weight);--awb-caption-title-font-style:var(--h2_typography-font-style);--awb-caption-title-size:var(--h2_typography-font-size);--awb-caption-title-transform:var(--h2_typography-text-transform);--awb-caption-title-line-height:var(--h2_typography-line-height);--awb-caption-title-letter-spacing:var(--h2_typography-letter-spacing);\"><span class=\" fusion-imageframe imageframe-none imageframe-1 hover-type-none\"><img loading=\"lazy\" decoding=\"async\" width=\"1400\" height=\"928\" alt=\"Alergie na pyly \u2013 pr\u016fvodce \u010disti\u010dkou vzduchu\" title=\"Airpura Luftreiniger gegen Pollen\" src=\"https:\/\/airpura.de\/wp-content\/uploads\/2021\/09\/Luftreiniger-gegen-Pollen.jpg\" class=\"img-responsive wp-image-23479\" srcset=\"https:\/\/airpura.de\/wp-content\/uploads\/2021\/09\/Luftreiniger-gegen-Pollen-200x133.jpg 200w, https:\/\/airpura.de\/wp-content\/uploads\/2021\/09\/Luftreiniger-gegen-Pollen-400x265.jpg 400w, https:\/\/airpura.de\/wp-content\/uploads\/2021\/09\/Luftreiniger-gegen-Pollen-600x398.jpg 600w, https:\/\/airpura.de\/wp-content\/uploads\/2021\/09\/Luftreiniger-gegen-Pollen-800x530.jpg 800w, https:\/\/airpura.de\/wp-content\/uploads\/2021\/09\/Luftreiniger-gegen-Pollen-1200x795.jpg 1200w, https:\/\/airpura.de\/wp-content\/uploads\/2021\/09\/Luftreiniger-gegen-Pollen.jpg 1400w\" sizes=\"auto, (max-width: 1024px) 100vw, (max-width: 640px) 100vw, 600px\" \/><\/span><\/div><\/div><\/div><\/div><\/div><div class=\"fusion-fullwidth fullwidth-box fusion-builder-row-2 fusion-flex-container nonhundred-percent-fullwidth non-hundred-percent-height-scrolling\" style=\"--awb-border-radius-top-left:0px;--awb-border-radius-top-right:0px;--awb-border-radius-bottom-right:0px;--awb-border-radius-bottom-left:0px;--awb-flex-wrap:wrap;\" ><div class=\"fusion-builder-row fusion-row fusion-flex-align-items-flex-start fusion-flex-content-wrap\" style=\"max-width:1216.8px;margin-left: calc(-4% \/ 2 );margin-right: calc(-4% \/ 2 );\"><div class=\"fusion-layout-column fusion_builder_column fusion-builder-column-2 fusion_builder_column_1_1 1_1 fusion-flex-column\" style=\"--awb-bg-size:cover;--awb-width-large:100%;--awb-margin-top-large:0px;--awb-spacing-right-large:1.92%;--awb-margin-bottom-large:20px;--awb-spacing-left-large:1.92%;--awb-width-medium:100%;--awb-order-medium:0;--awb-spacing-right-medium:1.92%;--awb-spacing-left-medium:1.92%;--awb-width-small:100%;--awb-order-small:0;--awb-spacing-right-small:1.92%;--awb-spacing-left-small:1.92%;\"><div class=\"fusion-column-wrapper fusion-column-has-shadow fusion-flex-justify-content-flex-start fusion-content-layout-column\"><div class=\"fusion-text fusion-text-2\"><h4 class=\"fusion-responsive-typography-calculated\" style=\"--fontsize: 28; line-height: 1.29;\" data-fontsize=\"28\" data-lineheight=\"36px\">Jak\u00e9 jsou p\u0159\u00edznaky pylov\u00e9 alergie?<\/h4>\n<p>Alergie na pyly se m\u016f\u017ee projevovat v \u0161irok\u00e9 \u0161k\u00e1le forem. Vzhledem k tomu, \u017ee pyl je absorbov\u00e1n p\u0159edev\u0161\u00edm d\u00fdchac\u00edmi org\u00e1ny, doch\u00e1z\u00ed zde tak\u00e9 k nejprud\u0161\u00edm obrann\u00fdm reakc\u00edm. Alergie na pyly m\u016f\u017ee postihnout i cel\u00e9 t\u011blo!<\/p>\n<p><strong>Mezi typick\u00e9 p\u0159\u00edznaky pylov\u00e9 alergie pat\u0159\u00ed:<\/strong><\/p>\n<ul>\n<li>Ucpan\u00fd nos \/ senn\u00e1 r\u00fdma<\/li>\n<li>Trval\u00e9 nutk\u00e1n\u00ed k\u00fdchnout<\/li>\n<li>Sv\u011bd\u011bn\u00ed nosu a o\u010d\u00ed<\/li>\n<li>R\u00fdma<\/li>\n<li>Zan\u00edcen\u00e1 nosn\u00ed sliznice<\/li>\n<li>ka\u0161el<\/li>\n<li>bolest hlavy<\/li>\n<li>du\u0161nost<\/li>\n<\/ul>\n<p><strong>Dal\u0161\u00ed reakce t\u011bla v souvislosti s alergi\u00ed na pyl jsou:<\/strong><\/p>\n<ul>\n<li>ko\u017en\u00ed vyr\u00e1\u017eky<\/li>\n<li>otok<\/li>\n<li>probl\u00e9my s koncentrac\u00ed<\/li>\n<li>poruchy sp\u00e1nku<\/li>\n<li>neurodermatitida<\/li>\n<li>ob\u011bhov\u00e9 probl\u00e9my<\/li>\n<\/ul>\n<h4 class=\"fusion-responsive-typography-calculated\" style=\"--fontsize: 28; line-height: 1.29;\" data-fontsize=\"28\" data-lineheight=\"36px\">D\u00e1 se pylov\u00e1 alergie l\u00e9\u010dit l\u00e9ky?<\/h4>\n<p>Jako u v\u0161ech alergi\u00ed, i pylov\u00e1 se d\u00e1 \u00fa\u010dinn\u011b l\u00e9\u010dit. Zda je p\u0159\u00edtomna pylov\u00e1 alergie, mus\u00ed v\u017edy ur\u010dit odborn\u00fd l\u00e9ka\u0159. V p\u0159\u00edpad\u011b potvrzen\u00e9 alergie na pyl m\u016f\u017ee l\u00e9ka\u0159 p\u0159edepsat kortizon, antihistaminika nebo kromony. Ka\u017ed\u00fd l\u00e9k m\u00e1 sv\u00e9 v\u00fdhody a nev\u00fdhody, kter\u00e9 m\u016f\u017ee spolehliv\u011b objasnit pouze l\u00e9ka\u0159. D\u016fle\u017eit\u00e9 v\u011bd\u011bt: \u00dapln\u00e9 vyl\u00e9\u010den\u00ed pylov\u00e9 alergie nen\u00ed dostupn\u00fdmi l\u00e9ky mo\u017en\u00e9, ale zm\u00edr\u0148uj\u00ed p\u0159\u00edznaky nebo je \u00fapln\u011b potla\u010duj\u00ed. L\u00e9k proti pylov\u00e9 alergii tak p\u0159isp\u00edv\u00e1 k v\u00fdrazn\u00e9mu zlep\u0161en\u00ed pohody.<\/p>\n<h4 class=\"fusion-responsive-typography-calculated\" style=\"--fontsize: 28; line-height: 1.29;\" data-fontsize=\"28\" data-lineheight=\"36px\">Kter\u00e9 rostliny jsou zvl\u00e1\u0161t\u011b nebezpe\u010dn\u00e9 p\u0159i pylov\u00e9 alergii<\/h4>\n<p>V\u0161echny rostliny, kter\u00e9 se mno\u017e\u00ed semeny, tvo\u0159\u00ed pyl \u2013 v z\u00e1sad\u011b jsou tedy v\u0161echny semenn\u00e9 rostliny vybaveny alergenn\u00edm potenci\u00e1lem. Mezi rostlinami v\u0161ak vynikaj\u00ed n\u011bkter\u00e9 druhy:<\/p>\n<ul>\n<li>Ambrosia: Tato rostlina, dovezen\u00e1 ze Severn\u00ed Ameriky, kvete od konce \u010dervna do konce \u0159\u00edjna. Ambrosia je pova\u017eov\u00e1na za jednu z rostlin s nejvy\u0161\u0161\u00ed alergenn\u00ed potenc\u00ed!<\/li>\n<li>Mugwort: Tato obl\u00edben\u00e1 kuchy\u0148sk\u00e1 bylina kvete od poloviny kv\u011btna do konce \u0159\u00edjna. Bohu\u017eel alergenn\u00ed potence pely\u0148ku je velmi vysok\u00e1.<\/li>\n<li>B\u0159\u00edza: B\u0159\u00edzy jsou roz\u0161\u00ed\u0159en\u00e9 ve st\u0159edn\u00ed Evrop\u011b. D\u00edky vysok\u00e9mu pod\u00edlu pylu pat\u0159\u00ed b\u0159\u00edzy mezi stromy s nejvy\u0161\u0161\u00edm alergick\u00fdm potenci\u00e1lem.<\/li>\n<li>Tr\u00e1vy: M\u00e1me \u0161irokou \u0161k\u00e1lu trav, tak\u017ee f\u00e1ze, kter\u00e1 m\u016f\u017ee vyvolat alergii na pyl, je odpov\u00eddaj\u00edc\u00edm zp\u016fsobem dlouh\u00e1. Tr\u00e1vy \u0161\u00ed\u0159\u00ed sv\u016fj pyl od dubna do konce listopadu.<\/li>\n<\/ul>\n<h4 class=\"fusion-responsive-typography-calculated\" style=\"--fontsize: 28; line-height: 1.29;\" data-fontsize=\"28\" data-lineheight=\"36px\">Jak zm\u00edr\u0148ujete pylovou alergii nebo jej\u00ed p\u0159\u00edznaky?<\/h4>\n<p>P\u0159\u00edznaky zp\u016fsoben\u00e9 alergi\u00ed na pyl lze v\u00fdrazn\u011b zm\u00edrnit ur\u010dit\u00fdm chov\u00e1n\u00edm. Obecn\u011b plat\u00ed, \u017ee okna v lo\u017enici nebo okna auta by m\u011bla b\u00fdt b\u011bhem \u201ehlavn\u00edch letov\u00fdch \u010das\u016f\u201c pylu zav\u0159en\u00e1. Obdob\u00ed mezi 18. hodinou a p\u016flnoc\u00ed je pro v\u011btr\u00e1n\u00ed nejvhodn\u011bj\u0161\u00ed \u2013 nebo p\u0159\u00edmo po vydatn\u00fdch lij\u00e1c\u00edch. Pokud m\u00e1te vlastn\u00ed zahradu, m\u011bla by b\u00fdt ve\u0161ker\u00e1 tr\u00e1va co nejkrat\u0161\u00ed. V\u0161echny rostliny, kter\u00e9 by mohly zp\u016fsobit alergii na pyl, by m\u011bly b\u00fdt p\u0159ed kv\u011btem odstran\u011bny. Aby se pyl nedostal do bytu, je na denn\u00edm po\u0159\u00e1dku pe\u010dliv\u00e1 hygiena! Oble\u010den\u00ed a vlasy jsou obzvl\u00e1\u0161t\u011b \u010dasto kontaminov\u00e1ny pylem. Svl\u00e9kn\u011bte se proto, jakmile vstoup\u00edte do sv\u00fdch \u010dty\u0159 st\u011bn. Vlasy byste m\u011bli m\u00edt kr\u00e1tk\u00e9 a pravideln\u011b je oplachovat. T\u00edmto zp\u016fsobem odstran\u00edte ulp\u00edvaj\u00edc\u00ed pyl d\u0159\u00edve, ne\u017e m\u016f\u017ee vyvolat alergii na pyl. Jako technickou pom\u016fcku rozhodn\u011b zva\u017ete <a href=\"https:\/\/airpura.de\/shop\/\">\u010disti\u010dku vzduchu<\/a> \u2013 o tom v\u00edce v dal\u0161\u00edm odstavci!<\/p>\n<h4 class=\"fusion-responsive-typography-calculated\" style=\"--fontsize: 28; line-height: 1.29;\" data-fontsize=\"28\" data-lineheight=\"36px\">\u010cisti\u010dka vzduchu pro pylovou alergii<\/h4>\n<p>\u010cisti\u010dka <a href=\"https:\/\/airpura.de\/shop\/\">vzduchu<\/a> je technick\u00e9 za\u0159\u00edzen\u00ed, kter\u00e9 dok\u00e1\u017ee b\u011bhem kr\u00e1tk\u00e9 doby p\u0159efiltrovat ve\u0161ker\u00fd vzduch v m\u00edstnosti. K tomuto \u00fa\u010delu m\u00e1 \u010disti\u010dka vzduchu pomalub\u011b\u017en\u00fd ventil\u00e1tor, kter\u00fd nas\u00e1v\u00e1 okoln\u00ed vzduch do vnit\u0159ku pouzdra. Vzduch tam proud\u00ed p\u0159es jeden nebo v\u00edce filtr\u016f a je tak o\u010di\u0161t\u011bn od \u010d\u00e1stic v\u0161eho druhu v\u010detn\u011b pylu. \u010cist\u00fd vzduch je op\u011bt vytla\u010den na druh\u00e9 stran\u011b za\u0159\u00edzen\u00ed &#8211; ze vzduchu se tak odstran\u00ed pyl a prach.<\/p>\n<p>\u010cisti\u010dky vzduchu, kter\u00e9 se maj\u00ed pou\u017e\u00edvat proti alergi\u00edm na pyl, mus\u00ed m\u00edt v\u00fdkonn\u00e9 filtry. Minim\u00e1ln\u00edm standardem \u010disti\u010dky vzduchu proti pylov\u00e9 alergii by m\u011bl b\u00fdt HEPA filtr. HEPA filtry jsou obzvl\u00e1\u0161t\u011b jemn\u00e9, tak\u017ee na nich ulp\u00edvaj\u00ed i ty nejmen\u0161\u00ed \u010d\u00e1stice. \u010cisti\u010dky vzduchu s filtry s aktivn\u00edm uhl\u00edm maj\u00ed je\u0161t\u011b lep\u0161\u00ed filtra\u010dn\u00ed v\u00fdkon. Aktivn\u00ed uhl\u00ed si lze p\u0159edstavit jako vysoce por\u00e9zn\u00ed houbu, jej\u00ed\u017e nespo\u010det p\u00f3r\u016f absorbuje a trvale dr\u017e\u00ed mal\u00e9 a velmi mal\u00e9 \u010d\u00e1stice.<\/p>\n<\/div><\/div><\/div><\/div><\/div><\/p>\n","protected":false},"excerpt":{"rendered":"","protected":false},"author":1,"featured_media":0,"parent":24218,"menu_order":0,"comment_status":"closed","ping_status":"closed","template":"","meta":{"_acf_changed":false,"footnotes":""},"class_list":["post-24139","page","type-page","status-publish","hentry"],"acf":[],"_links":{"self":[{"href":"https:\/\/airpura.de\/cs\/wp-json\/wp\/v2\/pages\/24139","targetHints":{"allow":["GET"]}}],"collection":[{"href":"https:\/\/airpura.de\/cs\/wp-json\/wp\/v2\/pages"}],"about":[{"href":"https:\/\/airpura.de\/cs\/wp-json\/wp\/v2\/types\/page"}],"author":[{"embeddable":true,"href":"https:\/\/airpura.de\/cs\/wp-json\/wp\/v2\/users\/1"}],"replies":[{"embeddable":true,"href":"https:\/\/airpura.de\/cs\/wp-json\/wp\/v2\/comments?post=24139"}],"version-history":[{"count":2,"href":"https:\/\/airpura.de\/cs\/wp-json\/wp\/v2\/pages\/24139\/revisions"}],"predecessor-version":[{"id":24692,"href":"https:\/\/airpura.de\/cs\/wp-json\/wp\/v2\/pages\/24139\/revisions\/24692"}],"up":[{"embeddable":true,"href":"https:\/\/airpura.de\/cs\/wp-json\/wp\/v2\/pages\/24218"}],"wp:attachment":[{"href":"https:\/\/airpura.de\/cs\/wp-json\/wp\/v2\/media?parent=24139"}],"curies":[{"name":"wp","href":"https:\/\/api.w.org\/{rel}","templated":true}]}}