{"id":24128,"date":"2021-09-11T11:57:16","date_gmt":"2021-09-11T09:57:16","guid":{"rendered":"https:\/\/airpura.de\/platby\/"},"modified":"2021-09-11T11:57:16","modified_gmt":"2021-09-11T09:57:16","slug":"platby","status":"publish","type":"page","link":"https:\/\/airpura.de\/cs\/platby\/","title":{"rendered":"Platby"},"content":{"rendered":"<p><strong>Zp\u016fsoby platby<\/strong><\/p>\n<p>Nab\u00edz\u00edme n\u00e1sleduj\u00edc\u00ed zp\u016fsoby platby. Jednodu\u0161e si vyberte nejlep\u0161\u00ed zp\u016fsob platby pro v\u00e1s. N\u00e1klady na dopravu z\u00e1vis\u00ed \u010d\u00e1ste\u010dn\u011b na zvolen\u00e9m zp\u016fsobu platby. Ceny uveden\u00e9 v p\u0159\u00edslu\u0161n\u00fdch nab\u00eddk\u00e1ch p\u0159edstavuj\u00ed kone\u010dn\u00e9 ceny. Zahrnuj\u00ed v\u0161echny cenov\u00e9 slo\u017eky, v\u010detn\u011b v\u0161ech p\u0159\u00edslu\u0161n\u00fdch dan\u00ed, jako je DPH. Pouze v p\u0159\u00edpad\u011b p\u0159eshrani\u010dn\u00edho dod\u00e1n\u00ed m\u016f\u017ee b\u00fdt dal\u0161\u00ed dan\u011b (nap\u0159. v p\u0159\u00edpad\u011b po\u0159\u00edzen\u00ed uvnit\u0159 Spole\u010denstv\u00ed) a\/nebo cla (nap\u0159. cla) splatn\u00e9 v\u00e1mi, ale nikoli prod\u00e1vaj\u00edc\u00edmu, ale celn\u00edm nebo da\u0148ov\u00fdm org\u00e1n\u016fm odpov\u011bdn\u00fdm v t\u00e9to v\u011bci. N\u00e1klady na doru\u010den\u00ed a dopravu nejsou zahrnuty v kupn\u00ed cen\u011b, lze k nim p\u0159istupovat prost\u0159ednictv\u00edm str\u00e1nky &#8222;N\u00e1klady na dopravu&#8220;, jsou zobrazeny samostatn\u011b b\u011bhem procesu objedn\u00e1v\u00e1n\u00ed a nav\u00edc je nesete vy.<\/p>\n<p><em>Inkasem<\/em><\/p>\n<p>Po slo\u017een\u00ed objedn\u00e1vky vybereme fakturu z va\u0161eho ulo\u017een\u00e9ho bankovn\u00edho \u00fa\u010dtu.  [Plus 2 Euro Geb\u00fchr]<\/p>\n<p><em>Z\u00e1loha<\/em><\/p>\n<p>P\u0159eve\u010fte pros\u00edm celkovou \u010d\u00e1stku va\u0161\u00ed objedn\u00e1vky na n\u00e1\u0161 \u00fa\u010det:<\/p>\n<h3 class=\"wc-bacs-bank-details-account-name fusion-responsive-typography-calculated\" data-fontsize=\"28\" data-lineheight=\"33px\">Kleinfeldt GmbH<br \/>\nBanka: <strong>VR Bank Untertaunus<br \/>\n eG <\/strong>IBAN: <strong>DE39510917000010376009<br \/>\n <\/strong>BIC: <strong>VRBUDE51<\/strong><\/h3>\n<p>&nbsp;<\/p>\n","protected":false},"excerpt":{"rendered":"","protected":false},"author":1,"featured_media":0,"parent":0,"menu_order":0,"comment_status":"closed","ping_status":"closed","template":"","meta":{"_acf_changed":false,"footnotes":""},"class_list":["post-24128","page","type-page","status-publish","hentry"],"acf":[],"_links":{"self":[{"href":"https:\/\/airpura.de\/cs\/wp-json\/wp\/v2\/pages\/24128","targetHints":{"allow":["GET"]}}],"collection":[{"href":"https:\/\/airpura.de\/cs\/wp-json\/wp\/v2\/pages"}],"about":[{"href":"https:\/\/airpura.de\/cs\/wp-json\/wp\/v2\/types\/page"}],"author":[{"embeddable":true,"href":"https:\/\/airpura.de\/cs\/wp-json\/wp\/v2\/users\/1"}],"replies":[{"embeddable":true,"href":"https:\/\/airpura.de\/cs\/wp-json\/wp\/v2\/comments?post=24128"}],"version-history":[{"count":0,"href":"https:\/\/airpura.de\/cs\/wp-json\/wp\/v2\/pages\/24128\/revisions"}],"wp:attachment":[{"href":"https:\/\/airpura.de\/cs\/wp-json\/wp\/v2\/media?parent=24128"}],"curies":[{"name":"wp","href":"https:\/\/api.w.org\/{rel}","templated":true}]}}