{"id":23667,"date":"2021-09-10T17:29:47","date_gmt":"2021-09-10T15:29:47","guid":{"rendered":"https:\/\/airpura.de\/blog\/"},"modified":"2022-06-08T14:10:49","modified_gmt":"2022-06-08T12:10:49","slug":"blog","status":"publish","type":"page","link":"https:\/\/airpura.de\/cs\/blog\/","title":{"rendered":"Blog"},"content":{"rendered":"<p><div class=\"fusion-fullwidth fullwidth-box fusion-builder-row-1 fusion-flex-container nonhundred-percent-fullwidth non-hundred-percent-height-scrolling\" style=\"--awb-border-radius-top-left:0px;--awb-border-radius-top-right:0px;--awb-border-radius-bottom-right:0px;--awb-border-radius-bottom-left:0px;--awb-flex-wrap:wrap;\" ><div class=\"fusion-builder-row fusion-row fusion-flex-align-items-flex-start fusion-flex-content-wrap\" style=\"max-width:1216.8px;margin-left: calc(-4% \/ 2 );margin-right: calc(-4% \/ 2 );\"><div class=\"fusion-layout-column fusion_builder_column fusion-builder-column-0 fusion_builder_column_1_2 1_2 fusion-flex-column\" style=\"--awb-bg-size:cover;--awb-width-large:50%;--awb-margin-top-large:0px;--awb-spacing-right-large:3.84%;--awb-margin-bottom-large:20px;--awb-spacing-left-large:3.84%;--awb-width-medium:100%;--awb-order-medium:0;--awb-spacing-right-medium:1.92%;--awb-spacing-left-medium:1.92%;--awb-width-small:100%;--awb-order-small:0;--awb-spacing-right-small:1.92%;--awb-spacing-left-small:1.92%;\"><div class=\"fusion-column-wrapper fusion-column-has-shadow fusion-flex-justify-content-flex-start fusion-content-layout-column\"><div class=\"fusion-title title fusion-title-1 fusion-title-text fusion-title-size-one\" style=\"--awb-margin-top-small:0px;--awb-margin-right-small:0px;--awb-margin-bottom-small:20px;--awb-margin-left-small:0px;\"><div class=\"title-sep-container title-sep-container-left fusion-no-large-visibility fusion-no-medium-visibility fusion-no-small-visibility\"><div class=\"title-sep sep- sep-solid\" style=\"border-color:#e2e2e2;\"><\/div><\/div><span class=\"awb-title-spacer fusion-no-large-visibility fusion-no-medium-visibility fusion-no-small-visibility\"><\/span><h1 class=\"fusion-title-heading title-heading-left fusion-responsive-typography-calculated\" style=\"margin:0;--fontSize:45;line-height:1.14;\">Informace a blog o \u010disti\u010dk\u00e1ch vzduchu<\/h1><span class=\"awb-title-spacer\"><\/span><div class=\"title-sep-container title-sep-container-right\"><div class=\"title-sep sep- sep-solid\" style=\"border-color:#e2e2e2;\"><\/div><\/div><\/div><div class=\"fusion-text fusion-text-1\"><p>Zde jsme shrom\u00e1\u017edili nejnov\u011bj\u0161\u00ed informace o \u010disti\u010dk\u00e1ch vzduchu, financov\u00e1n\u00ed \u010disti\u010dek vzduchu a pou\u017eit\u00ed ve <a href=\"https:\/\/airpura.de\/cs\/cisticka-vzduchu-pro-skolu-a-skolku\/\">\u0161kol\u00e1ch<\/a> a <a href=\"https:\/\/airpura.de\/cs\/cisticka-vzduchu-pro-skolu-a-skolku\/\">\u0161kolk\u00e1ch<\/a> , stejn\u011b jako v kancel\u00e1\u0159\u00edch a obecn\u00fdch za\u0159\u00edzen\u00edch, jako jsou l\u00e9ka\u0159sk\u00e9 praxe.<\/p>\n<p>Nav\u0161tivte na\u0161i <b><a href=\"https:\/\/airpura.de\/shop\/\">prodejnu \u010disti\u010dek vzduchu<\/a><\/b><\/p>\n<\/div><div class=\"fusion-title title fusion-title-2 fusion-title-center fusion-title-text fusion-title-size-two\" style=\"--awb-margin-top:30px;--awb-margin-top-small:0px;--awb-margin-right-small:0px;--awb-margin-bottom-small:20px;--awb-margin-left-small:0px;--awb-font-size:22px;\"><div class=\"title-sep-container title-sep-container-left\"><div class=\"title-sep sep- sep-solid\" style=\"border-color:#e2e2e2;\"><\/div><\/div><span class=\"awb-title-spacer\"><\/span><h2 class=\"fusion-title-heading title-heading-center fusion-responsive-typography-calculated\" style=\"margin:0;font-size:1em;--fontSize:22;line-height:1.3;\">M\u00e1te n\u011bjak\u00e9 dotazy k na\u0161im \u010disti\u010dk\u00e1m vzduchu nebo pot\u0159ebujete speci\u00e1ln\u00ed nab\u00eddku?<\/h2><span class=\"awb-title-spacer\"><\/span><div class=\"title-sep-container title-sep-container-right\"><div class=\"title-sep sep- sep-solid\" style=\"border-color:#e2e2e2;\"><\/div><\/div><\/div><div style=\"text-align:center;\"><a class=\"fusion-button button-flat fusion-button-default-size button-default fusion-button-default button-1 fusion-button-default-span fusion-button-default-type\" style=\"--awb-margin-top:10px;--awb-margin-bottom:50px;\" target=\"_self\" Luftreiniger Direktanfrage, Fragen zu Luftreinigern title=\"\u010cisti\u010dka vzduchu p\u0159\u00edm\u00fd dotaz\" aria-label=\"\u010cisti\u010dka vzduchu p\u0159\u00edm\u00fd dotaz\" href=\"https:\/\/airpura.de\/kontakt-luftreiniger\/\"><span class=\"fusion-button-text awb-button__text awb-button__text--default\">P\u0159\u00edm\u00fd dotaz<\/span><\/a><\/div><\/div><\/div><div class=\"fusion-layout-column fusion_builder_column fusion-builder-column-1 fusion_builder_column_1_2 1_2 fusion-flex-column\" style=\"--awb-padding-top:20px;--awb-padding-right:20px;--awb-padding-bottom:20px;--awb-padding-left:20px;--awb-bg-color:#f1f1f1;--awb-bg-color-hover:#f1f1f1;--awb-bg-size:cover;--awb-width-large:50%;--awb-margin-top-large:0px;--awb-spacing-right-large:3.84%;--awb-margin-bottom-large:50px;--awb-spacing-left-large:3.84%;--awb-width-medium:100%;--awb-order-medium:0;--awb-spacing-right-medium:1.92%;--awb-spacing-left-medium:1.92%;--awb-width-small:100%;--awb-order-small:0;--awb-spacing-right-small:1.92%;--awb-spacing-left-small:1.92%;\"><div class=\"fusion-column-wrapper fusion-column-has-shadow fusion-flex-justify-content-flex-start fusion-content-layout-column\">[cmtoc_table_of_contents]<\/div><\/div><\/div><\/div><div class=\"fusion-fullwidth fullwidth-box fusion-builder-row-2 fusion-flex-container nonhundred-percent-fullwidth non-hundred-percent-height-scrolling\" style=\"--awb-border-radius-top-left:0px;--awb-border-radius-top-right:0px;--awb-border-radius-bottom-right:0px;--awb-border-radius-bottom-left:0px;--awb-flex-wrap:wrap;\" ><div class=\"fusion-builder-row fusion-row fusion-flex-align-items-flex-start fusion-flex-content-wrap\" style=\"max-width:1216.8px;margin-left: calc(-4% \/ 2 );margin-right: calc(-4% \/ 2 );\"><div class=\"fusion-layout-column fusion_builder_column fusion-builder-column-2 fusion_builder_column_1_1 1_1 fusion-flex-column\" style=\"--awb-bg-size:cover;--awb-width-large:100%;--awb-margin-top-large:0px;--awb-spacing-right-large:1.92%;--awb-margin-bottom-large:20px;--awb-spacing-left-large:1.92%;--awb-width-medium:100%;--awb-order-medium:0;--awb-spacing-right-medium:1.92%;--awb-spacing-left-medium:1.92%;--awb-width-small:100%;--awb-order-small:0;--awb-spacing-right-small:1.92%;--awb-spacing-left-small:1.92%;\"><div class=\"fusion-column-wrapper fusion-column-has-shadow fusion-flex-justify-content-flex-start fusion-content-layout-column\"><div class=\"fusion-blog-shortcode fusion-blog-shortcode-1 fusion-blog-archive fusion-blog-layout-medium-alternate fusion-blog-pagination\"><div class=\"fusion-posts-container fusion-posts-container-pagination fusion-blog-rollover\" data-pages=\"1\"><article id=\"blog-1-post-24362\" class=\"fusion-post-medium-alternate post-24362 post type-post status-publish format-standard has-post-thumbnail hentry category-zpravy\">\n<div class=\"fusion-date-and-formats\"><div class=\"fusion-date-box updated\"><span class=\"fusion-date\">11<\/span><span class=\"fusion-month-year\">03, 2021<\/span><\/div><div class=\"fusion-format-box\"><i class=\"awb-icon-pen\" aria-hidden=\"true\"><\/i><\/div><\/div>\t<style type=\"text\/css\">\n\t\t\n\t\t\n\t\t\n\t\t\n\t\t\t<\/style>\n\n\n\t\t\t<div class=\"fusion-flexslider flexslider fusion-flexslider-loading fusion-post-slideshow\" style=\"\">\n\t\t<ul class=\"slides\">\n\t\t\t\n\t\t\t\t\t\t\t\t\t\t\t\t\t\t<li><div  class=\"fusion-image-wrapper fusion-image-size-fixed\" aria-haspopup=\"true\">\n\t\t\t\t<img loading=\"lazy\" decoding=\"async\" width=\"320\" height=\"202\" src=\"https:\/\/airpura.de\/wp-content\/uploads\/2021\/03\/image-320x202.jpeg\" class=\"attachment-blog-medium size-blog-medium wp-post-image\" alt=\"\" srcset=\"https:\/\/airpura.de\/wp-content\/uploads\/2021\/03\/image-320x202.jpeg 320w, https:\/\/airpura.de\/wp-content\/uploads\/2021\/03\/image-700x441.jpeg 700w\" sizes=\"auto, (max-width: 320px) 100vw, 320px\" \/><div class=\"fusion-rollover\">\n\t<div class=\"fusion-rollover-content\">\n\n\t\t\t\t\t\t\t\t\t\t\t\t\t\t<a class=\"fusion-rollover-link\" href=\"https:\/\/airpura.de\/cs\/propagace-cisticek-vzduchu\/\">Propagace \u010disti\u010dek vzduchu<\/a>\n\t\t\t\n\t\t\t\t\t\t\t\t\n\t\t\n\t\t\t\t\t\t\t\t\t\t\t\t<h4 class=\"fusion-rollover-title\">\n\t\t\t\t\t<a class=\"fusion-rollover-title-link\" href=\"https:\/\/airpura.de\/cs\/propagace-cisticek-vzduchu\/\">\n\t\t\t\t\t\tPropagace \u010disti\u010dek vzduchu\t\t\t\t\t<\/a>\n\t\t\t\t<\/h4>\n\t\t\t\n\t\t\t\t\t\t\t\t\t\t<div class=\"fusion-rollover-categories\"><a href=\"https:\/\/airpura.de\/cs\/category\/zpravy\/\" rel=\"tag\">zpr\u00e1vy<\/a><\/div>\t\t\t\t\t\n\t\t\n\t\t\t\t\t\t<a class=\"fusion-link-wrapper\" href=\"https:\/\/airpura.de\/cs\/propagace-cisticek-vzduchu\/\" aria-label=\"Propagace \u010disti\u010dek vzduchu\"><\/a>\n\t<\/div>\n<\/div>\n<\/div>\n<\/li>\n\t\t\t\n\t\t\t\n\t\t\t\t\t\t\t\t\t\t\t\t\t\t\t\t\t\t\t\t\t\t\t\t\t\t\t\t\t\t\t\t\t\t\t\t\t\t\t\t\t\t\t\t\t\t\t\t\t\t\t\t\t\t\t\t\t\t\t\t\t\t\t\t\t\t\t\t<\/ul>\n\t<\/div>\n\t<div class=\"fusion-post-content post-content\"><h2 class=\"blog-shortcode-post-title entry-title\"><a href=\"https:\/\/airpura.de\/cs\/propagace-cisticek-vzduchu\/\">Propagace \u010disti\u010dek vzduchu<\/a><\/h2><p class=\"fusion-single-line-meta\"><span class=\"vcard\" style=\"display: none;\"><span class=\"fn\"><a href=\"https:\/\/airpura.de\/cs\/author\/webmaster_8r4881n6\/\" title=\"P\u0159\u00edsp\u011bvky od admin\" rel=\"author\">admin<\/a><\/span><\/span><span class=\"updated\" style=\"display:none;\">2022-06-08T14:23:31+02:00<\/span><span>11. b\u0159ezna 2021<\/span><span class=\"fusion-inline-sep\">|<\/span><\/p><\/div><div class=\"fusion-clearfix\"><\/div><div class=\"fusion-meta-info\"><div class=\"fusion-alignright\"><a class=\"fusion-read-more\" href=\"https:\/\/airpura.de\/cs\/propagace-cisticek-vzduchu\/\" aria-label=\"More on Propagace \u010disti\u010dek vzduchu\">Read More<\/a><\/div><\/div><\/article>\n<article id=\"blog-1-post-24402\" class=\"fusion-post-medium-alternate post-24402 post type-post status-publish format-standard has-post-thumbnail hentry category-zpravy\">\n<div class=\"fusion-date-and-formats\"><div class=\"fusion-date-box updated\"><span class=\"fusion-date\">13<\/span><span class=\"fusion-month-year\">11, 2020<\/span><\/div><div class=\"fusion-format-box\"><i class=\"awb-icon-pen\" aria-hidden=\"true\"><\/i><\/div><\/div>\t<style type=\"text\/css\">\n\t\t\n\t\t\n\t\t\n\t\t\n\t\t\t<\/style>\n\n\n\t\t\t<div class=\"fusion-flexslider flexslider fusion-flexslider-loading fusion-post-slideshow\" style=\"\">\n\t\t<ul class=\"slides\">\n\t\t\t\n\t\t\t\t\t\t\t\t\t\t\t\t\t\t<li><div  class=\"fusion-image-wrapper fusion-image-size-fixed\" aria-haspopup=\"true\">\n\t\t\t\t<img loading=\"lazy\" decoding=\"async\" width=\"320\" height=\"202\" src=\"https:\/\/airpura.de\/wp-content\/uploads\/2021\/09\/Luftreiniger-fuer-Schule-und-Kindergarten-320x202.jpg\" class=\"attachment-blog-medium size-blog-medium wp-post-image\" alt=\"\" srcset=\"https:\/\/airpura.de\/wp-content\/uploads\/2021\/09\/Luftreiniger-fuer-Schule-und-Kindergarten-320x202.jpg 320w, https:\/\/airpura.de\/wp-content\/uploads\/2021\/09\/Luftreiniger-fuer-Schule-und-Kindergarten-700x441.jpg 700w\" sizes=\"auto, (max-width: 320px) 100vw, 320px\" \/><div class=\"fusion-rollover\">\n\t<div class=\"fusion-rollover-content\">\n\n\t\t\t\t\t\t\t\t\t\t\t\t\t\t<a class=\"fusion-rollover-link\" href=\"https:\/\/www.aerzteblatt.de\/nachrichten\/117171\/SARS-CoV-2-Luftreiniger-beseitigen-90-der-Aerosole-in-Schulklassen\" target=\"_blank\" rel=\"noopener\">https:\/\/www.aerzteblatt.de\/nachrichten\/117171\/SARS-CoV-2-Luftreiniger-beseitigen-90-der-Aerosole-in-Schulklassen<\/a>\n\t\t\t\n\t\t\t\t\t\t\t\t\n\t\t\n\t\t\t\t\t\t\t\t\t\t\t\t<h4 class=\"fusion-rollover-title\">\n\t\t\t\t\t<a class=\"fusion-rollover-title-link\" href=\"https:\/\/www.aerzteblatt.de\/nachrichten\/117171\/SARS-CoV-2-Luftreiniger-beseitigen-90-der-Aerosole-in-Schulklassen\" target=\"_blank\" rel=\"noopener\">\n\t\t\t\t\t\tSARS-CoV-2: \u010cisti\u010de vzduchu odstra\u0148uj\u00ed 90% aerosol\u016f ve \u0161koln\u00edch t\u0159\u00edd\u00e1ch\t\t\t\t\t<\/a>\n\t\t\t\t<\/h4>\n\t\t\t\n\t\t\t\t\t\t\t\t\t\t<div class=\"fusion-rollover-categories\"><a href=\"https:\/\/airpura.de\/cs\/category\/zpravy\/\" rel=\"tag\">zpr\u00e1vy<\/a><\/div>\t\t\t\t\t\n\t\t\n\t\t\t\t\t\t<a class=\"fusion-link-wrapper\" href=\"https:\/\/www.aerzteblatt.de\/nachrichten\/117171\/SARS-CoV-2-Luftreiniger-beseitigen-90-der-Aerosole-in-Schulklassen\" aria-label=\"SARS-CoV-2: \u010cisti\u010de vzduchu odstra\u0148uj\u00ed 90% aerosol\u016f ve \u0161koln\u00edch t\u0159\u00edd\u00e1ch\" target=\"_blank\" rel=\"noopener\"><\/a>\n\t<\/div>\n<\/div>\n<\/div>\n<\/li>\n\t\t\t\n\t\t\t\n\t\t\t\t\t\t\t\t\t\t\t\t\t\t\t\t\t\t\t\t\t\t\t\t\t\t\t\t\t\t\t\t\t\t\t\t\t\t\t\t\t\t\t\t\t\t\t\t\t\t\t\t\t\t\t\t\t\t\t\t\t\t\t\t\t\t\t\t<\/ul>\n\t<\/div>\n\t<div class=\"fusion-post-content post-content\"><h2 class=\"blog-shortcode-post-title entry-title\"><a href=\"https:\/\/airpura.de\/cs\/sars-cov-2-cistice-vzduchu-odstranuji-90-aerosolu-ve-skolnich-tridach\/\">SARS-CoV-2: \u010cisti\u010de vzduchu odstra\u0148uj\u00ed 90% aerosol\u016f ve \u0161koln\u00edch t\u0159\u00edd\u00e1ch<\/a><\/h2><p class=\"fusion-single-line-meta\"><span class=\"vcard\" style=\"display: none;\"><span class=\"fn\"><a href=\"https:\/\/airpura.de\/cs\/author\/webmaster_8r4881n6\/\" title=\"P\u0159\u00edsp\u011bvky od admin\" rel=\"author\">admin<\/a><\/span><\/span><span class=\"updated\" style=\"display:none;\">2022-06-08T14:23:30+02:00<\/span><span>13. listopadu 2020<\/span><span class=\"fusion-inline-sep\">|<\/span><\/p><\/div><div class=\"fusion-clearfix\"><\/div><div class=\"fusion-meta-info\"><div class=\"fusion-alignright\"><a class=\"fusion-read-more\" href=\"https:\/\/airpura.de\/cs\/sars-cov-2-cistice-vzduchu-odstranuji-90-aerosolu-ve-skolnich-tridach\/\" aria-label=\"More on SARS-CoV-2: \u010cisti\u010de vzduchu odstra\u0148uj\u00ed 90% aerosol\u016f ve \u0161koln\u00edch t\u0159\u00edd\u00e1ch\">Read More<\/a><\/div><\/div><\/article>\n<article id=\"blog-1-post-24345\" class=\"fusion-post-medium-alternate post-24345 post type-post status-publish format-standard has-post-thumbnail hentry category-zpravy\">\n<div class=\"fusion-date-and-formats\"><div class=\"fusion-date-box updated\"><span class=\"fusion-date\">30<\/span><span class=\"fusion-month-year\">10, 2020<\/span><\/div><div class=\"fusion-format-box\"><i class=\"awb-icon-pen\" aria-hidden=\"true\"><\/i><\/div><\/div>\t<style type=\"text\/css\">\n\t\t\n\t\t\n\t\t\n\t\t\n\t\t\t<\/style>\n\n\n\t\t\t<div class=\"fusion-flexslider flexslider fusion-flexslider-loading fusion-post-slideshow\" style=\"\">\n\t\t<ul class=\"slides\">\n\t\t\t\n\t\t\t\t\t\t\t\t\t\t\t\t\t\t<li><div  class=\"fusion-image-wrapper fusion-image-size-fixed\" aria-haspopup=\"true\">\n\t\t\t\t<img loading=\"lazy\" decoding=\"async\" width=\"320\" height=\"202\" src=\"https:\/\/airpura.de\/wp-content\/uploads\/2021\/09\/HEPA-14-Filter1-1-320x202.jpg\" class=\"attachment-blog-medium size-blog-medium wp-post-image\" alt=\"\" srcset=\"https:\/\/airpura.de\/wp-content\/uploads\/2021\/09\/HEPA-14-Filter1-1-320x202.jpg 320w, https:\/\/airpura.de\/wp-content\/uploads\/2021\/09\/HEPA-14-Filter1-1-700x441.jpg 700w\" sizes=\"auto, (max-width: 320px) 100vw, 320px\" \/><div class=\"fusion-rollover\">\n\t<div class=\"fusion-rollover-content\">\n\n\t\t\t\t\t\t\t\t\t\t\t\t\t\t<a class=\"fusion-rollover-link\" href=\"https:\/\/airpura.de\/cs\/filtr-ultra-low-penetracni-vzduch-ulpa\/\">FILTR ULTRA Low Penetra\u010dn\u00ed vzduch (ULPA)<\/a>\n\t\t\t\n\t\t\t\t\t\t\t\t\n\t\t\n\t\t\t\t\t\t\t\t\t\t\t\t<h4 class=\"fusion-rollover-title\">\n\t\t\t\t\t<a class=\"fusion-rollover-title-link\" href=\"https:\/\/airpura.de\/cs\/filtr-ultra-low-penetracni-vzduch-ulpa\/\">\n\t\t\t\t\t\tFILTR ULTRA Low Penetra\u010dn\u00ed vzduch (ULPA)\t\t\t\t\t<\/a>\n\t\t\t\t<\/h4>\n\t\t\t\n\t\t\t\t\t\t\t\t\t\t<div class=\"fusion-rollover-categories\"><a href=\"https:\/\/airpura.de\/cs\/category\/zpravy\/\" rel=\"tag\">zpr\u00e1vy<\/a><\/div>\t\t\t\t\t\n\t\t\n\t\t\t\t\t\t<a class=\"fusion-link-wrapper\" href=\"https:\/\/airpura.de\/cs\/filtr-ultra-low-penetracni-vzduch-ulpa\/\" aria-label=\"FILTR ULTRA Low Penetra\u010dn\u00ed vzduch (ULPA)\"><\/a>\n\t<\/div>\n<\/div>\n<\/div>\n<\/li>\n\t\t\t\n\t\t\t\n\t\t\t\t\t\t\t\t\t\t\t\t\t\t\t\t\t\t\t\t\t\t\t\t\t\t\t\t\t\t\t\t\t\t\t\t\t\t\t\t\t\t\t\t\t\t\t\t\t\t\t\t\t\t\t\t\t\t\t\t\t\t\t\t\t\t\t\t<\/ul>\n\t<\/div>\n\t<div class=\"fusion-post-content post-content\"><h2 class=\"blog-shortcode-post-title entry-title\"><a href=\"https:\/\/airpura.de\/cs\/filtr-ultra-low-penetracni-vzduch-ulpa\/\">FILTR ULTRA Low Penetra\u010dn\u00ed vzduch (ULPA)<\/a><\/h2><p class=\"fusion-single-line-meta\"><span class=\"vcard\" style=\"display: none;\"><span class=\"fn\"><a href=\"https:\/\/airpura.de\/cs\/author\/webmaster_8r4881n6\/\" title=\"P\u0159\u00edsp\u011bvky od admin\" rel=\"author\">admin<\/a><\/span><\/span><span class=\"updated\" style=\"display:none;\">2022-06-08T14:23:30+02:00<\/span><span>30. \u0159\u00edjna 2020<\/span><span class=\"fusion-inline-sep\">|<\/span><\/p><\/div><div class=\"fusion-clearfix\"><\/div><div class=\"fusion-meta-info\"><div class=\"fusion-alignright\"><a class=\"fusion-read-more\" href=\"https:\/\/airpura.de\/cs\/filtr-ultra-low-penetracni-vzduch-ulpa\/\" aria-label=\"More on FILTR ULTRA Low Penetra\u010dn\u00ed vzduch (ULPA)\">Read More<\/a><\/div><\/div><\/article>\n<article id=\"blog-1-post-24341\" class=\"fusion-post-medium-alternate post-24341 post type-post status-publish format-standard has-post-thumbnail hentry category-zpravy\">\n<div class=\"fusion-date-and-formats\"><div class=\"fusion-date-box updated\"><span class=\"fusion-date\">22<\/span><span class=\"fusion-month-year\">10, 2020<\/span><\/div><div class=\"fusion-format-box\"><i class=\"awb-icon-pen\" aria-hidden=\"true\"><\/i><\/div><\/div>\t<style type=\"text\/css\">\n\t\t\n\t\t\n\t\t\n\t\t\n\t\t\t<\/style>\n\n\n\t\t\t<div class=\"fusion-flexslider flexslider fusion-flexslider-loading fusion-post-slideshow\" style=\"\">\n\t\t<ul class=\"slides\">\n\t\t\t\n\t\t\t\t\t\t\t\t\t\t\t\t\t\t<li><div  class=\"fusion-image-wrapper fusion-image-size-fixed\" aria-haspopup=\"true\">\n\t\t\t\t<img loading=\"lazy\" decoding=\"async\" width=\"320\" height=\"202\" src=\"https:\/\/airpura.de\/wp-content\/uploads\/2020\/10\/image-320x202.jpeg\" class=\"attachment-blog-medium size-blog-medium wp-post-image\" alt=\"\" srcset=\"https:\/\/airpura.de\/wp-content\/uploads\/2020\/10\/image-320x202.jpeg 320w, https:\/\/airpura.de\/wp-content\/uploads\/2020\/10\/image-700x441.jpeg 700w\" sizes=\"auto, (max-width: 320px) 100vw, 320px\" \/><div class=\"fusion-rollover\">\n\t<div class=\"fusion-rollover-content\">\n\n\t\t\t\t\t\t\t\t\t\t\t\t\t\t<a class=\"fusion-rollover-link\" href=\"https:\/\/airpura.de\/cs\/prodejni-partner-eu-chtel\/\">Prodejn\u00ed partner EU cht\u011bl!<\/a>\n\t\t\t\n\t\t\t\t\t\t\t\t\n\t\t\n\t\t\t\t\t\t\t\t\t\t\t\t<h4 class=\"fusion-rollover-title\">\n\t\t\t\t\t<a class=\"fusion-rollover-title-link\" href=\"https:\/\/airpura.de\/cs\/prodejni-partner-eu-chtel\/\">\n\t\t\t\t\t\tProdejn\u00ed partner EU cht\u011bl!\t\t\t\t\t<\/a>\n\t\t\t\t<\/h4>\n\t\t\t\n\t\t\t\t\t\t\t\t\t\t<div class=\"fusion-rollover-categories\"><a href=\"https:\/\/airpura.de\/cs\/category\/zpravy\/\" rel=\"tag\">zpr\u00e1vy<\/a><\/div>\t\t\t\t\t\n\t\t\n\t\t\t\t\t\t<a class=\"fusion-link-wrapper\" href=\"https:\/\/airpura.de\/cs\/prodejni-partner-eu-chtel\/\" aria-label=\"Prodejn\u00ed partner EU cht\u011bl!\"><\/a>\n\t<\/div>\n<\/div>\n<\/div>\n<\/li>\n\t\t\t\n\t\t\t\n\t\t\t\t\t\t\t\t\t\t\t\t\t\t\t\t\t\t\t\t\t\t\t\t\t\t\t\t\t\t\t\t\t\t\t\t\t\t\t\t\t\t\t\t\t\t\t\t\t\t\t\t\t\t\t\t\t\t\t\t\t\t\t\t\t\t\t\t<\/ul>\n\t<\/div>\n\t<div class=\"fusion-post-content post-content\"><h2 class=\"blog-shortcode-post-title entry-title\"><a href=\"https:\/\/airpura.de\/cs\/prodejni-partner-eu-chtel\/\">Prodejn\u00ed partner EU cht\u011bl!<\/a><\/h2><p class=\"fusion-single-line-meta\"><span class=\"vcard\" style=\"display: none;\"><span class=\"fn\"><a href=\"https:\/\/airpura.de\/cs\/author\/webmaster_8r4881n6\/\" title=\"P\u0159\u00edsp\u011bvky od admin\" rel=\"author\">admin<\/a><\/span><\/span><span class=\"updated\" style=\"display:none;\">2022-06-08T14:23:31+02:00<\/span><span>22. \u0159\u00edjna 2020<\/span><span class=\"fusion-inline-sep\">|<\/span><\/p><\/div><div class=\"fusion-clearfix\"><\/div><div class=\"fusion-meta-info\"><div class=\"fusion-alignright\"><a class=\"fusion-read-more\" href=\"https:\/\/airpura.de\/cs\/prodejni-partner-eu-chtel\/\" aria-label=\"More on Prodejn\u00ed partner EU cht\u011bl!\">Read More<\/a><\/div><\/div><\/article>\n<\/div><\/div><\/div><\/div><\/div><\/div><\/p>\n","protected":false},"excerpt":{"rendered":"","protected":false},"author":1,"featured_media":0,"parent":0,"menu_order":0,"comment_status":"closed","ping_status":"closed","template":"","meta":{"_acf_changed":false,"footnotes":""},"class_list":["post-23667","page","type-page","status-publish","hentry"],"acf":[],"_links":{"self":[{"href":"https:\/\/airpura.de\/cs\/wp-json\/wp\/v2\/pages\/23667","targetHints":{"allow":["GET"]}}],"collection":[{"href":"https:\/\/airpura.de\/cs\/wp-json\/wp\/v2\/pages"}],"about":[{"href":"https:\/\/airpura.de\/cs\/wp-json\/wp\/v2\/types\/page"}],"author":[{"embeddable":true,"href":"https:\/\/airpura.de\/cs\/wp-json\/wp\/v2\/users\/1"}],"replies":[{"embeddable":true,"href":"https:\/\/airpura.de\/cs\/wp-json\/wp\/v2\/comments?post=23667"}],"version-history":[{"count":2,"href":"https:\/\/airpura.de\/cs\/wp-json\/wp\/v2\/pages\/23667\/revisions"}],"predecessor-version":[{"id":23670,"href":"https:\/\/airpura.de\/cs\/wp-json\/wp\/v2\/pages\/23667\/revisions\/23670"}],"wp:attachment":[{"href":"https:\/\/airpura.de\/cs\/wp-json\/wp\/v2\/media?parent=23667"}],"curies":[{"name":"wp","href":"https:\/\/api.w.org\/{rel}","templated":true}]}}